{"id":1470,"date":"2020-07-29T12:08:32","date_gmt":"2020-07-29T15:08:32","guid":{"rendered":"http:\/\/roo.fmrp.usp.br\/?page_id=1470"},"modified":"2025-06-05T10:46:43","modified_gmt":"2025-06-05T13:46:43","slug":"linhas-de-pesquisa","status":"publish","type":"page","link":"https:\/\/roo.fmrp.usp.br\/en\/linhas-de-pesquisa\/","title":{"rendered":"Researches"},"content":{"rendered":"\t\t<div data-elementor-type=\"wp-page\" data-elementor-id=\"1470\" class=\"elementor elementor-1470\" data-elementor-post-type=\"page\">\n\t\t\t\t<div class=\"elementor-element elementor-element-2ddefb5 e-flex e-con-boxed e-con e-parent\" data-id=\"2ddefb5\" data-element_type=\"container\">\n\t\t\t\t\t<div class=\"e-con-inner\">\n\t\t\t\t<div class=\"elementor-element elementor-element-f31f0d8 elementor-widget elementor-widget-heading\" data-id=\"f31f0d8\" data-element_type=\"widget\" data-widget_type=\"heading.default\">\n\t\t\t\t<div class=\"elementor-widget-container\">\n\t\t\t<h1 class=\"elementor-heading-title elementor-size-default\">Linhas de Pesquisa<\/h1>\t\t<\/div>\n\t\t\t\t<\/div>\n\t\t\t\t<div class=\"elementor-element elementor-element-476e27b elementor-widget elementor-widget-text-editor\" data-id=\"476e27b\" data-element_type=\"widget\" data-widget_type=\"text-editor.default\">\n\t\t\t\t<div class=\"elementor-widget-container\">\n\t\t\t\t\t\t\t<p><span style=\"font-family: arial, helvetica, sans-serif; font-size: 12pt; color: #000000;\">Confira as <strong>linhas de pesquisa<\/strong> desenvolvidas pelos docentes do Departamento de Oftalmologia, Otorrinolaringologia e Cirurgia de Cabe\u00e7a e Pesco\u00e7o da Faculdade de Medicina de Ribeir\u00e3o Preto. Para mais informa\u00e7\u00f5es sobre os projetos em andamento, entre em contato com o professor da \u00e1rea de interesse.<\/span><\/p>\t\t\t\t\t\t<\/div>\n\t\t\t\t<\/div>\n\t\t<div class=\"elementor-element elementor-element-dbff1da e-con-full e-flex e-con e-child\" data-id=\"dbff1da\" data-element_type=\"container\">\n\t\t\t\t<div class=\"elementor-element elementor-element-71f5bdb elementor-widget elementor-widget-text-editor\" data-id=\"71f5bdb\" data-element_type=\"widget\" data-widget_type=\"text-editor.default\">\n\t\t\t\t<div class=\"elementor-widget-container\">\n\t\t\t\t\t\t\t<p style=\"text-align: center;\"><span style=\"font-family: arial, helvetica, sans-serif; font-size: 12pt; color: #000000;\">ANATOMOPHYSIOPATHOLOGY OF VISUAL AND AUDIO-VESTIBULAR SYSTEMS AND THEIR CONNECTIONS<\/span><\/p><blockquote><p><span style=\"font-family: arial, helvetica, sans-serif; font-size: 12pt; color: #000000;\"><b>Docentes:<br \/><\/b><\/span><span style=\"font-family: arial, helvetica, sans-serif; font-size: 12pt; color: #000000;\">Prof. Dr. Miguel \u00c2ngelo Hyppolito <a href=\"https:\/\/bv.fapesp.br\/pt\/pesquisador\/33524\/miguel-angelo-hyppolito\/\"><span style=\"font-size: 10pt; color: #3366ff;\">&#8211; BV FAPESP<\/span><\/a><br \/><\/span><span style=\"font-family: arial, helvetica, sans-serif; font-size: 12pt; color: #000000;\">Prof. Dr. Eduardo Tanaka Massuda <a href=\"https:\/\/bv.fapesp.br\/pt\/pesquisador\/685247\/eduardo-tanaka-massuda\/\"><span style=\"font-size: 10pt; color: #3366ff;\">&#8211; BV FAPESP<\/span><\/a><\/span><\/p><\/blockquote>\t\t\t\t\t\t<\/div>\n\t\t\t\t<\/div>\n\t\t\t\t<div class=\"elementor-element elementor-element-c3c6202 elementor-widget elementor-widget-text-editor\" data-id=\"c3c6202\" data-element_type=\"widget\" data-widget_type=\"text-editor.default\">\n\t\t\t\t<div class=\"elementor-widget-container\">\n\t\t\t\t\t\t\t<p style=\"text-align: left;\"><span style=\"font-family: arial, helvetica, sans-serif; font-size: 12pt; color: #000000;\">PATHOPHYSIOLOGY OF UPPER AIRWAYS DISEASES<\/span><\/p><blockquote><p><span style=\"font-family: arial, helvetica, sans-serif; font-size: 12pt; color: #000000;\"><b>Docentes:<br \/><\/b><\/span><span style=\"font-family: arial, helvetica, sans-serif; font-size: 12pt; color: #000000;\">Prof. Dr. Edwin Tamashiro <a href=\"https:\/\/bv.fapesp.br\/pt\/pesquisador\/29682\/edwin-tamashiro\/\"><span style=\"font-size: 10pt; color: #3366ff;\">&#8211; BV FAPESP<\/span><\/a><br \/><\/span><span style=\"font-family: arial, helvetica, sans-serif; font-size: 12pt; color: #000000;\">Profa. Dra. Wilma Anselmo-Lima<a href=\"https:\/\/bv.fapesp.br\/pt\/pesquisador\/1003\/wilma-terezinha-anselmo-lima\/\"> <span style=\"font-size: 10pt; color: #3366ff;\">&#8211; BV FAPESP<\/span><\/a><br \/><\/span><span style=\"font-family: arial, helvetica, sans-serif; font-size: 12pt; color: #000000;\">Profa. Dra. Fabiana Cardoso Pereira Valera <a href=\"https:\/\/bv.fapesp.br\/pt\/pesquisador\/32053\/fabiana-cardoso-pereira-valera\/\"><span style=\"font-size: 10pt; color: #3366ff;\">&#8211; BV FAPESP<\/span><\/a><\/span><\/p><\/blockquote>\t\t\t\t\t\t<\/div>\n\t\t\t\t<\/div>\n\t\t\t\t<div class=\"elementor-element elementor-element-9e6c397 elementor-widget elementor-widget-text-editor\" data-id=\"9e6c397\" data-element_type=\"widget\" data-widget_type=\"text-editor.default\">\n\t\t\t\t<div class=\"elementor-widget-container\">\n\t\t\t\t\t\t\t<p style=\"text-align: center;\"><span style=\"font-family: arial, helvetica, sans-serif; font-size: 12pt; color: #000000;\">PATHOPHYSIOLOGY OF HEAD AND NECK NEOPLASMS<\/span><\/p><blockquote><p><span style=\"font-family: arial, helvetica, sans-serif; font-size: 12pt; color: #000000;\"><b>Docentes:<br \/><\/b><\/span><span style=\"font-family: arial, helvetica, sans-serif; font-size: 12pt; color: #000000;\">Prof. Dr. Francisco Ver\u00edssimo de Mello-Filho <a href=\"https:\/\/bv.fapesp.br\/pt\/pesquisador\/86855\/francisco-verissimo-de-mello-filho\/\"><span style=\"font-size: 10pt; color: #3366ff;\">&#8211; BV FAPESP<\/span><\/a><br \/><\/span><span style=\"font-family: arial, helvetica, sans-serif; font-size: 12pt; color: #000000;\">Prof. Dr. Luiz Carlos Conti de Freitas <a href=\"https:\/\/bv.fapesp.br\/pt\/pesquisador\/698681\/luiz-carlos-conti-de-freitas\/\"><span style=\"font-size: 10pt; color: #3366ff;\">&#8211; BV FAPESP<\/span><\/a><br \/><\/span><span style=\"font-family: arial, helvetica, sans-serif; font-size: 12pt; color: #000000;\">Prof. Dr.\u00a0 Hilton Marcos Alves Ricz <a href=\"https:\/\/bv.fapesp.br\/pt\/pesquisador\/92958\/hilton-marcos-alves-ricz\/\"><span style=\"font-size: 10pt; color: #3366ff;\">&#8211; BV FAPESP<\/span><\/a><\/span><\/p><\/blockquote>\t\t\t\t\t\t<\/div>\n\t\t\t\t<\/div>\n\t\t\t\t<div class=\"elementor-element elementor-element-d132a6f elementor-widget elementor-widget-text-editor\" data-id=\"d132a6f\" data-element_type=\"widget\" data-widget_type=\"text-editor.default\">\n\t\t\t\t<div class=\"elementor-widget-container\">\n\t\t\t\t\t\t\t<p style=\"text-align: center;\"><span style=\"font-family: arial, helvetica, sans-serif; font-size: 12pt; color: #000000;\">ANATOMOPHYSIOPATHOLOGY AND THERAPEUTIC OF THE ANTERIOR AND POSTERIOR EYE SEGMENTS<\/span><\/p><blockquote><p><span style=\"font-family: arial, helvetica, sans-serif; font-size: 12pt; color: #000000;\"><b>Docentes:<br \/><\/b><\/span><span style=\"font-family: arial, helvetica, sans-serif; font-size: 12pt; color: #000000;\">Prof. Dr.\u00a0 Andr\u00e9 Marcio Vieira Messias <a href=\"https:\/\/bv.fapesp.br\/pt\/pesquisador\/2961\/andre-marcio-vieira-messias\/\"><span style=\"font-size: 10pt; color: #3366ff;\">&#8211; BV FAPESP<\/span><\/a><br \/><\/span><span style=\"font-family: arial, helvetica, sans-serif; font-size: 12pt; color: #000000;\">Prof. Dr. Eduardo Melani Rocha <a href=\"https:\/\/bv.fapesp.br\/pt\/pesquisador\/7708\/eduardo-melani-rocha\/\"><span style=\"font-size: 10pt; color: #3366ff;\">&#8211; BV FAPESP<\/span><\/a><br \/><\/span><span style=\"font-family: arial, helvetica, sans-serif; font-size: 12pt; color: #000000;\">Prof. Dr. Jayter Silva de Paula <a href=\"https:\/\/bv.fapesp.br\/pt\/pesquisador\/33521\/jayter-silva-de-paula\/\"><span style=\"font-size: 10pt; color: #3366ff;\">&#8211; BV FAPESP<\/span><\/a><br \/><\/span><span style=\"font-family: arial, helvetica, sans-serif; font-size: 12pt; color: #000000;\">Prof. Dr. Rodrigo Jorge <a href=\"https:\/\/bv.fapesp.br\/pt\/pesquisador\/7153\/rodrigo-jorge\/\"><span style=\"font-size: 10pt; color: #3366ff;\">&#8211; BV FAPESP<\/span><\/a><\/span><\/p><\/blockquote>\t\t\t\t\t\t<\/div>\n\t\t\t\t<\/div>\n\t\t\t\t<div class=\"elementor-element elementor-element-f23b17e elementor-widget elementor-widget-text-editor\" data-id=\"f23b17e\" data-element_type=\"widget\" data-widget_type=\"text-editor.default\">\n\t\t\t\t<div class=\"elementor-widget-container\">\n\t\t\t\t\t\t\t<p style=\"text-align: center;\"><span style=\"font-family: arial, helvetica, sans-serif; font-size: 12pt; color: #000000;\">CLINICAL AND EPIDEMIOLOGICAL ASPECTS OF SENSORY DEFICIENCY<\/span><\/p><blockquote><p><span style=\"font-family: arial, helvetica, sans-serif; font-size: 12pt; color: #000000;\"><b>Docentes:<br \/><\/b><\/span><span style=\"font-family: arial, helvetica, sans-serif; font-size: 12pt; color: #000000;\">Prof. Dr. Andr\u00e9 Marcio Vieira Messias <a href=\"https:\/\/bv.fapesp.br\/pt\/pesquisador\/2961\/andre-marcio-vieira-messias\/\"><span style=\"font-size: 10pt; color: #3366ff;\">&#8211; BV FAPESP<\/span><\/a><br \/><\/span><span style=\"font-family: arial, helvetica, sans-serif; font-size: 12pt; color: #000000;\">Prof. Dr. Jayter Silva de Paula <a href=\"https:\/\/bv.fapesp.br\/pt\/pesquisador\/33521\/jayter-silva-de-paula\/\"><span style=\"font-size: 10pt; color: #3366ff;\">&#8211; BV FAPESP<\/span><\/a><br \/><\/span><span style=\"font-family: arial, helvetica, sans-serif; font-size: 12pt; color: #000000;\">Prof. Dr. Jo\u00e3o Marcello F. Furtado <a href=\"https:\/\/bv.fapesp.br\/pt\/pesquisador\/67507\/joao-marcello-fortes-furtado\/\"><span style=\"font-size: 10pt; color: #3366ff;\">&#8211; BV FAPESP<\/span><\/a><br \/><\/span><span style=\"font-family: arial, helvetica, sans-serif; font-size: 12pt; color: #000000;\">Prof. Dr. Rodrigo Jorge <a href=\"https:\/\/bv.fapesp.br\/pt\/pesquisador\/7153\/rodrigo-jorge\/\"><span style=\"font-size: 10pt; color: #3366ff;\">&#8211; BV FAPESP<\/span><\/a><\/span><\/p><\/blockquote>\t\t\t\t\t\t<\/div>\n\t\t\t\t<\/div>\n\t\t\t\t<div class=\"elementor-element elementor-element-73e2cdf elementor-widget elementor-widget-text-editor\" data-id=\"73e2cdf\" data-element_type=\"widget\" data-widget_type=\"text-editor.default\">\n\t\t\t\t<div class=\"elementor-widget-container\">\n\t\t\t\t\t\t\t<p style=\"text-align: center;\"><span style=\"font-family: arial, helvetica, sans-serif; font-size: 12pt; color: #000000;\">MORPHOFUNCTIONAL ASPECTS OF THE CRANIO-CERVIC-FACIAL COMPLEX<\/span><\/p><blockquote><p><span style=\"font-family: arial, helvetica, sans-serif; font-size: 12pt; color: #000000;\"><b>Docentes:<br \/><\/b><\/span><span style=\"font-family: arial, helvetica, sans-serif; font-size: 12pt; color: #000000;\">Prof. Dr. Andr\u00e9 Marcio Vieira Messias <a href=\"https:\/\/bv.fapesp.br\/pt\/pesquisador\/2961\/andre-marcio-vieira-messias\/\"><span style=\"font-size: 10pt; color: #3366ff;\">&#8211; BV FAPESP<\/span><\/a><\/span><span style=\"font-family: arial, helvetica, sans-serif; font-size: 12pt; color: #000000;\"><br \/><\/span><span style=\"font-family: arial, helvetica, sans-serif; font-size: 12pt; color: #000000;\">Prof. Dr. Edwin Tamashiro<a href=\"https:\/\/bv.fapesp.br\/pt\/pesquisador\/29682\/edwin-tamashiro\/\"> <span style=\"font-size: 10pt; color: #3366ff;\">&#8211; BV FAPESP<\/span><\/a><br \/><\/span><span style=\"font-family: arial, helvetica, sans-serif; font-size: 12pt; color: #000000;\">Prof. Dr. Francisco Ver\u00edssimo de Mello-Filho <a href=\"https:\/\/bv.fapesp.br\/pt\/pesquisador\/86855\/francisco-verissimo-de-mello-filho\/\"><span style=\"font-size: 10pt; color: #3366ff;\">&#8211; BV FAPESP<\/span><\/a><br \/><\/span><span style=\"font-family: arial, helvetica, sans-serif; font-size: 12pt; color: #000000;\">Prof. Dr. Hilton Marcos Alves Ricz <a href=\"https:\/\/bv.fapesp.br\/pt\/pesquisador\/92958\/hilton-marcos-alves-ricz\/\"><span style=\"font-size: 10pt; color: #3366ff;\">&#8211; BV FAPESP<\/span><\/a><br \/><\/span><span style=\"font-family: arial, helvetica, sans-serif; font-size: 12pt; color: #000000;\">Profa. Dra. Lilian Neto Aguiar Ricz <a href=\"https:\/\/bv.fapesp.br\/pt\/pesquisador\/8793\/lilian-neto-aguiar-ricz\/\"><span style=\"font-size: 10pt; color: #3366ff;\">&#8211; BV FAPESP<\/span><\/a><br \/><\/span><span style=\"font-family: arial, helvetica, sans-serif; font-size: 12pt; color: #000000;\">Profa. Dra. Luciana V. Voi Trawitzki <a href=\"https:\/\/bv.fapesp.br\/pt\/pesquisador\/8722\/luciana-vitaliano-voi-trawitzki\/\"><span style=\"font-size: 10pt; color: #3366ff;\">&#8211; BV FAPESP<\/span><\/a><br \/><\/span><span style=\"font-family: arial, helvetica, sans-serif; font-size: 12pt; color: #000000;\">Prof. Dr. Luiz Carlos Conti de Freitas <a href=\"https:\/\/bv.fapesp.br\/pt\/pesquisador\/698681\/luiz-carlos-conti-de-freitas\/\"><span style=\"font-size: 10pt; color: #3366ff;\">&#8211; BV FAPESP<\/span><\/a><br \/><\/span><span style=\"font-family: arial, helvetica, sans-serif; font-size: 12pt; color: #000000;\">Prof. Dr. Antonio Augusto Velasco e Cruz <a href=\"https:\/\/bv.fapesp.br\/pt\/pesquisador\/4798\/antonio-augusto-velasco-e-cruz\/\"><span style=\"font-size: 10pt; color: #3366ff;\">&#8211; BV FAPESP<\/span><\/a><br \/><\/span><span style=\"font-family: arial, helvetica, sans-serif; font-size: 12pt; color: #000000;\">Profa. Dra.\u00a0 Wilma Anselmo-Lima<a href=\"https:\/\/bv.fapesp.br\/pt\/pesquisador\/1003\/wilma-terezinha-anselmo-lima\/\"> <span style=\"font-size: 10pt; color: #3366ff;\">&#8211; BV FAPESP<\/span><\/a><\/span><\/p><\/blockquote>\t\t\t\t\t\t<\/div>\n\t\t\t\t<\/div>\n\t\t\t\t<\/div>\n\t\t\t\t\t<\/div>\n\t\t\t\t<\/div>\n\t\t\t\t<\/div>\n\t\t","protected":false},"excerpt":{"rendered":"<p>Linhas de Pesquisa Confira as linhas de pesquisa desenvolvidas pelos docentes do Departamento de Oftalmologia, Otorrinolaringologia e Cirurgia de Cabe\u00e7a e Pesco\u00e7o da Faculdade de Medicina de Ribeir\u00e3o Preto. Para mais informa\u00e7\u00f5es sobre os projetos em andamento, entre em contato com o professor da \u00e1rea de interesse. ANATOMOPHYSIOPATHOLOGY OF VISUAL AND AUDIO-VESTIBULAR SYSTEMS AND THEIR [&hellip;]<\/p>\n","protected":false},"author":21994,"featured_media":0,"parent":0,"menu_order":0,"comment_status":"closed","ping_status":"closed","template":"elementor_theme","meta":{"ocean_post_layout":"","ocean_both_sidebars_style":"","ocean_both_sidebars_content_width":0,"ocean_both_sidebars_sidebars_width":0,"ocean_sidebar":"0","ocean_second_sidebar":"0","ocean_disable_margins":"enable","ocean_add_body_class":"","ocean_shortcode_before_top_bar":"","ocean_shortcode_after_top_bar":"","ocean_shortcode_before_header":"","ocean_shortcode_after_header":"","ocean_has_shortcode":"","ocean_shortcode_after_title":"","ocean_shortcode_before_footer_widgets":"","ocean_shortcode_after_footer_widgets":"","ocean_shortcode_before_footer_bottom":"","ocean_shortcode_after_footer_bottom":"","ocean_display_top_bar":"default","ocean_display_header":"default","ocean_header_style":"","ocean_center_header_left_menu":"0","ocean_custom_header_template":"0","ocean_custom_logo":0,"ocean_custom_retina_logo":0,"ocean_custom_logo_max_width":0,"ocean_custom_logo_tablet_max_width":0,"ocean_custom_logo_mobile_max_width":0,"ocean_custom_logo_max_height":0,"ocean_custom_logo_tablet_max_height":0,"ocean_custom_logo_mobile_max_height":0,"ocean_header_custom_menu":"0","ocean_menu_typo_font_family":"0","ocean_menu_typo_font_subset":"","ocean_menu_typo_font_size":0,"ocean_menu_typo_font_size_tablet":0,"ocean_menu_typo_font_size_mobile":0,"ocean_menu_typo_font_size_unit":"px","ocean_menu_typo_font_weight":"","ocean_menu_typo_font_weight_tablet":"","ocean_menu_typo_font_weight_mobile":"","ocean_menu_typo_transform":"","ocean_menu_typo_transform_tablet":"","ocean_menu_typo_transform_mobile":"","ocean_menu_typo_line_height":0,"ocean_menu_typo_line_height_tablet":0,"ocean_menu_typo_line_height_mobile":0,"ocean_menu_typo_line_height_unit":"","ocean_menu_typo_spacing":0,"ocean_menu_typo_spacing_tablet":0,"ocean_menu_typo_spacing_mobile":0,"ocean_menu_typo_spacing_unit":"","ocean_menu_link_color":"","ocean_menu_link_color_hover":"","ocean_menu_link_color_active":"","ocean_menu_link_background":"","ocean_menu_link_hover_background":"","ocean_menu_link_active_background":"","ocean_menu_social_links_bg":"","ocean_menu_social_hover_links_bg":"","ocean_menu_social_links_color":"","ocean_menu_social_hover_links_color":"","ocean_disable_title":"default","ocean_disable_heading":"on","ocean_post_title":"","ocean_post_subheading":"","ocean_post_title_style":"","ocean_post_title_background_color":"","ocean_post_title_background":0,"ocean_post_title_bg_image_position":"","ocean_post_title_bg_image_attachment":"","ocean_post_title_bg_image_repeat":"","ocean_post_title_bg_image_size":"","ocean_post_title_height":0,"ocean_post_title_bg_overlay":0.5,"ocean_post_title_bg_overlay_color":"","ocean_disable_breadcrumbs":"default","ocean_breadcrumbs_color":"","ocean_breadcrumbs_separator_color":"","ocean_breadcrumbs_links_color":"","ocean_breadcrumbs_links_hover_color":"","ocean_display_footer_widgets":"default","ocean_display_footer_bottom":"default","ocean_custom_footer_template":"0","footnotes":"","_links_to":"","_links_to_target":""},"class_list":["post-1470","page","type-page","status-publish","hentry","entry"],"_links":{"self":[{"href":"https:\/\/roo.fmrp.usp.br\/en\/wp-json\/wp\/v2\/pages\/1470","targetHints":{"allow":["GET"]}}],"collection":[{"href":"https:\/\/roo.fmrp.usp.br\/en\/wp-json\/wp\/v2\/pages"}],"about":[{"href":"https:\/\/roo.fmrp.usp.br\/en\/wp-json\/wp\/v2\/types\/page"}],"author":[{"embeddable":true,"href":"https:\/\/roo.fmrp.usp.br\/en\/wp-json\/wp\/v2\/users\/21994"}],"replies":[{"embeddable":true,"href":"https:\/\/roo.fmrp.usp.br\/en\/wp-json\/wp\/v2\/comments?post=1470"}],"version-history":[{"count":4,"href":"https:\/\/roo.fmrp.usp.br\/en\/wp-json\/wp\/v2\/pages\/1470\/revisions"}],"predecessor-version":[{"id":3326,"href":"https:\/\/roo.fmrp.usp.br\/en\/wp-json\/wp\/v2\/pages\/1470\/revisions\/3326"}],"wp:attachment":[{"href":"https:\/\/roo.fmrp.usp.br\/en\/wp-json\/wp\/v2\/media?parent=1470"}],"curies":[{"name":"wp","href":"https:\/\/api.w.org\/{rel}","templated":true}]}}