{"id":3178,"date":"2025-05-27T09:15:59","date_gmt":"2025-05-27T12:15:59","guid":{"rendered":"https:\/\/roo.fmrp.usp.br\/?page_id=3178"},"modified":"2025-05-27T10:12:38","modified_gmt":"2025-05-27T13:12:38","slug":"estagio","status":"publish","type":"page","link":"https:\/\/roo.fmrp.usp.br\/en\/estagio\/","title":{"rendered":"(Portugu\u00eas) Est\u00e1gio"},"content":{"rendered":"\t\t<div data-elementor-type=\"wp-page\" data-elementor-id=\"3178\" class=\"elementor elementor-3178\" data-elementor-post-type=\"page\">\n\t\t\t\t<div class=\"elementor-element elementor-element-f482681 e-flex e-con-boxed e-con e-parent\" data-id=\"f482681\" data-element_type=\"container\">\n\t\t\t\t\t<div class=\"e-con-inner\">\n\t\t\t\t<div class=\"elementor-element elementor-element-fb8c962 elementor-widget elementor-widget-heading\" data-id=\"fb8c962\" data-element_type=\"widget\" data-widget_type=\"heading.default\">\n\t\t\t\t<div class=\"elementor-widget-container\">\n\t\t\t<h1 class=\"elementor-heading-title elementor-size-default\">Est\u00e1gio<\/h1>\t\t<\/div>\n\t\t\t\t<\/div>\n\t\t\t\t\t<\/div>\n\t\t\t\t<\/div>\n\t\t<div class=\"elementor-element elementor-element-4cfee13 e-flex e-con-boxed e-con e-parent\" data-id=\"4cfee13\" data-element_type=\"container\">\n\t\t\t\t\t<div class=\"e-con-inner\">\n\t\t\t\t\t<\/div>\n\t\t\t\t<\/div>\n\t\t<div class=\"elementor-element elementor-element-2208fbb e-grid e-con-boxed e-con e-parent\" data-id=\"2208fbb\" data-element_type=\"container\">\n\t\t\t\t\t<div class=\"e-con-inner\">\n\t\t\t\t<div class=\"elementor-element elementor-element-f6724a2 elementor-widget elementor-widget-text-editor\" data-id=\"f6724a2\" data-element_type=\"widget\" data-widget_type=\"text-editor.default\">\n\t\t\t\t<div class=\"elementor-widget-container\">\n\t\t\t\t\t\t\t<p><span style=\"font-family: arial, helvetica, sans-serif; font-size: 12pt; color: #000000;\">De acordo com o Artigo 1\u00ba da Portaria HCFMRP-USP 186\/2018, o Hospital poder\u00e1 oferecer est\u00e1gios e atividades complementares a estudantes e profissionais das \u00e1reas m\u00e9dicas, param\u00e9dicas e profissionalizantes em sua \u00e1rea de atua\u00e7\u00e3o, de acordo com as disponibilidades de vagas do Servi\u00e7o de Interesse do candidato. Para os alunos ou profissionais interessados em est\u00e1gios no HCFMR-USP<strong>:<\/strong><\/span><\/p><ul><li><span style=\"font-family: arial, helvetica, sans-serif; font-size: 12pt; color: #000000;\">Para alunos visitantes de outras institui\u00e7\u00f5es de ensino o prazo m\u00e1ximo de visita \u00e9 de <strong>uma semana<\/strong>, os alunos visitantes n\u00e3o poder\u00e3o ter participa\u00e7\u00e3o direta no atendimento dos pacientes;\u00a0<\/span><\/li><li><span style=\"font-family: arial, helvetica, sans-serif; font-size: 12pt; color: #000000;\">Para est\u00e1gio de residentes m\u00e9dicos de outras institui\u00e7\u00f5es <strong>credenciadas ao CRNM<\/strong> (Conselho Regional de Resid\u00eancia M\u00e9dica) o <strong>per\u00edodo m\u00e1ximo\u00a0 \u00e9 de at\u00e9 30 dias;<\/strong><\/span><\/li><li><span style=\"font-family: arial, helvetica, sans-serif; font-size: 12pt; color: #000000;\">Para est\u00e1gio de residentes ou especialistas m\u00e9dicos de outras institui\u00e7\u00f5es <strong>n\u00e3o credenciados<\/strong> ao <strong>CRNM<\/strong> (Conselho Regional de Resid\u00eancia M\u00e9dica) o<strong> per\u00edodo m\u00e1ximo \u00e9 de at\u00e9 14 dias;<\/strong><\/span><\/li><li><span style=\"font-family: arial, helvetica, sans-serif; font-size: 12pt; color: #000000;\">Para profissionais a Complementa\u00e7\u00e3o Especializada (Fellow) o <strong>per\u00edodo de um ano com 40 horas semanais<\/strong>. Os interessados podem acompanhar\u00a0 o processo de inscri\u00e7\u00e3o site <strong><a style=\"color: #000000;\" href=\"https:\/\/site.hcrp.usp.br\/complementacao-especializada\/\" target=\"_blank\" rel=\"noopener\" data-saferedirecturl=\"https:\/\/www.google.com\/url?q=https:\/\/site.hcrp.usp.br\/complementacao-especializada\/&amp;source=gmail&amp;ust=1632832179827000&amp;usg=AFQjCNHJPx6SHmJYh9JZpvk-2i7lfrGfmQ\">https:\/\/site.hcrp.usp.br\/<wbr \/>complementacao-especializada\/;<\/a><\/strong><\/span><\/li><li><span style=\"font-family: arial, helvetica, sans-serif; font-size: 12pt; color: #000000;\">Quando for solicitar o est\u00e1gio ao docente respons\u00e1vel informar o per\u00edodo que deseja realizar o est\u00e1gio;<\/span><\/li><li><span style=\"font-family: arial, helvetica, sans-serif; font-size: 12pt; color: #000000;\">O candidato ao est\u00e1gio optativo dever\u00e1 <strong>contratar seguro contra acidentes pessoais para o per\u00edodo de est\u00e1gio.<\/strong><\/span><\/li><\/ul><p><span style=\"font-family: arial, helvetica, sans-serif; font-size: 12pt; color: #000000;\">Todas as modalidades acima s\u00e3o regidas pela <span style=\"color: #3366ff;\"><a style=\"color: #3366ff;\" href=\"https:\/\/site.hcrp.usp.br\/wp-content\/uploads\/2021\/10\/PortariaHCRP186.pdf\" target=\"_blank\" rel=\"noopener\">Portaria HCFMRP-USP 186\/2018<\/a><\/span> e todos os interessados est\u00e3o sujeitos \u00e0 ela.\u00a0<\/span><\/p><p><span style=\"font-family: arial, helvetica, sans-serif; font-size: 12pt; color: #000000;\">Para mais informa\u00e7\u00f5es sobre as atividades de est\u00e1gio acesse o site do HCFMRP-USP <span style=\"color: #3366ff;\"><a style=\"color: #3366ff;\" href=\"https:\/\/site.hcrp.usp.br\/estagios\/\" target=\"_blank\" rel=\"noopener\">aqui<\/a><\/span>!<\/span><\/p>\t\t\t\t\t\t<\/div>\n\t\t\t\t<\/div>\n\t\t\t\t<div class=\"elementor-element elementor-element-df50e03 elementor-widget elementor-widget-image\" data-id=\"df50e03\" data-element_type=\"widget\" data-widget_type=\"image.default\">\n\t\t\t\t<div class=\"elementor-widget-container\">\n\t\t\t\t\t\t\t\t\t\t\t\t\t<img fetchpriority=\"high\" decoding=\"async\" width=\"500\" height=\"500\" src=\"https:\/\/roo.fmrp.usp.br\/wp-content\/uploads\/sites\/330\/2025\/05\/EVENTOS-5.png\" class=\"attachment-large size-large wp-image-3198\" alt=\"\" srcset=\"https:\/\/roo.fmrp.usp.br\/wp-content\/uploads\/sites\/330\/2025\/05\/EVENTOS-5.png 500w, https:\/\/roo.fmrp.usp.br\/wp-content\/uploads\/sites\/330\/2025\/05\/EVENTOS-5-300x300.png 300w, https:\/\/roo.fmrp.usp.br\/wp-content\/uploads\/sites\/330\/2025\/05\/EVENTOS-5-150x150.png 150w, https:\/\/roo.fmrp.usp.br\/wp-content\/uploads\/sites\/330\/2025\/05\/EVENTOS-5-64x64.png 64w, https:\/\/roo.fmrp.usp.br\/wp-content\/uploads\/sites\/330\/2025\/05\/EVENTOS-5-45x45.png 45w, https:\/\/roo.fmrp.usp.br\/wp-content\/uploads\/sites\/330\/2025\/05\/EVENTOS-5-200x200.png 200w, https:\/\/roo.fmrp.usp.br\/wp-content\/uploads\/sites\/330\/2025\/05\/EVENTOS-5-400x400.png 400w, https:\/\/roo.fmrp.usp.br\/wp-content\/uploads\/sites\/330\/2025\/05\/EVENTOS-5-375x375.png 375w\" sizes=\"(max-width: 500px) 100vw, 500px\" \/>\t\t\t\t\t\t\t\t\t\t\t\t\t<\/div>\n\t\t\t\t<\/div>\n\t\t\t\t\t<\/div>\n\t\t\t\t<\/div>\n\t\t\t\t<\/div>\n\t\t","protected":false},"excerpt":{"rendered":"<p>Est\u00e1gio De acordo com o Artigo 1\u00ba da Portaria HCFMRP-USP 186\/2018, o Hospital poder\u00e1 oferecer est\u00e1gios e atividades complementares a estudantes e profissionais das \u00e1reas m\u00e9dicas, param\u00e9dicas e profissionalizantes em sua \u00e1rea de atua\u00e7\u00e3o, de acordo com as disponibilidades de vagas do Servi\u00e7o de Interesse do candidato. Para os alunos ou profissionais interessados em est\u00e1gios [&hellip;]<\/p>\n","protected":false},"author":24712,"featured_media":0,"parent":0,"menu_order":0,"comment_status":"closed","ping_status":"closed","template":"elementor_theme","meta":{"ocean_post_layout":"","ocean_both_sidebars_style":"","ocean_both_sidebars_content_width":0,"ocean_both_sidebars_sidebars_width":0,"ocean_sidebar":"0","ocean_second_sidebar":"0","ocean_disable_margins":"enable","ocean_add_body_class":"","ocean_shortcode_before_top_bar":"","ocean_shortcode_after_top_bar":"","ocean_shortcode_before_header":"","ocean_shortcode_after_header":"","ocean_has_shortcode":"","ocean_shortcode_after_title":"","ocean_shortcode_before_footer_widgets":"","ocean_shortcode_after_footer_widgets":"","ocean_shortcode_before_footer_bottom":"","ocean_shortcode_after_footer_bottom":"","ocean_display_top_bar":"default","ocean_display_header":"default","ocean_header_style":"","ocean_center_header_left_menu":"0","ocean_custom_header_template":"0","ocean_custom_logo":0,"ocean_custom_retina_logo":0,"ocean_custom_logo_max_width":0,"ocean_custom_logo_tablet_max_width":0,"ocean_custom_logo_mobile_max_width":0,"ocean_custom_logo_max_height":0,"ocean_custom_logo_tablet_max_height":0,"ocean_custom_logo_mobile_max_height":0,"ocean_header_custom_menu":"0","ocean_menu_typo_font_family":"0","ocean_menu_typo_font_subset":"","ocean_menu_typo_font_size":0,"ocean_menu_typo_font_size_tablet":0,"ocean_menu_typo_font_size_mobile":0,"ocean_menu_typo_font_size_unit":"px","ocean_menu_typo_font_weight":"","ocean_menu_typo_font_weight_tablet":"","ocean_menu_typo_font_weight_mobile":"","ocean_menu_typo_transform":"","ocean_menu_typo_transform_tablet":"","ocean_menu_typo_transform_mobile":"","ocean_menu_typo_line_height":0,"ocean_menu_typo_line_height_tablet":0,"ocean_menu_typo_line_height_mobile":0,"ocean_menu_typo_line_height_unit":"","ocean_menu_typo_spacing":0,"ocean_menu_typo_spacing_tablet":0,"ocean_menu_typo_spacing_mobile":0,"ocean_menu_typo_spacing_unit":"","ocean_menu_link_color":"","ocean_menu_link_color_hover":"","ocean_menu_link_color_active":"","ocean_menu_link_background":"","ocean_menu_link_hover_background":"","ocean_menu_link_active_background":"","ocean_menu_social_links_bg":"","ocean_menu_social_hover_links_bg":"","ocean_menu_social_links_color":"","ocean_menu_social_hover_links_color":"","ocean_disable_title":"default","ocean_disable_heading":"on","ocean_post_title":"","ocean_post_subheading":"","ocean_post_title_style":"","ocean_post_title_background_color":"","ocean_post_title_background":0,"ocean_post_title_bg_image_position":"","ocean_post_title_bg_image_attachment":"","ocean_post_title_bg_image_repeat":"","ocean_post_title_bg_image_size":"","ocean_post_title_height":0,"ocean_post_title_bg_overlay":0.5,"ocean_post_title_bg_overlay_color":"","ocean_disable_breadcrumbs":"default","ocean_breadcrumbs_color":"","ocean_breadcrumbs_separator_color":"","ocean_breadcrumbs_links_color":"","ocean_breadcrumbs_links_hover_color":"","ocean_display_footer_widgets":"default","ocean_display_footer_bottom":"default","ocean_custom_footer_template":"0","footnotes":"","_links_to":"","_links_to_target":""},"class_list":["post-3178","page","type-page","status-publish","hentry","entry"],"_links":{"self":[{"href":"https:\/\/roo.fmrp.usp.br\/en\/wp-json\/wp\/v2\/pages\/3178","targetHints":{"allow":["GET"]}}],"collection":[{"href":"https:\/\/roo.fmrp.usp.br\/en\/wp-json\/wp\/v2\/pages"}],"about":[{"href":"https:\/\/roo.fmrp.usp.br\/en\/wp-json\/wp\/v2\/types\/page"}],"author":[{"embeddable":true,"href":"https:\/\/roo.fmrp.usp.br\/en\/wp-json\/wp\/v2\/users\/24712"}],"replies":[{"embeddable":true,"href":"https:\/\/roo.fmrp.usp.br\/en\/wp-json\/wp\/v2\/comments?post=3178"}],"version-history":[{"count":4,"href":"https:\/\/roo.fmrp.usp.br\/en\/wp-json\/wp\/v2\/pages\/3178\/revisions"}],"predecessor-version":[{"id":3202,"href":"https:\/\/roo.fmrp.usp.br\/en\/wp-json\/wp\/v2\/pages\/3178\/revisions\/3202"}],"wp:attachment":[{"href":"https:\/\/roo.fmrp.usp.br\/en\/wp-json\/wp\/v2\/media?parent=3178"}],"curies":[{"name":"wp","href":"https:\/\/api.w.org\/{rel}","templated":true}]}}