{"id":3460,"date":"2025-07-10T11:38:28","date_gmt":"2025-07-10T14:38:28","guid":{"rendered":"https:\/\/roo.fmrp.usp.br\/?page_id=3460"},"modified":"2025-08-29T09:34:55","modified_gmt":"2025-08-29T12:34:55","slug":"ccp","status":"publish","type":"page","link":"https:\/\/roo.fmrp.usp.br\/en\/ccp\/","title":{"rendered":"(Portugu\u00eas) CCP"},"content":{"rendered":"\t\t<div data-elementor-type=\"wp-page\" data-elementor-id=\"3460\" class=\"elementor elementor-3460\" data-elementor-post-type=\"page\">\n\t\t\t\t<div class=\"elementor-element elementor-element-cfddd85 e-flex e-con-boxed e-con e-parent\" data-id=\"cfddd85\" data-element_type=\"container\" data-settings=\"{&quot;background_background&quot;:&quot;classic&quot;}\">\n\t\t\t\t\t<div class=\"e-con-inner\">\n\t\t\t\t<div class=\"elementor-element elementor-element-bf3009b elementor-widget elementor-widget-spacer\" data-id=\"bf3009b\" data-element_type=\"widget\" data-widget_type=\"spacer.default\">\n\t\t\t\t<div class=\"elementor-widget-container\">\n\t\t\t\t\t<div class=\"elementor-spacer\">\n\t\t\t<div class=\"elementor-spacer-inner\"><\/div>\n\t\t<\/div>\n\t\t\t\t<\/div>\n\t\t\t\t<\/div>\n\t\t\t\t\t<\/div>\n\t\t\t\t<\/div>\n\t\t<div class=\"elementor-element elementor-element-0bf6cce e-grid e-con-boxed e-con e-parent\" data-id=\"0bf6cce\" data-element_type=\"container\">\n\t\t\t\t\t<div class=\"e-con-inner\">\n\t\t\t\t<div class=\"elementor-element elementor-element-8e822f7 elementor-widget elementor-widget-text-editor\" data-id=\"8e822f7\" data-element_type=\"widget\" data-widget_type=\"text-editor.default\">\n\t\t\t\t<div class=\"elementor-widget-container\">\n\t\t\t\t\t\t\t<p><span style=\"font-family: arial, helvetica, sans-serif; font-size: 12pt; color: #000000;\">A Divis\u00e3o de <strong>Cirurgia de Cabe\u00e7a e Pesco\u00e7o<\/strong> da Faculdade de Medicina de Ribeir\u00e3o Preto da Universidade de S\u00e3o Paulo (FMRP-USP) \u00e9 refer\u00eancia em ensino, pesquisa e assist\u00eancia especializada no tratamento de tumores de cabe\u00e7a e pesco\u00e7o, doen\u00e7as da tireoide e paratireoide, traumatismos faciais, doen\u00e7as da laringe, faringe e gl\u00e2ndulas salivares, al\u00e9m da reabilita\u00e7\u00e3o vocal e reconstru\u00e7\u00e3o facial.<\/span><br \/><span style=\"font-family: arial, helvetica, sans-serif; font-size: 12pt; color: #000000;\">Integrada ao Hospital das Cl\u00ednicas de Ribeir\u00e3o Preto e a outras unidades do Complexo Acad\u00eamico de Sa\u00fade, a Divis\u00e3o mant\u00e9m forte atua\u00e7\u00e3o multidisciplinar e multiprofissional, em colabora\u00e7\u00e3o com as \u00e1reas de oncologia cl\u00ednica, endocrinologia, nefrologia, odontologia, fonoaudiologia, entre outras.<\/span><br \/><span style=\"font-family: arial, helvetica, sans-serif; font-size: 12pt; color: #000000;\">A forma\u00e7\u00e3o de profissionais \u00e9 conduzida por meio do Programa de Resid\u00eancia M\u00e9dica em Cirurgia de Cabe\u00e7a e Pesco\u00e7o, al\u00e9m da oferta de campo para est\u00e1gios supervisionados de estudantes de Medicina e residentes de outras especialidades. A Divis\u00e3o tamb\u00e9m desenvolve linhas de pesquisa com \u00eanfase em investiga\u00e7\u00e3o cl\u00ednica e translacional, em parceria com diversos grupos dentro e fora da Universidade de S\u00e3o Paulo.<\/span><\/p>\t\t\t\t\t\t<\/div>\n\t\t\t\t<\/div>\n\t\t\t\t\t<\/div>\n\t\t\t\t<\/div>\n\t\t<div class=\"elementor-element elementor-element-7e52888 e-flex e-con-boxed e-con e-parent\" data-id=\"7e52888\" data-element_type=\"container\">\n\t\t\t\t\t<div class=\"e-con-inner\">\n\t\t\t\t<div class=\"elementor-element elementor-element-617f533 elementor-widget elementor-widget-text-editor\" data-id=\"617f533\" data-element_type=\"widget\" data-widget_type=\"text-editor.default\">\n\t\t\t\t<div class=\"elementor-widget-container\">\n\t\t\t\t\t\t\t<h2 style=\"text-align: center;\"><span style=\"font-family: arial, helvetica, sans-serif; font-size: 12pt; color: #000000;\">Navegue pelo menu abaixo para conhecer mais sobre nossa divis\u00e3o<\/span><\/h2><ul><li><a href=\"https:\/\/roo.fmrp.usp.br\/historia_ccp\"><span style=\"font-family: arial, helvetica, sans-serif; font-size: 12pt; color: #000000;\">Nossa Hist\u00f3ria<\/span><\/a><\/li><li><a href=\"https:\/\/roo.fmrp.usp.br\/equipe_ccp\"><span style=\"font-family: arial, helvetica, sans-serif; font-size: 12pt; color: #000000;\">Corpo Docente e Equipe Assistencial<\/span><\/a><\/li><li><a href=\"https:\/\/roo.fmrp.usp.br\/resmed_egressos\"><span style=\"font-family: arial, helvetica, sans-serif; font-size: 12pt; color: #000000;\">Resid\u00eancia M\u00e9dica e Egressos<\/span><\/a><\/li><li><a href=\"https:\/\/roo.fmrp.usp.br\/atividades_ccp\"><span style=\"font-family: arial, helvetica, sans-serif; font-size: 12pt; color: #000000;\">Atividades Assistenciais e Infraestrutura<\/span><\/a><\/li><li><a href=\"https:\/\/roo.fmrp.usp.br\/ccp_ensino\"><span style=\"font-family: arial, helvetica, sans-serif; font-size: 12pt; color: #000000;\">Ensino, Pesquisa e P\u00f3s-Gradua\u00e7\u00e3o<\/span><\/a><\/li><\/ul>\t\t\t\t\t\t<\/div>\n\t\t\t\t<\/div>\n\t\t\t\t\t<\/div>\n\t\t\t\t<\/div>\n\t\t<div class=\"elementor-element elementor-element-e18cdbf e-flex e-con-boxed e-con e-parent\" data-id=\"e18cdbf\" data-element_type=\"container\">\n\t\t\t\t\t<div class=\"e-con-inner\">\n\t\t\t\t<div class=\"elementor-element elementor-element-4f243ae elementor-widget-divider--view-line elementor-widget elementor-widget-divider\" data-id=\"4f243ae\" data-element_type=\"widget\" data-widget_type=\"divider.default\">\n\t\t\t\t<div class=\"elementor-widget-container\">\n\t\t\t\t\t<div class=\"elementor-divider\">\n\t\t\t<span class=\"elementor-divider-separator\">\n\t\t\t\t\t\t<\/span>\n\t\t<\/div>\n\t\t\t\t<\/div>\n\t\t\t\t<\/div>\n\t\t\t\t<div class=\"elementor-element elementor-element-8d51321 elementor-widget elementor-widget-heading\" data-id=\"8d51321\" data-element_type=\"widget\" data-widget_type=\"heading.default\">\n\t\t\t\t<div class=\"elementor-widget-container\">\n\t\t\t<h1 class=\"elementor-heading-title elementor-size-default\">Confira as not\u00edcias sobre a CCP!<\/h1>\t\t<\/div>\n\t\t\t\t<\/div>\n\t\t\t\t<div class=\"elementor-element elementor-element-e4faea7 elementor-grid-3 elementor-grid-tablet-2 elementor-grid-mobile-1 elementor-posts--thumbnail-top elementor-posts--show-avatar elementor-card-shadow-yes elementor-posts__hover-gradient elementor-widget elementor-widget-posts\" data-id=\"e4faea7\" data-element_type=\"widget\" data-settings=\"{&quot;cards_columns&quot;:&quot;3&quot;,&quot;cards_columns_tablet&quot;:&quot;2&quot;,&quot;cards_columns_mobile&quot;:&quot;1&quot;,&quot;cards_row_gap&quot;:{&quot;unit&quot;:&quot;px&quot;,&quot;size&quot;:35,&quot;sizes&quot;:[]},&quot;cards_row_gap_tablet&quot;:{&quot;unit&quot;:&quot;px&quot;,&quot;size&quot;:&quot;&quot;,&quot;sizes&quot;:[]},&quot;cards_row_gap_mobile&quot;:{&quot;unit&quot;:&quot;px&quot;,&quot;size&quot;:&quot;&quot;,&quot;sizes&quot;:[]}}\" data-widget_type=\"posts.cards\">\n\t\t\t\t<div class=\"elementor-widget-container\">\n\t\t\t\t\t<div class=\"elementor-posts-container elementor-posts elementor-posts--skin-cards elementor-grid\">\n\t\t\t\t<article class=\"elementor-post elementor-grid-item post-3453 post type-post status-publish format-standard hentry category-eventos tag-ccp entry\">\n\t\t\t<div class=\"elementor-post__card\">\n\t\t\t\t<div class=\"elementor-post__text\">\n\t\t\t\t<h3 class=\"elementor-post__title\">\n\t\t\t<a href=\"https:\/\/roo.fmrp.usp.br\/en\/campanha-julho-verde\/\" >\n\t\t\t\t(Portugu\u00eas) Campanha Julho Verde\t\t\t<\/a>\n\t\t<\/h3>\n\t\t\t\t<div class=\"elementor-post__excerpt\">\n\t\t\t<p>A Faculdade de Medicina de Ribeir\u00e3o Preto da Universidade de S\u00e3o Paulo (FMRP-USP), em parceria com a Funda\u00e7\u00e3o de Apoio ao Ensino, Pesquisa e Assist\u00eancia do Hospital das Cl\u00ednicas da FMRP-USP (FAEPA), est\u00e1 promovendo a Campanha Julho Verde com objetivo de conscientizar a popula\u00e7\u00e3o sobre a import\u00e2ncia da preven\u00e7\u00e3o e diagn\u00f3stico precoce do c\u00e2ncer de cabe\u00e7a e pesco\u00e7o.<\/p>\n\t\t<\/div>\n\t\t\n\t\t<a class=\"elementor-post__read-more\" href=\"https:\/\/roo.fmrp.usp.br\/en\/campanha-julho-verde\/\" aria-label=\"Read more about (Portugu\u00eas) Campanha Julho Verde\" tabindex=\"-1\" >\n\t\t\tLeia mais \u00bb\t\t<\/a>\n\n\t\t\t\t<\/div>\n\t\t\t\t<div class=\"elementor-post__meta-data\">\n\t\t\t\t\t<span class=\"elementor-post-date\">\n\t\t\tTuesday July  1st, 2025\t\t<\/span>\n\t\t\t\t<span class=\"elementor-post-avatar\">\n\t\t\tNo Comments\t\t<\/span>\n\t\t\t\t<\/div>\n\t\t\t\t\t<\/div>\n\t\t<\/article>\n\t\t\t\t<\/div>\n\t\t\n\t\t\t\t<\/div>\n\t\t\t\t<\/div>\n\t\t\t\t\t<\/div>\n\t\t\t\t<\/div>\n\t\t\t\t<\/div>\n\t\t","protected":false},"excerpt":{"rendered":"<p>A Divis\u00e3o de Cirurgia de Cabe\u00e7a e Pesco\u00e7o da Faculdade de Medicina de Ribeir\u00e3o Preto da Universidade de S\u00e3o Paulo (FMRP-USP) \u00e9 refer\u00eancia em ensino, pesquisa e assist\u00eancia especializada no tratamento de tumores de cabe\u00e7a e pesco\u00e7o, doen\u00e7as da tireoide e paratireoide, traumatismos faciais, doen\u00e7as da laringe, faringe e gl\u00e2ndulas salivares, al\u00e9m da reabilita\u00e7\u00e3o vocal [&hellip;]<\/p>\n","protected":false},"author":24712,"featured_media":0,"parent":0,"menu_order":0,"comment_status":"closed","ping_status":"closed","template":"elementor_theme","meta":{"ocean_post_layout":"","ocean_both_sidebars_style":"","ocean_both_sidebars_content_width":0,"ocean_both_sidebars_sidebars_width":0,"ocean_sidebar":"0","ocean_second_sidebar":"0","ocean_disable_margins":"enable","ocean_add_body_class":"","ocean_shortcode_before_top_bar":"","ocean_shortcode_after_top_bar":"","ocean_shortcode_before_header":"","ocean_shortcode_after_header":"","ocean_has_shortcode":"","ocean_shortcode_after_title":"","ocean_shortcode_before_footer_widgets":"","ocean_shortcode_after_footer_widgets":"","ocean_shortcode_before_footer_bottom":"","ocean_shortcode_after_footer_bottom":"","ocean_display_top_bar":"default","ocean_display_header":"default","ocean_header_style":"","ocean_center_header_left_menu":"0","ocean_custom_header_template":"0","ocean_custom_logo":0,"ocean_custom_retina_logo":0,"ocean_custom_logo_max_width":0,"ocean_custom_logo_tablet_max_width":0,"ocean_custom_logo_mobile_max_width":0,"ocean_custom_logo_max_height":0,"ocean_custom_logo_tablet_max_height":0,"ocean_custom_logo_mobile_max_height":0,"ocean_header_custom_menu":"0","ocean_menu_typo_font_family":"0","ocean_menu_typo_font_subset":"","ocean_menu_typo_font_size":0,"ocean_menu_typo_font_size_tablet":0,"ocean_menu_typo_font_size_mobile":0,"ocean_menu_typo_font_size_unit":"px","ocean_menu_typo_font_weight":"","ocean_menu_typo_font_weight_tablet":"","ocean_menu_typo_font_weight_mobile":"","ocean_menu_typo_transform":"","ocean_menu_typo_transform_tablet":"","ocean_menu_typo_transform_mobile":"","ocean_menu_typo_line_height":0,"ocean_menu_typo_line_height_tablet":0,"ocean_menu_typo_line_height_mobile":0,"ocean_menu_typo_line_height_unit":"","ocean_menu_typo_spacing":0,"ocean_menu_typo_spacing_tablet":0,"ocean_menu_typo_spacing_mobile":0,"ocean_menu_typo_spacing_unit":"","ocean_menu_link_color":"","ocean_menu_link_color_hover":"","ocean_menu_link_color_active":"","ocean_menu_link_background":"","ocean_menu_link_hover_background":"","ocean_menu_link_active_background":"","ocean_menu_social_links_bg":"","ocean_menu_social_hover_links_bg":"","ocean_menu_social_links_color":"","ocean_menu_social_hover_links_color":"","ocean_disable_title":"default","ocean_disable_heading":"on","ocean_post_title":"","ocean_post_subheading":"","ocean_post_title_style":"","ocean_post_title_background_color":"","ocean_post_title_background":0,"ocean_post_title_bg_image_position":"","ocean_post_title_bg_image_attachment":"","ocean_post_title_bg_image_repeat":"","ocean_post_title_bg_image_size":"","ocean_post_title_height":0,"ocean_post_title_bg_overlay":0.5,"ocean_post_title_bg_overlay_color":"","ocean_disable_breadcrumbs":"default","ocean_breadcrumbs_color":"","ocean_breadcrumbs_separator_color":"","ocean_breadcrumbs_links_color":"","ocean_breadcrumbs_links_hover_color":"","ocean_display_footer_widgets":"default","ocean_display_footer_bottom":"default","ocean_custom_footer_template":"0","footnotes":"","_links_to":"","_links_to_target":""},"class_list":["post-3460","page","type-page","status-publish","hentry","entry"],"_links":{"self":[{"href":"https:\/\/roo.fmrp.usp.br\/en\/wp-json\/wp\/v2\/pages\/3460","targetHints":{"allow":["GET"]}}],"collection":[{"href":"https:\/\/roo.fmrp.usp.br\/en\/wp-json\/wp\/v2\/pages"}],"about":[{"href":"https:\/\/roo.fmrp.usp.br\/en\/wp-json\/wp\/v2\/types\/page"}],"author":[{"embeddable":true,"href":"https:\/\/roo.fmrp.usp.br\/en\/wp-json\/wp\/v2\/users\/24712"}],"replies":[{"embeddable":true,"href":"https:\/\/roo.fmrp.usp.br\/en\/wp-json\/wp\/v2\/comments?post=3460"}],"version-history":[{"count":4,"href":"https:\/\/roo.fmrp.usp.br\/en\/wp-json\/wp\/v2\/pages\/3460\/revisions"}],"predecessor-version":[{"id":3755,"href":"https:\/\/roo.fmrp.usp.br\/en\/wp-json\/wp\/v2\/pages\/3460\/revisions\/3755"}],"wp:attachment":[{"href":"https:\/\/roo.fmrp.usp.br\/en\/wp-json\/wp\/v2\/media?parent=3460"}],"curies":[{"name":"wp","href":"https:\/\/api.w.org\/{rel}","templated":true}]}}