{"id":3658,"date":"2025-08-11T10:11:51","date_gmt":"2025-08-11T13:11:51","guid":{"rendered":"https:\/\/roo.fmrp.usp.br\/?page_id=3658"},"modified":"2025-08-29T09:42:08","modified_gmt":"2025-08-29T12:42:08","slug":"historia_ccp","status":"publish","type":"page","link":"https:\/\/roo.fmrp.usp.br\/en\/historia_ccp\/","title":{"rendered":"historia_ccp"},"content":{"rendered":"\t\t<div data-elementor-type=\"wp-page\" data-elementor-id=\"3658\" class=\"elementor elementor-3658\" data-elementor-post-type=\"page\">\n\t\t\t\t<div class=\"elementor-element elementor-element-482dbba e-flex e-con-boxed e-con e-parent\" data-id=\"482dbba\" data-element_type=\"container\">\n\t\t\t\t\t<div class=\"e-con-inner\">\n\t\t\t\t<div class=\"elementor-element elementor-element-5cc790d elementor-widget elementor-widget-heading\" data-id=\"5cc790d\" data-element_type=\"widget\" data-widget_type=\"heading.default\">\n\t\t\t\t<div class=\"elementor-widget-container\">\n\t\t\t<h1 class=\"elementor-heading-title elementor-size-default\">Nossa hist\u00f3ria<\/h1>\t\t<\/div>\n\t\t\t\t<\/div>\n\t\t\t\t<div class=\"elementor-element elementor-element-2e6de29 elementor-widget elementor-widget-heading\" data-id=\"2e6de29\" data-element_type=\"widget\" data-widget_type=\"heading.default\">\n\t\t\t\t<div class=\"elementor-widget-container\">\n\t\t\t<h2 class=\"elementor-heading-title elementor-size-default\">Divis\u00e3o de Cirurgia de Cabe\u00e7a e Pesco\u00e7o - FMRP-USP<\/h2>\t\t<\/div>\n\t\t\t\t<\/div>\n\t\t\t\t<div class=\"elementor-element elementor-element-dce427d elementor-widget elementor-widget-heading\" data-id=\"dce427d\" data-element_type=\"widget\" data-widget_type=\"heading.default\">\n\t\t\t\t<div class=\"elementor-widget-container\">\n\t\t\t<h3 class=\"elementor-heading-title elementor-size-default\">Departamento de Oftalmologia, Otorrinolaringologia e Cirurgia de Cabe\u00e7a e Pesco\u00e7o<\/h3>\t\t<\/div>\n\t\t\t\t<\/div>\n\t\t\t\t\t<\/div>\n\t\t\t\t<\/div>\n\t\t<div class=\"elementor-element elementor-element-3aa5636 e-flex e-con-boxed e-con e-parent\" data-id=\"3aa5636\" data-element_type=\"container\">\n\t\t\t\t\t<div class=\"e-con-inner\">\n\t\t\t\t<div class=\"elementor-element elementor-element-39f35ba elementor-widget elementor-widget-text-editor\" data-id=\"39f35ba\" data-element_type=\"widget\" data-widget_type=\"text-editor.default\">\n\t\t\t\t<div class=\"elementor-widget-container\">\n\t\t\t\t\t\t\t<p><span style=\"font-family: arial, helvetica, sans-serif; font-size: 12pt; color: #000000;\">A <strong>hist\u00f3ria<\/strong> da Divis\u00e3o de Cirurgia de Cabe\u00e7a e Pesco\u00e7o (CCP) da Faculdade de Medicina de Ribeir\u00e3o Preto da Universidade de S\u00e3o Paulo (FMRP-USP) come\u00e7a em 1957, quando o Dr. Luiz de G\u00f3es Mascarenhas foi convidado a integrar o rec\u00e9m-criado Departamento de Cirurgia da FMRP, por indica\u00e7\u00e3o do Prof. Dr. Ruy Escorel Ferreira Santos. Formado pela Faculdade de Medicina da Bahia, o Prof. Mascarenhas complementou sua forma\u00e7\u00e3o no Hospital das Cl\u00ednicas da Faculdade de Medicina da USP, sob orienta\u00e7\u00e3o do Dr. Pl\u00ednio Mattos Barretos, e no Hospital do C\u00e2ncer com o Dr. Jorge Fairbanks Barbosa, expoentes da endoscopia peroral e oncologia c\u00e9rvico-facial no Brasil.<\/span><\/p><p><img fetchpriority=\"high\" decoding=\"async\" class=\"wp-image-3660 alignright\" src=\"https:\/\/roo.fmrp.usp.br\/wp-content\/uploads\/sites\/330\/2025\/08\/imagem_2025-08-11_095401260-300x217.png\" alt=\"\" width=\"457\" height=\"330\" srcset=\"https:\/\/roo.fmrp.usp.br\/wp-content\/uploads\/sites\/330\/2025\/08\/imagem_2025-08-11_095401260-300x217.png 300w, https:\/\/roo.fmrp.usp.br\/wp-content\/uploads\/sites\/330\/2025\/08\/imagem_2025-08-11_095401260-400x290.png 400w, https:\/\/roo.fmrp.usp.br\/wp-content\/uploads\/sites\/330\/2025\/08\/imagem_2025-08-11_095401260.png 576w\" sizes=\"(max-width: 457px) 100vw, 457px\" \/><br \/><span style=\"font-family: arial, helvetica, sans-serif; font-size: 12pt; color: #000000;\">Em abril de 1957, o Prof. Mascarenhas assumiu a tarefa de estruturar o servi\u00e7o denominado \u201cEndoscopia Per-oral e Cirurgia dos Tumores da Face e Pesco\u00e7o\u201d. Al\u00e9m das atividades cl\u00ednicas e cir\u00fargicas, teve papel pioneiro na forma\u00e7\u00e3o acad\u00eamica ao introduzir, ainda em 1957, o ensino de Otorrinolaringologia na gradua\u00e7\u00e3o m\u00e9dica da FMRP. Em 1958, estabeleceu a primeira Resid\u00eancia M\u00e9dica em Cirurgia de Cabe\u00e7a e Pesco\u00e7o e Endoscopia Per-oral do interior paulista, sendo a m\u00e9dica Maria Ivonette Dias de Abreu sua primeira residente.<\/span><\/p><p><br \/><span style=\"font-family: arial, helvetica, sans-serif; font-size: 12pt; color: #000000;\">O Prof. Mascarenhas foi um verdadeiro precursor na sistematiza\u00e7\u00e3o do ensino e da pr\u00e1tica da especialidade no Brasil, criando disciplinas espec\u00edficas tanto na gradua\u00e7\u00e3o quanto na p\u00f3s-gradua\u00e7\u00e3o. Em 1966, ap\u00f3s defesa de doutorado na FMRP, foi nomeado Professor Doutor. Sua tese sobre neoplasias de laringe, baseada no sistema TNM de estadiamento, foi um marco para a oncologia de cabe\u00e7a e pesco\u00e7o na Am\u00e9rica do Sul. Al\u00e9m de formar 32 residentes, suas pesquisas impulsionaram o entendimento e o tratamento das neoplasias laringeas, dos corpos estranhos do trato digestivo e respirat\u00f3rio e da cirurgia da laringe.<\/span><\/p><p><br \/><span style=\"font-family: arial, helvetica, sans-serif; font-size: 12pt; color: #000000;\">Em 1974, o Prof. Rui Celso Martins Mamede, disc\u00edpulo do Prof. Mascarenhas, ingressou como docente na FMRP. Defendeu seu mestrado com pesquisa sobre os linf\u00e1ticos da laringe e, posteriormente, o doutorado com estudos em cirurgia traqueal, inaugurando uma linha de pesquisa robusta em reconstru\u00e7\u00e3o das vias a\u00e9reas superiores. Em 1984, com a aposentadoria do Prof. Mascarenhas, o Prof. Mamede assumiu a chefia da Divis\u00e3o e iniciou um esfor\u00e7o sistem\u00e1tico para ampliar o corpo docente e estruturar o ensino e a pesquisa.<\/span><\/p><p><br \/><span style=\"font-family: arial, helvetica, sans-serif; font-size: 12pt; color: #000000;\">Al\u00e9m da lideran\u00e7a administrativa, o Prof. Mamede consolidou sua trajet\u00f3ria acad\u00eamica com um p\u00f3s-doutorado nos Estados Unidos e a conquista do t\u00edtulo de Professor Titular em 2006. Suas pesquisas influenciaram decisivamente o desenvolvimento de t\u00e9cnicas de reconstru\u00e7\u00e3o traqueal e a compreens\u00e3o da vasculariza\u00e7\u00e3o da laringe e traqueia, formando diversos mestres e doutores.<\/span><\/p><p><br \/><span style=\"font-family: arial, helvetica, sans-serif; font-size: 12pt; color: #000000;\">Em 1984, juntou-se \u00e0 equipe o Prof. Francisco Ver\u00edssimo de Mello Filho, especialista em Cirurgia de Cabe\u00e7a e Pesco\u00e7o e Cirurgia Pl\u00e1stica, que impulsionou a formaliza\u00e7\u00e3o da Cirurgia Cr\u00e2nio-Maxilo-Facial como \u00e1rea estrat\u00e9gica da Divis\u00e3o, com atua\u00e7\u00e3o destacada em deformidades faciais, traumas complexos e reconstru\u00e7\u00f5es oncol\u00f3gicas. O Prof. Ver\u00edssimo tamb\u00e9m liderou pesquisas em reconstru\u00e7\u00e3o e transplante de traqueia, com destaque para suas publica\u00e7\u00f5es premiadas e internacionalmente reconhecidas. Obteve o t\u00edtulo de especialista pela Sociedade Brasileira de Cirurgia de Cabe\u00e7a e Pesco\u00e7o em 1989 e defendeu sua Livre-Doc\u00eancia em 2008, com uma an\u00e1lise cr\u00edtica sobre as possibilidades de reconstru\u00e7\u00e3o traqueal.<\/span><\/p><p><br \/><span style=\"font-family: arial, helvetica, sans-serif; font-size: 12pt; color: #000000;\">Em 2000, com a reestrutura\u00e7\u00e3o da USP, a Divis\u00e3o passou a integrar o Departamento de Oftalmologia, Otorrinolaringologia e Cirurgia de Cabe\u00e7a e Pesco\u00e7o (ROO). Posteriormente, em 2003, o Prof. Hilton Marcos Alves Ricz assumiu como docente, trazendo contribui\u00e7\u00f5es inovadoras na \u00e1rea de oncologia da laringe, dist\u00farbios de voz e degluti\u00e7\u00e3o, reconstru\u00e7\u00e3o lar\u00edngea e reabilita\u00e7\u00e3o vocal com pr\u00f3tese traqueoesof\u00e1gica. Implantou o ambulat\u00f3rio de laringectomizados e foi pioneiro na utiliza\u00e7\u00e3o de eletromiografia lar\u00edngea e aplica\u00e7\u00e3o de toxina botul\u00ednica em m\u00fasculos lar\u00edngeos e gl\u00e2ndulas salivares no HCFMRP-USP. Tamb\u00e9m liderou campanhas p\u00fablicas de conscientiza\u00e7\u00e3o, como a Semana da Voz e o Julho Verde. O Prof. Hilton tamb\u00e9m coordenou o Projeto PRONON (Programa Nacional de Apoio \u00e0 Aten\u00e7\u00e3o Oncol\u00f3gica), que viabilizou a implanta\u00e7\u00e3o do Centro Especializado de Diagn\u00f3stico e Tratamento do C\u00e2ncer de Cabe\u00e7a e Pesco\u00e7o no HCFMRP-USP, com investimentos superiores a R$ 7 milh\u00f5es. O projeto permitiu a moderniza\u00e7\u00e3o da Divis\u00e3o com aquisi\u00e7\u00e3o de equipamentos e materiais para diagn\u00f3stico, tratamento e reabilita\u00e7\u00e3o, incluindo tecnologias como cirurgia transoral com laser de CO\u2082, radioabla\u00e7\u00e3o de tireoide, ultrassonografia aplicada \u00e0 especialidade e amplia\u00e7\u00e3o dos recursos para reabilita\u00e7\u00e3o vocal de pacientes laringectomizados.<\/span><\/p><p><br \/><span style=\"font-family: arial, helvetica, sans-serif; font-size: 12pt; color: #000000;\">Em 2010, o Prof. Luiz Carlos Conti de Freitas tornou-se docente ap\u00f3s p\u00f3s-doutorado no Massachusetts General Hospital\/Harvard Medical School. Estruturou e fortaleceu a atua\u00e7\u00e3o da Divis\u00e3o em cirurgia da tireoide, paratireoide e gl\u00e2ndulas salivares, criando ambulat\u00f3rios especializados e conduzindo pesquisas em monitoriza\u00e7\u00e3o intraoperat\u00f3ria do nervo lar\u00edngeo recorrente com m\u00e9todos inovadores de neuromonitoriza\u00e7\u00e3o. Suas parcerias internacionais ampliaram o escopo cient\u00edfico e as oportunidades de forma\u00e7\u00e3o para residentes e pesquisadores. Em 2015, com a aposentadoria do Prof. Rui Mamede, o Prof. Conti assumiu a chefia da Divis\u00e3o, iniciando a expans\u00e3o dos atendimentos para o Hospital Estadual de Am\u00e9rico Brasiliense e o Centro de Endoscopia do HCFMRP-USP, al\u00e9m de implementar n\u00facleos multidisciplinares em oncologia, endocrinologia e nefrologia. Em 2020, obteve o t\u00edtulo de Livre-Doc\u00eancia pela FMRP-USP, com o trabalho intitulado &#8220;Caracteriza\u00e7\u00e3o de tecidos biol\u00f3gicos envolvidos nas cirurgias de tireoide e paratireoide por m\u00e9todos \u00f3pticos com potencial para aplica\u00e7\u00e3o intraoperat\u00f3ria&#8221;. Sua pesquisa consolidou novas fronteiras no uso de tomografia por coer\u00eancia \u00f3ptica, espectroscopia de fluoresc\u00eancia e espectroscopia no infravermelho para diferencia\u00e7\u00e3o de tecidos e diagn\u00f3stico intraoperat\u00f3rio, com foco em paratireoide, hiperparatireoidismo e c\u00e2ncer de tireoide.<\/span><\/p><p><br \/><span style=\"font-family: arial, helvetica, sans-serif; font-size: 12pt; color: #000000;\">Em 2025, a Profa. Graziela Vieira Cavalcanti foi aprovada em concurso p\u00fablico para integrar o corpo docente da Divis\u00e3o, preenchendo a vaga decorrente da aposentadoria do Prof. Rui Mamede. Ex-residente da FMRP em Cirurgia de Cabe\u00e7a e Pesco\u00e7o e em Cirurgia Cr\u00e2nio-Maxilo-Facial, concluiu seu doutorado em 2023 com pesquisa sobre a S\u00edndrome de Sj\u00f6gren. Desde o t\u00e9rmino da resid\u00eancia, dedica-se especialmente ao tratamento cir\u00fargico dos c\u00e2nceres de cavidade oral, orofaringe e gl\u00e2ndulas salivares, refor\u00e7ando a expertise e a abrang\u00eancia da Divis\u00e3o.<\/span><\/p><p><span style=\"font-family: arial, helvetica, sans-serif; font-size: 12pt; color: #000000;\">Com mais de seis d\u00e9cadas de hist\u00f3ria, a Divis\u00e3o de Cirurgia de Cabe\u00e7a e Pesco\u00e7o da FMRP-USP permanece como refer\u00eancia nacional na forma\u00e7\u00e3o de especialistas, na produ\u00e7\u00e3o cient\u00edfica de excel\u00eancia e na assist\u00eancia m\u00e9dica de alta complexidade.<\/span><\/p><blockquote><p><strong><span style=\"font-family: arial, helvetica, sans-serif; font-size: 12pt; color: #000000;\">Refer\u00eancia:<\/span><\/strong><br \/><strong><span style=\"font-family: arial, helvetica, sans-serif; font-size: 12pt; color: #000000;\">UNIVERSIDADE DE S\u00c3O PAULO. Faculdade de Medicina de Ribeir\u00e3o Preto. Departamento de Oftalmologia, Otorrinolaringologia e Cirurgia de Cabe\u00e7a e Pesco\u00e7o. Hist\u00f3ria, evolu\u00e7\u00e3o e atua\u00e7\u00e3o do Departamento de Oftalmologia, Otorrinolaringologia e Cirurgia de Cabe\u00e7a e Pesco\u00e7o da FMRP-USP. Ribeir\u00e3o Preto: Legis Summa, 2019.<\/span><\/strong><\/p><\/blockquote>\t\t\t\t\t\t<\/div>\n\t\t\t\t<\/div>\n\t\t\t\t\t<\/div>\n\t\t\t\t<\/div>\n\t\t<div class=\"elementor-element elementor-element-f4a71a5 e-flex e-con-boxed e-con e-parent\" data-id=\"f4a71a5\" data-element_type=\"container\">\n\t\t\t\t\t<div class=\"e-con-inner\">\n\t\t\t\t<div class=\"elementor-element elementor-element-b82e1d7 elementor-widget elementor-widget-text-editor\" data-id=\"b82e1d7\" data-element_type=\"widget\" data-widget_type=\"text-editor.default\">\n\t\t\t\t<div class=\"elementor-widget-container\">\n\t\t\t\t\t\t\t<p><strong><span style=\"font-family: arial, helvetica, sans-serif; font-size: 12pt; color: #000000;\">Navegue pelo menu abaixo para conhecer mais sobre nossa divis\u00e3o:<\/span><\/strong><\/p><ul><li style=\"font-weight: 400;\" aria-level=\"1\"><a href=\"https:\/\/roo.fmrp.usp.br\/resmed_egressos\/\"><span style=\"font-family: arial, helvetica, sans-serif; font-size: 12pt; color: #000000;\"><span style=\"font-weight: 400;\">Resid\u00eancia M\u00e9dica e Egressos<\/span><\/span><\/a><span style=\"font-family: arial, helvetica, sans-serif; font-size: 12pt; color: #000000;\"><span style=\"font-weight: 400;\"><br \/><\/span><\/span><\/li><li aria-level=\"1\"><span style=\"font-family: arial, helvetica, sans-serif; font-size: 12pt; color: #000000;\"><a href=\"https:\/\/roo.fmrp.usp.br\/equipe_ccp\/ \u200e\" data-wplink-url-error=\"true\"><span style=\"font-weight: 400;\">Corpo Docente e Equipe Assistencial<\/span><\/a><\/span><\/li><li style=\"font-weight: 400;\" aria-level=\"1\"><a href=\"https:\/\/roo.fmrp.usp.br\/ccp_ensino\/\"><span style=\"font-weight: 400; font-family: arial, helvetica, sans-serif; font-size: 12pt; color: #000000;\">Ensino, Pesquisa e P\u00f3s-Gradua\u00e7\u00e3o<\/span><\/a><\/li><li><span style=\"font-family: arial, helvetica, sans-serif; font-size: 12pt; color: #000000;\"><a href=\"https:\/\/roo.fmrp.usp.br\/atividades_ccp\/\"><span style=\"font-weight: 400;\">Atividades Assistenciais e Infraestrutura<\/span><\/a><\/span><\/li><\/ul>\t\t\t\t\t\t<\/div>\n\t\t\t\t<\/div>\n\t\t\t\t\t<\/div>\n\t\t\t\t<\/div>\n\t\t\t\t<\/div>\n\t\t","protected":false},"excerpt":{"rendered":"<p>Nossa hist\u00f3ria Divis\u00e3o de Cirurgia de Cabe\u00e7a e Pesco\u00e7o &#8211; FMRP-USP Departamento de Oftalmologia, Otorrinolaringologia e Cirurgia de Cabe\u00e7a e Pesco\u00e7o A hist\u00f3ria da Divis\u00e3o de Cirurgia de Cabe\u00e7a e Pesco\u00e7o (CCP) da Faculdade de Medicina de Ribeir\u00e3o Preto da Universidade de S\u00e3o Paulo (FMRP-USP) come\u00e7a em 1957, quando o Dr. Luiz de G\u00f3es Mascarenhas [&hellip;]<\/p>\n","protected":false},"author":24712,"featured_media":0,"parent":0,"menu_order":0,"comment_status":"closed","ping_status":"closed","template":"elementor_theme","meta":{"ocean_post_layout":"","ocean_both_sidebars_style":"","ocean_both_sidebars_content_width":0,"ocean_both_sidebars_sidebars_width":0,"ocean_sidebar":"0","ocean_second_sidebar":"0","ocean_disable_margins":"enable","ocean_add_body_class":"","ocean_shortcode_before_top_bar":"","ocean_shortcode_after_top_bar":"","ocean_shortcode_before_header":"","ocean_shortcode_after_header":"","ocean_has_shortcode":"","ocean_shortcode_after_title":"","ocean_shortcode_before_footer_widgets":"","ocean_shortcode_after_footer_widgets":"","ocean_shortcode_before_footer_bottom":"","ocean_shortcode_after_footer_bottom":"","ocean_display_top_bar":"default","ocean_display_header":"default","ocean_header_style":"","ocean_center_header_left_menu":"0","ocean_custom_header_template":"0","ocean_custom_logo":0,"ocean_custom_retina_logo":0,"ocean_custom_logo_max_width":0,"ocean_custom_logo_tablet_max_width":0,"ocean_custom_logo_mobile_max_width":0,"ocean_custom_logo_max_height":0,"ocean_custom_logo_tablet_max_height":0,"ocean_custom_logo_mobile_max_height":0,"ocean_header_custom_menu":"0","ocean_menu_typo_font_family":"0","ocean_menu_typo_font_subset":"","ocean_menu_typo_font_size":0,"ocean_menu_typo_font_size_tablet":0,"ocean_menu_typo_font_size_mobile":0,"ocean_menu_typo_font_size_unit":"px","ocean_menu_typo_font_weight":"","ocean_menu_typo_font_weight_tablet":"","ocean_menu_typo_font_weight_mobile":"","ocean_menu_typo_transform":"","ocean_menu_typo_transform_tablet":"","ocean_menu_typo_transform_mobile":"","ocean_menu_typo_line_height":0,"ocean_menu_typo_line_height_tablet":0,"ocean_menu_typo_line_height_mobile":0,"ocean_menu_typo_line_height_unit":"","ocean_menu_typo_spacing":0,"ocean_menu_typo_spacing_tablet":0,"ocean_menu_typo_spacing_mobile":0,"ocean_menu_typo_spacing_unit":"","ocean_menu_link_color":"","ocean_menu_link_color_hover":"","ocean_menu_link_color_active":"","ocean_menu_link_background":"","ocean_menu_link_hover_background":"","ocean_menu_link_active_background":"","ocean_menu_social_links_bg":"","ocean_menu_social_hover_links_bg":"","ocean_menu_social_links_color":"","ocean_menu_social_hover_links_color":"","ocean_disable_title":"default","ocean_disable_heading":"on","ocean_post_title":"","ocean_post_subheading":"","ocean_post_title_style":"","ocean_post_title_background_color":"","ocean_post_title_background":0,"ocean_post_title_bg_image_position":"","ocean_post_title_bg_image_attachment":"","ocean_post_title_bg_image_repeat":"","ocean_post_title_bg_image_size":"","ocean_post_title_height":0,"ocean_post_title_bg_overlay":0.5,"ocean_post_title_bg_overlay_color":"","ocean_disable_breadcrumbs":"default","ocean_breadcrumbs_color":"","ocean_breadcrumbs_separator_color":"","ocean_breadcrumbs_links_color":"","ocean_breadcrumbs_links_hover_color":"","ocean_display_footer_widgets":"default","ocean_display_footer_bottom":"default","ocean_custom_footer_template":"0","footnotes":"","_links_to":"","_links_to_target":""},"class_list":["post-3658","page","type-page","status-publish","hentry","entry"],"_links":{"self":[{"href":"https:\/\/roo.fmrp.usp.br\/en\/wp-json\/wp\/v2\/pages\/3658","targetHints":{"allow":["GET"]}}],"collection":[{"href":"https:\/\/roo.fmrp.usp.br\/en\/wp-json\/wp\/v2\/pages"}],"about":[{"href":"https:\/\/roo.fmrp.usp.br\/en\/wp-json\/wp\/v2\/types\/page"}],"author":[{"embeddable":true,"href":"https:\/\/roo.fmrp.usp.br\/en\/wp-json\/wp\/v2\/users\/24712"}],"replies":[{"embeddable":true,"href":"https:\/\/roo.fmrp.usp.br\/en\/wp-json\/wp\/v2\/comments?post=3658"}],"version-history":[{"count":4,"href":"https:\/\/roo.fmrp.usp.br\/en\/wp-json\/wp\/v2\/pages\/3658\/revisions"}],"predecessor-version":[{"id":3764,"href":"https:\/\/roo.fmrp.usp.br\/en\/wp-json\/wp\/v2\/pages\/3658\/revisions\/3764"}],"wp:attachment":[{"href":"https:\/\/roo.fmrp.usp.br\/en\/wp-json\/wp\/v2\/media?parent=3658"}],"curies":[{"name":"wp","href":"https:\/\/api.w.org\/{rel}","templated":true}]}}