{"id":577,"date":"2019-03-26T18:01:24","date_gmt":"2019-03-26T21:01:24","guid":{"rendered":"http:\/\/roo.fmrp.usp.br\/?page_id=577"},"modified":"2025-05-14T10:40:35","modified_gmt":"2025-05-14T13:40:35","slug":"otorrinolaringologia-docentes","status":"publish","type":"page","link":"https:\/\/roo.fmrp.usp.br\/en\/docentes\/otorrinolaringologia-docentes\/","title":{"rendered":"Otolaryngology"},"content":{"rendered":"\t\t<div data-elementor-type=\"wp-page\" data-elementor-id=\"577\" class=\"elementor elementor-577\" data-elementor-post-type=\"page\">\n\t\t\t\t<div class=\"elementor-element elementor-element-4f874e41 e-flex e-con-boxed e-con e-parent\" data-id=\"4f874e41\" data-element_type=\"container\">\n\t\t\t\t\t<div class=\"e-con-inner\">\n\t\t\t\t<div class=\"elementor-element elementor-element-87fbf75 elementor-widget elementor-widget-heading\" data-id=\"87fbf75\" data-element_type=\"widget\" data-widget_type=\"heading.default\">\n\t\t\t\t<div class=\"elementor-widget-container\">\n\t\t\t<h1 class=\"elementor-heading-title elementor-size-default\">Otorhinolaryngology<\/h1>\t\t<\/div>\n\t\t\t\t<\/div>\n\t\t\t\t<div class=\"elementor-element elementor-element-fcbf0ac elementor-widget-divider--view-line elementor-widget elementor-widget-divider\" data-id=\"fcbf0ac\" data-element_type=\"widget\" data-widget_type=\"divider.default\">\n\t\t\t\t<div class=\"elementor-widget-container\">\n\t\t\t\t\t<div class=\"elementor-divider\">\n\t\t\t<span class=\"elementor-divider-separator\">\n\t\t\t\t\t\t<\/span>\n\t\t<\/div>\n\t\t\t\t<\/div>\n\t\t\t\t<\/div>\n\t\t\t\t<div class=\"elementor-element elementor-element-2ee0da9 elementor-widget elementor-widget-text-editor\" data-id=\"2ee0da9\" data-element_type=\"widget\" data-widget_type=\"text-editor.default\">\n\t\t\t\t<div class=\"elementor-widget-container\">\n\t\t\t\t\t\t\t<p><span style=\"font-family: arial, helvetica, sans-serif; font-size: 12pt; color: #000000;\">Check below the <strong>Otorhinolaryngology<\/strong> professor associates with Department of Ophthalmology, Otorhinolaryngology and Head and Neck Surgery in Medical School of Ribeir\u00e3o Preto.<\/span><\/p><p><span style=\"font-family: arial, helvetica, sans-serif; font-size: 12pt; color: #000000;\"><\/span><\/p>\t\t\t\t\t\t<\/div>\n\t\t\t\t<\/div>\n\t\t<div class=\"elementor-element elementor-element-def15db e-grid e-con-full e-con e-child\" data-id=\"def15db\" data-element_type=\"container\">\n\t\t\t\t<div class=\"elementor-element elementor-element-98db84c elementor-widget elementor-widget-image\" data-id=\"98db84c\" data-element_type=\"widget\" data-widget_type=\"image.default\">\n\t\t\t\t<div class=\"elementor-widget-container\">\n\t\t\t\t\t\t\t\t\t\t\t\t\t<img fetchpriority=\"high\" decoding=\"async\" width=\"512\" height=\"512\" src=\"https:\/\/roo.fmrp.usp.br\/wp-content\/uploads\/sites\/330\/2025\/05\/imagem_2025-05-13_110306233.png\" class=\"attachment-large size-large wp-image-2923\" alt=\"\" srcset=\"https:\/\/roo.fmrp.usp.br\/wp-content\/uploads\/sites\/330\/2025\/05\/imagem_2025-05-13_110306233.png 512w, https:\/\/roo.fmrp.usp.br\/wp-content\/uploads\/sites\/330\/2025\/05\/imagem_2025-05-13_110306233-300x300.png 300w, https:\/\/roo.fmrp.usp.br\/wp-content\/uploads\/sites\/330\/2025\/05\/imagem_2025-05-13_110306233-150x150.png 150w, https:\/\/roo.fmrp.usp.br\/wp-content\/uploads\/sites\/330\/2025\/05\/imagem_2025-05-13_110306233-64x64.png 64w, https:\/\/roo.fmrp.usp.br\/wp-content\/uploads\/sites\/330\/2025\/05\/imagem_2025-05-13_110306233-45x45.png 45w, https:\/\/roo.fmrp.usp.br\/wp-content\/uploads\/sites\/330\/2025\/05\/imagem_2025-05-13_110306233-200x200.png 200w, https:\/\/roo.fmrp.usp.br\/wp-content\/uploads\/sites\/330\/2025\/05\/imagem_2025-05-13_110306233-400x400.png 400w, https:\/\/roo.fmrp.usp.br\/wp-content\/uploads\/sites\/330\/2025\/05\/imagem_2025-05-13_110306233-375x375.png 375w\" sizes=\"(max-width: 512px) 100vw, 512px\" \/>\t\t\t\t\t\t\t\t\t\t\t\t\t<\/div>\n\t\t\t\t<\/div>\n\t\t\t\t<div class=\"elementor-element elementor-element-1ad0bb3 elementor-widget elementor-widget-image\" data-id=\"1ad0bb3\" data-element_type=\"widget\" data-widget_type=\"image.default\">\n\t\t\t\t<div class=\"elementor-widget-container\">\n\t\t\t\t\t\t\t\t\t\t\t\t\t<img decoding=\"async\" width=\"474\" height=\"528\" src=\"https:\/\/roo.fmrp.usp.br\/wp-content\/uploads\/sites\/330\/2025\/05\/imagem_2025-05-13_110650466.png\" class=\"attachment-large size-large wp-image-2926\" alt=\"\" srcset=\"https:\/\/roo.fmrp.usp.br\/wp-content\/uploads\/sites\/330\/2025\/05\/imagem_2025-05-13_110650466.png 474w, https:\/\/roo.fmrp.usp.br\/wp-content\/uploads\/sites\/330\/2025\/05\/imagem_2025-05-13_110650466-269x300.png 269w, https:\/\/roo.fmrp.usp.br\/wp-content\/uploads\/sites\/330\/2025\/05\/imagem_2025-05-13_110650466-400x446.png 400w\" sizes=\"(max-width: 474px) 100vw, 474px\" \/>\t\t\t\t\t\t\t\t\t\t\t\t\t<\/div>\n\t\t\t\t<\/div>\n\t\t\t\t<div class=\"elementor-element elementor-element-58d13ad elementor-widget elementor-widget-image\" data-id=\"58d13ad\" data-element_type=\"widget\" data-widget_type=\"image.default\">\n\t\t\t\t<div class=\"elementor-widget-container\">\n\t\t\t\t\t\t\t\t\t\t\t\t\t<img decoding=\"async\" width=\"273\" height=\"300\" src=\"https:\/\/roo.fmrp.usp.br\/wp-content\/uploads\/sites\/330\/2025\/05\/imagem_2025-05-13_110735722.png\" class=\"attachment-large size-large wp-image-2928\" alt=\"\" \/>\t\t\t\t\t\t\t\t\t\t\t\t\t<\/div>\n\t\t\t\t<\/div>\n\t\t\t\t<div class=\"elementor-element elementor-element-c555bd6 elementor-widget elementor-widget-text-editor\" data-id=\"c555bd6\" data-element_type=\"widget\" data-widget_type=\"text-editor.default\">\n\t\t\t\t<div class=\"elementor-widget-container\">\n\t\t\t\t\t\t\t<p style=\"text-align: center;\"><span style=\"font-family: arial, helvetica, sans-serif; font-size: 12pt; color: #000000;\">Professora Doutora Camila Giacomo de Carneiro<\/span><br \/><span style=\"font-family: arial, helvetica, sans-serif; font-size: 12pt; color: #000000;\">Cargo: Professora Doutora<\/span><br \/><span style=\"font-family: arial, helvetica, sans-serif; font-size: 12pt; color: #000000;\">\u00c1rea de atua\u00e7\u00e3o: otoneurologia, doen\u00e7as do labirinto, tonturas, zumbidos e perdas auditivas<\/span><span style=\"font-family: arial, helvetica, sans-serif; font-size: 12pt; color: #000000;\"><br \/>E-mail: camila.giacomo@fmrp.usp.br<\/span><br \/><span style=\"color: #0000ff;\"><a style=\"color: #0000ff;\" href=\"http:\/\/lattes.cnpq.br\/3307192717874041\" target=\"_blank\" rel=\"noopener\"><span style=\"font-family: arial, helvetica, sans-serif; font-size: 12pt;\">Curr\u00edculo Lattes<\/span><\/a><\/span><\/p>\t\t\t\t\t\t<\/div>\n\t\t\t\t<\/div>\n\t\t\t\t<div class=\"elementor-element elementor-element-2e57047 elementor-widget elementor-widget-text-editor\" data-id=\"2e57047\" data-element_type=\"widget\" data-widget_type=\"text-editor.default\">\n\t\t\t\t<div class=\"elementor-widget-container\">\n\t\t\t\t\t\t\t<p style=\"text-align: center;\"><span style=\"font-family: arial, helvetica, sans-serif; font-size: 12pt; color: #000000;\">Professora Doutora Fabiana Cardoso Pereira Valera<\/span><br \/><span style=\"font-family: arial, helvetica, sans-serif; font-size: 12pt; color: #000000;\">Cargo: Professora Associada<\/span><br \/><span style=\"font-family: arial, helvetica, sans-serif; font-size: 12pt; color: #000000;\">\u00c1rea de atua\u00e7\u00e3o: rinologia, apneia obstrutiva do sono e otorrinolaringologia pedi\u00e1trica<\/span><br \/><span style=\"font-family: arial, helvetica, sans-serif; font-size: 12pt; color: #000000;\">Linhas de Pesquisa: fisiopatologia das doen\u00e7as inflamat\u00f3rias nasossinusais, estudo antropom\u00e9trico e funcional da face humana, <br \/>estudo da fisiopatologia da apneia obstrutiva do sono (AOS)<br \/>E-mail: facpvalera@fmrp.usp.br<\/span><br \/><a href=\"http:\/\/lattes.cnpq.br\/3086262580165710\" target=\"_blank\" rel=\"noopener\"><span style=\"font-family: arial, helvetica, sans-serif; font-size: 12pt; color: #0000ff;\">Curr\u00edculo Lattes<\/span><\/a><\/p>\t\t\t\t\t\t<\/div>\n\t\t\t\t<\/div>\n\t\t\t\t<div class=\"elementor-element elementor-element-a971668 elementor-widget elementor-widget-text-editor\" data-id=\"a971668\" data-element_type=\"widget\" data-widget_type=\"text-editor.default\">\n\t\t\t\t<div class=\"elementor-widget-container\">\n\t\t\t\t\t\t\t<p style=\"text-align: center;\"><span style=\"font-family: arial, helvetica, sans-serif; font-size: 12pt; color: #000000;\">Professora Doutora Wilma Terezinha Anselmo-Lima<\/span><br \/><span style=\"font-family: arial, helvetica, sans-serif; font-size: 12pt; color: #000000;\">Cargo: Professora Titular<\/span><br \/><span style=\"font-family: arial, helvetica, sans-serif; font-size: 12pt; color: #000000;\">\u00c1rea de atua\u00e7\u00e3o: rinologia, cirurgia de base de cr\u00e2nio adultos e crian\u00e7as<\/span><br \/><span style=\"font-family: arial, helvetica, sans-serif; font-size: 12pt; color: #000000;\">Linhas de Pesquisa: <br \/>estudo antropom\u00e9trico e funcional das modifica\u00e7\u00f5es da face, <br \/>altera\u00e7\u00f5es histol\u00f3gicos e de biologia molecular da mucosa rinossinusal<br \/>E-mail: wtalima@fmrp.usp.br<\/span><br \/><a href=\"http:\/\/lattes.cnpq.br\/9706160091236914\" target=\"_blank\" rel=\"noopener\"><span style=\"font-family: arial, helvetica, sans-serif; font-size: 12pt; color: #0000ff;\">Curr\u00edculo Lattes<\/span><\/a><\/p>\t\t\t\t\t\t<\/div>\n\t\t\t\t<\/div>\n\t\t\t\t<div class=\"elementor-element elementor-element-a7a0d9d elementor-widget elementor-widget-image\" data-id=\"a7a0d9d\" data-element_type=\"widget\" data-widget_type=\"image.default\">\n\t\t\t\t<div class=\"elementor-widget-container\">\n\t\t\t\t\t\t\t\t\t\t\t\t\t<img loading=\"lazy\" decoding=\"async\" width=\"474\" height=\"528\" src=\"https:\/\/roo.fmrp.usp.br\/wp-content\/uploads\/sites\/330\/2025\/05\/imagem_2025-05-13_110518475.png\" class=\"attachment-large size-large wp-image-2924\" alt=\"\" srcset=\"https:\/\/roo.fmrp.usp.br\/wp-content\/uploads\/sites\/330\/2025\/05\/imagem_2025-05-13_110518475.png 474w, https:\/\/roo.fmrp.usp.br\/wp-content\/uploads\/sites\/330\/2025\/05\/imagem_2025-05-13_110518475-269x300.png 269w, https:\/\/roo.fmrp.usp.br\/wp-content\/uploads\/sites\/330\/2025\/05\/imagem_2025-05-13_110518475-400x446.png 400w\" sizes=\"(max-width: 474px) 100vw, 474px\" \/>\t\t\t\t\t\t\t\t\t\t\t\t\t<\/div>\n\t\t\t\t<\/div>\n\t\t\t\t<div class=\"elementor-element elementor-element-d1603dd elementor-widget elementor-widget-image\" data-id=\"d1603dd\" data-element_type=\"widget\" data-widget_type=\"image.default\">\n\t\t\t\t<div class=\"elementor-widget-container\">\n\t\t\t\t\t\t\t\t\t\t\t\t\t<img loading=\"lazy\" decoding=\"async\" width=\"474\" height=\"528\" src=\"https:\/\/roo.fmrp.usp.br\/wp-content\/uploads\/sites\/330\/2025\/05\/imagem_2025-05-13_110557487.png\" class=\"attachment-large size-large wp-image-2925\" alt=\"\" srcset=\"https:\/\/roo.fmrp.usp.br\/wp-content\/uploads\/sites\/330\/2025\/05\/imagem_2025-05-13_110557487.png 474w, https:\/\/roo.fmrp.usp.br\/wp-content\/uploads\/sites\/330\/2025\/05\/imagem_2025-05-13_110557487-269x300.png 269w, https:\/\/roo.fmrp.usp.br\/wp-content\/uploads\/sites\/330\/2025\/05\/imagem_2025-05-13_110557487-400x446.png 400w\" sizes=\"(max-width: 474px) 100vw, 474px\" \/>\t\t\t\t\t\t\t\t\t\t\t\t\t<\/div>\n\t\t\t\t<\/div>\n\t\t\t\t<div class=\"elementor-element elementor-element-2c92793 elementor-widget elementor-widget-image\" data-id=\"2c92793\" data-element_type=\"widget\" data-widget_type=\"image.default\">\n\t\t\t\t<div class=\"elementor-widget-container\">\n\t\t\t\t\t\t\t\t\t\t\t\t\t<img loading=\"lazy\" decoding=\"async\" width=\"269\" height=\"300\" src=\"https:\/\/roo.fmrp.usp.br\/wp-content\/uploads\/sites\/330\/2025\/05\/imagem_2025-05-13_110719834.png\" class=\"attachment-large size-large wp-image-2927\" alt=\"\" \/>\t\t\t\t\t\t\t\t\t\t\t\t\t<\/div>\n\t\t\t\t<\/div>\n\t\t\t\t<div class=\"elementor-element elementor-element-f819351 elementor-widget elementor-widget-text-editor\" data-id=\"f819351\" data-element_type=\"widget\" data-widget_type=\"text-editor.default\">\n\t\t\t\t<div class=\"elementor-widget-container\">\n\t\t\t\t\t\t\t<p style=\"text-align: center;\"><span style=\"font-family: arial, helvetica, sans-serif; font-size: 12pt; color: #000000;\">Professor Doutor Eduardo Tanaka Massuda<\/span><br \/><span style=\"font-family: arial, helvetica, sans-serif; font-size: 12pt; color: #000000;\">Cargo: Professor Doutor<\/span><br \/><span style=\"font-family: arial, helvetica, sans-serif; font-size: 12pt; color: #000000;\">\u00c1rea de atua\u00e7\u00e3o: Otologia<\/span><br \/><span style=\"font-family: arial, helvetica, sans-serif; font-size: 12pt; color: #000000;\">Linha de Pesquisa: orelha interna. estudos cl\u00ednicos e experimentais das patologias cocleares e vestibulares<br \/>E-mail: edumassuda@fmrp.usp.br<\/span><br \/><a href=\"http:\/\/lattes.cnpq.br\/3661034333295310\" target=\"_blank\" rel=\"noopener\"><span style=\"font-family: arial, helvetica, sans-serif; font-size: 12pt; color: #0000ff;\">Curr\u00edculo Lattes<\/span><\/a><\/p>\t\t\t\t\t\t<\/div>\n\t\t\t\t<\/div>\n\t\t\t\t<div class=\"elementor-element elementor-element-568971e elementor-widget elementor-widget-text-editor\" data-id=\"568971e\" data-element_type=\"widget\" data-widget_type=\"text-editor.default\">\n\t\t\t\t<div class=\"elementor-widget-container\">\n\t\t\t\t\t\t\t<p style=\"text-align: center;\"><span style=\"font-family: arial, helvetica, sans-serif; font-size: 12pt; color: #000000;\">Professor Doutor Edwin Tamashiro<\/span><br \/><span style=\"font-family: arial, helvetica, sans-serif; font-size: 12pt; color: #000000;\">Cargo: Professor Associado<\/span><br \/><span style=\"font-family: arial, helvetica, sans-serif; font-size: 12pt; color: #000000;\">\u00c1rea de Atua\u00e7\u00e3o: rinologia, cirurgia de Base de cr\u00e2nio e laringologia e voz<\/span><br \/><span style=\"font-family: arial, helvetica, sans-serif; font-size: 12pt; color: #000000;\">Linhas de Pesquisa: avalia\u00e7\u00e3o e investiga\u00e7\u00e3o de novas modalidades terap\u00eauticas com aplicabilidade em otorrinolaringologia, avalia\u00e7\u00e3o de mecanismos fisiopatog\u00eanicos da rinossinusite cr\u00f4nica, aspectos em processos inflamat\u00f3rios das vias a\u00e9reas superiores<br \/>E-mail: edwin@fmrp.usp.br<\/span><br \/><a href=\"http:\/\/lattes.cnpq.br\/8097441747385685\" target=\"_blank\" rel=\"noopener\"><span style=\"font-family: arial, helvetica, sans-serif; font-size: 12pt; color: #0000ff;\">Curr\u00edculo Lattes<\/span><\/a><\/p>\t\t\t\t\t\t<\/div>\n\t\t\t\t<\/div>\n\t\t\t\t<div class=\"elementor-element elementor-element-089d754 elementor-widget elementor-widget-text-editor\" data-id=\"089d754\" data-element_type=\"widget\" data-widget_type=\"text-editor.default\">\n\t\t\t\t<div class=\"elementor-widget-container\">\n\t\t\t\t\t\t\t<p style=\"text-align: center;\"><span style=\"font-family: arial, helvetica, sans-serif; font-size: 12pt; color: #000000;\">Professor Doutor Miguel Angelo Hyppolito <\/span><br \/><span style=\"font-family: arial, helvetica, sans-serif; font-size: 12pt; color: #000000;\">Cargo: Professor Associado<\/span><br \/><span style=\"font-family: arial, helvetica, sans-serif; font-size: 12pt; color: #000000;\">\u00c1rea de atua\u00e7\u00e3o: cl\u00ednica e cir\u00fargica em otologia, implante e solu\u00e7\u00f5es auditivas implant\u00e1veis, audiologia, otoneurologia e otorrinolaringologia geral no adulto e infantil<\/span><br \/><span style=\"font-family: arial, helvetica, sans-serif; font-size: 12pt; color: #000000;\">Linhas de Pesquisa: ototoxicidade a aminoglicos\u00eddeos, salicilato e quimioter\u00e1picos, otoprote\u00e7\u00e3o, timpanoplastias, membrana de l\u00e1tex e materiais implant\u00e1veis em orelha m\u00e9dia, implante coclear e pr\u00f3teses auditivas implant\u00e1veis, eletrofisiologia da audi\u00e7\u00e3o, otoneurologia e equil\u00edbrio<br \/>E-mail: mahyppo@fmrp.usp.br<\/span><br \/><a href=\"http:\/\/lattes.cnpq.br\/5535637780238796\" target=\"_blank\" rel=\"noopener\"><span style=\"font-family: arial, helvetica, sans-serif; font-size: 12pt; color: #0000ff;\">Curr\u00edculo Lattes<\/span><\/a><\/p>\t\t\t\t\t\t<\/div>\n\t\t\t\t<\/div>\n\t\t\t\t<\/div>\n\t\t\t\t\t<\/div>\n\t\t\t\t<\/div>\n\t\t\t\t<\/div>\n\t\t","protected":false},"excerpt":{"rendered":"<p>Otorhinolaryngology Check below the Otorhinolaryngology professor associates with Department of Ophthalmology, Otorhinolaryngology and Head and Neck Surgery in Medical School of Ribeir\u00e3o Preto. Professora Doutora Camila Giacomo de CarneiroCargo: Professora Doutora\u00c1rea de atua\u00e7\u00e3o: otoneurologia, doen\u00e7as do labirinto, tonturas, zumbidos e perdas auditivasE-mail: camila.giacomo@fmrp.usp.brCurr\u00edculo Lattes Professora Doutora Fabiana Cardoso Pereira ValeraCargo: Professora Associada\u00c1rea de atua\u00e7\u00e3o: rinologia, [&hellip;]<\/p>\n","protected":false},"author":166,"featured_media":0,"parent":1235,"menu_order":0,"comment_status":"closed","ping_status":"closed","template":"elementor_theme","meta":{"ocean_post_layout":"","ocean_both_sidebars_style":"","ocean_both_sidebars_content_width":0,"ocean_both_sidebars_sidebars_width":0,"ocean_sidebar":"","ocean_second_sidebar":"","ocean_disable_margins":"enable","ocean_add_body_class":"","ocean_shortcode_before_top_bar":"","ocean_shortcode_after_top_bar":"","ocean_shortcode_before_header":"","ocean_shortcode_after_header":"","ocean_has_shortcode":"","ocean_shortcode_after_title":"","ocean_shortcode_before_footer_widgets":"","ocean_shortcode_after_footer_widgets":"","ocean_shortcode_before_footer_bottom":"","ocean_shortcode_after_footer_bottom":"","ocean_display_top_bar":"default","ocean_display_header":"default","ocean_header_style":"","ocean_center_header_left_menu":"","ocean_custom_header_template":"","ocean_custom_logo":0,"ocean_custom_retina_logo":0,"ocean_custom_logo_max_width":0,"ocean_custom_logo_tablet_max_width":0,"ocean_custom_logo_mobile_max_width":0,"ocean_custom_logo_max_height":0,"ocean_custom_logo_tablet_max_height":0,"ocean_custom_logo_mobile_max_height":0,"ocean_header_custom_menu":"","ocean_menu_typo_font_family":"","ocean_menu_typo_font_subset":"","ocean_menu_typo_font_size":0,"ocean_menu_typo_font_size_tablet":0,"ocean_menu_typo_font_size_mobile":0,"ocean_menu_typo_font_size_unit":"px","ocean_menu_typo_font_weight":"","ocean_menu_typo_font_weight_tablet":"","ocean_menu_typo_font_weight_mobile":"","ocean_menu_typo_transform":"","ocean_menu_typo_transform_tablet":"","ocean_menu_typo_transform_mobile":"","ocean_menu_typo_line_height":0,"ocean_menu_typo_line_height_tablet":0,"ocean_menu_typo_line_height_mobile":0,"ocean_menu_typo_line_height_unit":"","ocean_menu_typo_spacing":0,"ocean_menu_typo_spacing_tablet":0,"ocean_menu_typo_spacing_mobile":0,"ocean_menu_typo_spacing_unit":"","ocean_menu_link_color":"","ocean_menu_link_color_hover":"","ocean_menu_link_color_active":"","ocean_menu_link_background":"","ocean_menu_link_hover_background":"","ocean_menu_link_active_background":"","ocean_menu_social_links_bg":"","ocean_menu_social_hover_links_bg":"","ocean_menu_social_links_color":"","ocean_menu_social_hover_links_color":"","ocean_disable_title":"default","ocean_disable_heading":"on","ocean_post_title":"","ocean_post_subheading":"","ocean_post_title_style":"","ocean_post_title_background_color":"","ocean_post_title_background":0,"ocean_post_title_bg_image_position":"","ocean_post_title_bg_image_attachment":"","ocean_post_title_bg_image_repeat":"","ocean_post_title_bg_image_size":"","ocean_post_title_height":0,"ocean_post_title_bg_overlay":0.5,"ocean_post_title_bg_overlay_color":"","ocean_disable_breadcrumbs":"default","ocean_breadcrumbs_color":"","ocean_breadcrumbs_separator_color":"","ocean_breadcrumbs_links_color":"","ocean_breadcrumbs_links_hover_color":"","ocean_display_footer_widgets":"default","ocean_display_footer_bottom":"default","ocean_custom_footer_template":"","footnotes":"","_links_to":"","_links_to_target":""},"class_list":["post-577","page","type-page","status-publish","hentry","entry"],"_links":{"self":[{"href":"https:\/\/roo.fmrp.usp.br\/en\/wp-json\/wp\/v2\/pages\/577","targetHints":{"allow":["GET"]}}],"collection":[{"href":"https:\/\/roo.fmrp.usp.br\/en\/wp-json\/wp\/v2\/pages"}],"about":[{"href":"https:\/\/roo.fmrp.usp.br\/en\/wp-json\/wp\/v2\/types\/page"}],"author":[{"embeddable":true,"href":"https:\/\/roo.fmrp.usp.br\/en\/wp-json\/wp\/v2\/users\/166"}],"replies":[{"embeddable":true,"href":"https:\/\/roo.fmrp.usp.br\/en\/wp-json\/wp\/v2\/comments?post=577"}],"version-history":[{"count":4,"href":"https:\/\/roo.fmrp.usp.br\/en\/wp-json\/wp\/v2\/pages\/577\/revisions"}],"predecessor-version":[{"id":2973,"href":"https:\/\/roo.fmrp.usp.br\/en\/wp-json\/wp\/v2\/pages\/577\/revisions\/2973"}],"up":[{"embeddable":true,"href":"https:\/\/roo.fmrp.usp.br\/en\/wp-json\/wp\/v2\/pages\/1235"}],"wp:attachment":[{"href":"https:\/\/roo.fmrp.usp.br\/en\/wp-json\/wp\/v2\/media?parent=577"}],"curies":[{"name":"wp","href":"https:\/\/api.w.org\/{rel}","templated":true}]}}