{"id":2069,"date":"2024-05-08T09:08:34","date_gmt":"2024-05-08T12:08:34","guid":{"rendered":"https:\/\/roo.fmrp.usp.br\/?page_id=2069"},"modified":"2025-07-08T09:30:08","modified_gmt":"2025-07-08T12:30:08","slug":"conselho-do-departamento","status":"publish","type":"page","link":"https:\/\/roo.fmrp.usp.br\/es\/conselho-do-departamento\/","title":{"rendered":"(Portugu\u00eas) Conselho do Departamento"},"content":{"rendered":"\t\t<div data-elementor-type=\"wp-page\" data-elementor-id=\"2069\" class=\"elementor elementor-2069\" data-elementor-post-type=\"page\">\n\t\t\t\t<div class=\"elementor-element elementor-element-0d1fd7b e-flex e-con-boxed e-con e-parent\" data-id=\"0d1fd7b\" data-element_type=\"container\">\n\t\t\t\t\t<div class=\"e-con-inner\">\n\t\t\t\t<div class=\"elementor-element elementor-element-e4145b8 elementor-widget elementor-widget-text-editor\" data-id=\"e4145b8\" data-element_type=\"widget\" data-widget_type=\"text-editor.default\">\n\t\t\t\t<div class=\"elementor-widget-container\">\n\t\t\t\t\t\t\t<h1 style=\"text-align: center;\"><span style=\"font-family: 'arial black', sans-serif; font-size: 14pt; color: #000000;\">Conselho do Departamento de Oftalmologia, Otorrinolaringologia e Cirurgia de Cabe\u00e7a e <\/span><span style=\"font-family: 'arial black', sans-serif; font-size: 14pt; color: #000000;\">Pesco\u00e7o &#8211; ROO &#8211; Faculdade de Medicina de Ribeir\u00e3o Preto<\/span><\/h1>\n<table class=\" aligncenter\">\n<tbody>\n<tr>\n<td>\n<p><span style=\"font-family: arial, helvetica, sans-serif; font-size: 12pt; color: #000000;\"><strong>PRESID\u00caNCIA<\/strong><\/span><\/p>\n<\/td>\n<td>\n<p><span style=\"font-family: arial, helvetica, sans-serif; font-size: 12pt; color: #000000;\"><strong>In\u00edcio<\/strong><\/span><\/p>\n<\/td>\n<td>\n<p><span style=\"font-family: arial, helvetica, sans-serif; font-size: 12pt; color: #000000;\"><strong>T\u00e9rmino<\/strong><\/span><\/p>\n<\/td>\n<\/tr>\n<tr>\n<td>\n<p><span style=\"font-weight: 400; font-family: arial, helvetica, sans-serif; font-size: 12pt; color: #000000;\">Prof. Dr. Rodrigo Jorge \u2013 Presidente<\/span><\/p>\n<\/td>\n<td style=\"border-style: solid;\">\n<p><span style=\"font-weight: 400; font-family: arial, helvetica, sans-serif; font-size: 12pt; color: #000000;\">13\/11\/2023<\/span><\/p>\n<\/td>\n<td>\n<p><span style=\"font-weight: 400; font-family: arial, helvetica, sans-serif; font-size: 12pt; color: #000000;\">12\/11\/2025<\/span><\/p>\n<\/td>\n<\/tr>\n<tr>\n<td>\n<p><span style=\"font-weight: 400; font-family: arial, helvetica, sans-serif; font-size: 12pt; color: #000000;\">Prof. Dr. Miguel Angelo Hyppolito \u2013 Vice-Presidente<\/span><\/p>\n<\/td>\n<td>\n<p><span style=\"font-weight: 400; font-family: arial, helvetica, sans-serif; font-size: 12pt; color: #000000;\">13\/11\/2023<\/span><\/p>\n<\/td>\n<td>\n<p><span style=\"font-weight: 400; font-family: arial, helvetica, sans-serif; font-size: 12pt; color: #000000;\">12\/11\/2025<\/span><\/p>\n<\/td>\n<\/tr>\n<tr>\n<td>\n<p><span style=\"font-family: arial, helvetica, sans-serif; font-size: 12pt; color: #000000;\"><b>Representantes dos Professores Titulares<\/b><\/span><\/p>\n<\/td>\n<td>\n<p><span style=\"font-family: arial, helvetica, sans-serif; font-size: 12pt; color: #000000;\"><b>In\u00edcio<\/b><\/span><\/p>\n<\/td>\n<td>\n<p><span style=\"font-family: arial, helvetica, sans-serif; font-size: 12pt; color: #000000;\"><b>T\u00e9rmino<\/b><\/span><\/p>\n<\/td>\n<\/tr>\n<tr>\n<td>\n<p><span style=\"font-weight: 400; font-family: arial, helvetica, sans-serif; font-size: 12pt; color: #000000;\">Prof. Dr. Antonio Augusto Velasco e Cruz<\/span><\/p>\n<\/td>\n<td>\n<p><span style=\"font-weight: 400; font-family: arial, helvetica, sans-serif; font-size: 12pt; color: #000000;\">13\/11\/2023<\/span><\/p>\n<\/td>\n<td>\n<p><span style=\"font-weight: 400; font-family: arial, helvetica, sans-serif; font-size: 12pt; color: #000000;\">12\/11\/2025<\/span><\/p>\n<\/td>\n<\/tr>\n<tr>\n<td>\n<p><span style=\"font-weight: 400; font-family: arial, helvetica, sans-serif; font-size: 12pt; color: #000000;\">Prof. Dr. Eduardo Melani Rocha<\/span><\/p>\n<\/td>\n<td>\n<p><span style=\"font-weight: 400; font-family: arial, helvetica, sans-serif; font-size: 12pt; color: #000000;\">13\/11\/2023<\/span><\/p>\n<\/td>\n<td>\n<p><span style=\"font-weight: 400; font-family: arial, helvetica, sans-serif; font-size: 12pt; color: #000000;\">12\/11\/2025<\/span><\/p>\n<\/td>\n<\/tr>\n<tr>\n<td>\n<p><span style=\"font-weight: 400; font-family: arial, helvetica, sans-serif; font-size: 12pt; color: #000000;\">Prof\u00aa Dr\u00aa Fabiana Cardoso Pereira Valera<\/span><\/p>\n<\/td>\n<td>\n<p><span style=\"font-weight: 400; font-family: arial, helvetica, sans-serif; font-size: 12pt; color: #000000;\">05\/12\/2024<\/span><\/p>\n<\/td>\n<td>\n<p><span style=\"font-weight: 400; font-family: arial, helvetica, sans-serif; font-size: 12pt; color: #000000;\">04\/12\/2026<\/span><\/p>\n<\/td>\n<\/tr>\n<tr>\n<td>\n<p><span style=\"font-weight: 400; font-family: arial, helvetica, sans-serif; font-size: 12pt; color: #000000;\">Prof. Dr. Rodrigo Jorge<\/span><\/p>\n<\/td>\n<td>\n<p><span style=\"font-weight: 400; font-family: arial, helvetica, sans-serif; font-size: 12pt; color: #000000;\">31\/01\/2025<\/span><\/p>\n<\/td>\n<td>\n<p><span style=\"font-weight: 400; font-family: arial, helvetica, sans-serif; font-size: 12pt; color: #000000;\">30\/01\/2027<\/span><\/p>\n<\/td>\n<\/tr>\n<tr>\n<td>\n<p><span style=\"font-weight: 400; font-family: arial, helvetica, sans-serif; font-size: 12pt; color: #000000;\">Prof\u00aa Dr\u00aa Wilma Terezinha Anselmo Lima<\/span><\/p>\n<\/td>\n<td>\n<p><span style=\"font-weight: 400; font-family: arial, helvetica, sans-serif; font-size: 12pt; color: #000000;\">13\/11\/2023<\/span><\/p>\n<\/td>\n<td>\n<p><span style=\"font-weight: 400; font-family: arial, helvetica, sans-serif; font-size: 12pt; color: #000000;\">12\/11\/2025<\/span><\/p>\n<\/td>\n<\/tr>\n<tr>\n<td>\n<p><span style=\"font-family: arial, helvetica, sans-serif; font-size: 12pt; color: #000000;\"><b>Representantes dos Professores Associados<\/b><\/span><\/p>\n<\/td>\n<td>\n<p><span style=\"font-family: arial, helvetica, sans-serif; font-size: 12pt; color: #000000;\"><b>In\u00edcio<\/b><\/span><\/p>\n<\/td>\n<td>\n<p><span style=\"font-family: arial, helvetica, sans-serif; font-size: 12pt; color: #000000;\"><b>T\u00e9rmino<\/b><\/span><\/p>\n<\/td>\n<\/tr>\n<tr>\n<td>\n<p><span style=\"font-weight: 400; font-family: arial, helvetica, sans-serif; font-size: 12pt; color: #000000;\">Prof. Dr. Edwin Tamashiro<\/span><\/p>\n<\/td>\n<td>\n<p><span style=\"font-weight: 400; font-family: arial, helvetica, sans-serif; font-size: 12pt; color: #000000;\">04\/03\/2024<\/span><\/p>\n<\/td>\n<td>\n<p><span style=\"font-weight: 400; font-family: arial, helvetica, sans-serif; font-size: 12pt; color: #000000;\">03\/04\/2026<\/span><\/p>\n<\/td>\n<\/tr>\n<tr>\n<td>\n<p><span style=\"font-weight: 400; font-family: arial, helvetica, sans-serif; font-size: 12pt; color: #000000;\">Prof. Dr. Jo\u00e3o Marcello F\u00f3rtes Furtado<\/span><\/p>\n<\/td>\n<td>\n<p><span style=\"font-weight: 400; font-family: arial, helvetica, sans-serif; font-size: 12pt; color: #000000;\">13\/03\/2025<\/span><\/p>\n<\/td>\n<td>\n<p><span style=\"font-weight: 400; font-family: arial, helvetica, sans-serif; font-size: 12pt; color: #000000;\">12\/03\/2027<\/span><\/p>\n<\/td>\n<\/tr>\n<tr>\n<td>\n<p><span style=\"font-weight: 400; font-family: arial, helvetica, sans-serif; font-size: 12pt; color: #000000;\">Prof. Dr. Luiz Carlos Conti de Freitas<\/span><\/p>\n<\/td>\n<td>\n<p><span style=\"font-weight: 400; font-family: arial, helvetica, sans-serif; font-size: 12pt; color: #000000;\">29\/04\/2025<\/span><\/p>\n<\/td>\n<td>\n<p><span style=\"font-weight: 400; font-family: arial, helvetica, sans-serif; font-size: 12pt; color: #000000;\">28\/04\/2027<\/span><\/p>\n<\/td>\n<\/tr>\n<tr>\n<td>\n<p><span style=\"font-weight: 400; font-family: arial, helvetica, sans-serif; font-size: 12pt; color: #000000;\">Prof. Dr. Miguel Angelo Hyppolito<\/span><\/p>\n<\/td>\n<td>\n<p><span style=\"font-weight: 400; font-family: arial, helvetica, sans-serif; font-size: 12pt; color: #000000;\">29\/04\/2025<\/span><\/p>\n<\/td>\n<td>\n<p><span style=\"font-weight: 400; font-family: arial, helvetica, sans-serif; font-size: 12pt; color: #000000;\">28\/04\/2027<\/span><\/p>\n<\/td>\n<\/tr>\n<tr>\n<td>\n<p><span style=\"font-family: arial, helvetica, sans-serif; font-size: 12pt; color: #000000;\"><b>Suplentes dos Professores Associados<\/b><\/span><\/p>\n<\/td>\n<td>\n<p><span style=\"font-family: arial, helvetica, sans-serif; font-size: 12pt; color: #000000;\"><b>In\u00edcio<\/b><\/span><\/p>\n<\/td>\n<td>\n<p><span style=\"font-family: arial, helvetica, sans-serif; font-size: 12pt; color: #000000;\"><b>T\u00e9rmino<\/b><\/span><\/p>\n<\/td>\n<\/tr>\n<tr>\n<td>\n<p><span style=\"font-weight: 400; font-family: arial, helvetica, sans-serif; font-size: 12pt; color: #000000;\">Prof. Dr. Andr\u00e9 M\u00e1rcio Vieira Messias<\/span><\/p>\n<\/td>\n<td>\n<p><span style=\"font-weight: 400; font-family: arial, helvetica, sans-serif; font-size: 12pt; color: #000000;\">29\/03\/2025<\/span><\/p>\n<\/td>\n<td>\n<p><span style=\"font-weight: 400; font-family: arial, helvetica, sans-serif; font-size: 12pt; color: #000000;\">28\/03\/2027<\/span><\/p>\n<\/td>\n<\/tr>\n<tr>\n<td>\n<p><span style=\"font-weight: 400; font-family: arial, helvetica, sans-serif; font-size: 12pt; color: #000000;\">Prof. Dr. Francisco Verissimo de Mello Filho<\/span><\/p>\n<\/td>\n<td>\n<p><span style=\"font-weight: 400; font-family: arial, helvetica, sans-serif; font-size: 12pt; color: #000000;\">25\/02\/2025<\/span><\/p>\n<\/td>\n<td>\n<p><span style=\"font-weight: 400; font-family: arial, helvetica, sans-serif; font-size: 12pt; color: #000000;\">24\/02\/2027<\/span><\/p>\n<\/td>\n<\/tr>\n<tr>\n<td>\n<p><span style=\"font-weight: 400; font-family: arial, helvetica, sans-serif; font-size: 12pt; color: #000000;\">Prof. Dr. Jayter Silva de Paula<\/span><\/p>\n<\/td>\n<td>\n<p><span style=\"font-weight: 400; font-family: arial, helvetica, sans-serif; font-size: 12pt; color: #000000;\">29\/04\/2025<\/span><\/p>\n<\/td>\n<td>\n<p><span style=\"font-weight: 400; font-family: arial, helvetica, sans-serif; font-size: 12pt; color: #000000;\">28\/04\/2027<\/span><\/p>\n<\/td>\n<\/tr>\n<tr>\n<td>\n<p><span style=\"font-weight: 400; font-family: arial, helvetica, sans-serif; font-size: 12pt; color: #000000;\">Prof\u00aa Dr\u00aa Lilian Neto Aguiar Ricz<\/span><\/p>\n<\/td>\n<td>\n<p><span style=\"font-weight: 400; font-family: arial, helvetica, sans-serif; font-size: 12pt; color: #000000;\">11\/03\/2025<\/span><\/p>\n<\/td>\n<td>\n<p><span style=\"font-weight: 400; font-family: arial, helvetica, sans-serif; font-size: 12pt; color: #000000;\">10\/03\/2027<\/span><\/p>\n<\/td>\n<\/tr>\n<tr>\n<td>\n<p><span style=\"font-family: arial, helvetica, sans-serif; font-size: 12pt; color: #000000;\"><b>Representantes dos Professores Doutores<\/b><\/span><\/p>\n<\/td>\n<td>\n<p><span style=\"font-family: arial, helvetica, sans-serif; font-size: 12pt; color: #000000;\"><b>In\u00edcio<\/b><\/span><\/p>\n<\/td>\n<td>\n<p><span style=\"font-family: arial, helvetica, sans-serif; font-size: 12pt; color: #000000;\"><b>T\u00e9rmino<\/b><\/span><\/p>\n<\/td>\n<\/tr>\n<tr>\n<td>\n<p><span style=\"font-weight: 400; font-family: arial, helvetica, sans-serif; font-size: 12pt; color: #000000;\">Prof. Dr. Eduardo Tanaka Massuda<\/span><\/p>\n<\/td>\n<td>\n<p><span style=\"font-weight: 400; font-family: arial, helvetica, sans-serif; font-size: 12pt; color: #000000;\">20\/02\/2024<\/span><\/p>\n<\/td>\n<td>\n<p><span style=\"font-weight: 400; font-family: arial, helvetica, sans-serif; font-size: 12pt; color: #000000;\">19\/02\/2026<\/span><\/p>\n<\/td>\n<\/tr>\n<tr>\n<td>\n<p><span style=\"font-weight: 400; font-family: arial, helvetica, sans-serif; font-size: 12pt; color: #000000;\">Prof. Dr. Hilton Marcos Alves Ricz<\/span><\/p>\n<\/td>\n<td>\n<p><span style=\"font-weight: 400; font-family: arial, helvetica, sans-serif; font-size: 12pt; color: #000000;\">13\/03\/2025<\/span><\/p>\n<\/td>\n<td>\n<p><span style=\"font-weight: 400; font-family: arial, helvetica, sans-serif; font-size: 12pt; color: #000000;\">12\/03\/2027<\/span><\/p>\n<\/td>\n<\/tr>\n<tr>\n<td>\n<p><span style=\"font-weight: 400; font-family: arial, helvetica, sans-serif; font-size: 12pt; color: #000000;\">Prof\u00aa Dr\u00aa Luciana Vitaliano Voi Trawitzki<\/span><\/p>\n<\/td>\n<td>\n<p><span style=\"font-weight: 400; font-family: arial, helvetica, sans-serif; font-size: 12pt; color: #000000;\">13\/03\/2025<\/span><\/p>\n<\/td>\n<td>\n<p><span style=\"font-weight: 400; font-family: arial, helvetica, sans-serif; font-size: 12pt; color: #000000;\">12\/03\/2027<\/span><\/p>\n<\/td>\n<\/tr>\n<tr>\n<td>\n<p><span style=\"font-family: arial, helvetica, sans-serif; font-size: 12pt; color: #000000;\"><b>Suplentes dos Professores Doutores<\/b><\/span><\/p>\n<\/td>\n<td>\n<p><span style=\"font-family: arial, helvetica, sans-serif; font-size: 12pt; color: #000000;\"><b>In\u00edcio<\/b><\/span><\/p>\n<\/td>\n<td>\n<p><span style=\"font-family: arial, helvetica, sans-serif; font-size: 12pt; color: #000000;\"><b>T\u00e9rmino<\/b><\/span><\/p>\n<\/td>\n<\/tr>\n<tr>\n<td>\n<p><span style=\"font-weight: 400; font-family: arial, helvetica, sans-serif; font-size: 12pt; color: #000000;\">Prof\u00aa Dr\u00aa Camila de Giacomo Carneiro Barros<\/span><\/p>\n<\/td>\n<td>\n<p><span style=\"font-weight: 400; font-family: arial, helvetica, sans-serif; font-size: 12pt; color: #000000;\">13\/03\/2025<\/span><\/p>\n<\/td>\n<td>\n<p><span style=\"font-weight: 400; font-family: arial, helvetica, sans-serif; font-size: 12pt; color: #000000;\">12\/03\/2027<\/span><\/p>\n<\/td>\n<\/tr>\n<tr>\n<td>\n<p><span style=\"font-family: arial, helvetica, sans-serif; font-size: 12pt; color: #000000;\"><b>Representa\u00e7\u00e3o Discente de Gradua\u00e7\u00e3o<\/b><\/span><\/p>\n<\/td>\n<td>\n<p><span style=\"font-family: arial, helvetica, sans-serif; font-size: 12pt; color: #000000;\"><b>In\u00edcio<\/b><\/span><\/p>\n<\/td>\n<td>\n<p><span style=\"font-family: arial, helvetica, sans-serif; font-size: 12pt; color: #000000;\"><b>T\u00e9rmino<\/b><\/span><\/p>\n<\/td>\n<\/tr>\n<tr>\n<td>\n<p><span style=\"font-weight: 400; font-family: arial, helvetica, sans-serif; font-size: 12pt; color: #000000;\">Acad\u00eamica Karine Eyng da Silva (Titular)<\/span><\/p>\n<\/td>\n<td>\n<p><span style=\"font-weight: 400; font-family: arial, helvetica, sans-serif; font-size: 12pt; color: #000000;\">03\/07\/2025<\/span><\/p>\n<\/td>\n<td>\n<p><span style=\"font-weight: 400; font-family: arial, helvetica, sans-serif; font-size: 12pt; color: #000000;\">02\/07\/2026<\/span><\/p>\n<\/td>\n<\/tr>\n<tr>\n<td>\n<p><span style=\"font-weight: 400; font-family: arial, helvetica, sans-serif; font-size: 12pt; color: #000000;\">Acad\u00eamica L\u00edvia Luiza Pinaso (Suplente)<\/span><\/p>\n<\/td>\n<td>\n<p><span style=\"font-weight: 400; font-family: arial, helvetica, sans-serif; font-size: 12pt; color: #000000;\">03\/07\/2025<\/span><\/p>\n<\/td>\n<td>\n<p><span style=\"font-weight: 400; font-family: arial, helvetica, sans-serif; font-size: 12pt; color: #000000;\">02\/07\/2026<\/span><\/p>\n<\/td>\n<\/tr>\n<tr>\n<td>\n<p><span style=\"font-family: arial, helvetica, sans-serif; font-size: 12pt; color: #000000;\"><b>Representa\u00e7\u00e3o do Servidores T\u00e9cnicos e Administrativos<\/b><\/span><\/p>\n<\/td>\n<td>\n<p><span style=\"font-family: arial, helvetica, sans-serif; font-size: 12pt; color: #000000;\"><b>In\u00edcio<\/b><\/span><\/p>\n<\/td>\n<td>\n<p><span style=\"font-family: arial, helvetica, sans-serif; font-size: 12pt; color: #000000;\"><b>T\u00e9rmino<\/b><\/span><\/p>\n<\/td>\n<\/tr>\n<tr>\n<td>\n<p><span style=\"font-weight: 400; font-family: arial, helvetica, sans-serif; font-size: 12pt; color: #000000;\">Sr\u00aa Marina Zilio Fantucci (Titular)<\/span><\/p>\n<\/td>\n<td>\n<p><span style=\"font-weight: 400; font-family: arial, helvetica, sans-serif; font-size: 12pt; color: #000000;\">05\/12\/2024<\/span><\/p>\n<\/td>\n<td>\n<p><span style=\"font-weight: 400; font-family: arial, helvetica, sans-serif; font-size: 12pt; color: #000000;\">04\/12\/2025<\/span><\/p>\n<\/td>\n<\/tr>\n<tr>\n<td>\n<p><span style=\"font-weight: 400; font-family: arial, helvetica, sans-serif; font-size: 12pt; color: #000000;\">Sr\u00aa Lilian Eslaine Costa Mendes da Silva (Suplente)<\/span><\/p>\n<\/td>\n<td>\n<p><span style=\"font-weight: 400; font-family: arial, helvetica, sans-serif; font-size: 12pt; color: #000000;\">05\/12\/2024<\/span><\/p>\n<\/td>\n<td>\n<p><span style=\"font-weight: 400; font-family: arial, helvetica, sans-serif; font-size: 12pt; color: #000000;\">04\/12\/2025<\/span><\/p>\n<\/td>\n<\/tr>\n<\/tbody>\n<\/table>\t\t\t\t\t\t<\/div>\n\t\t\t\t<\/div>\n\t\t\t\t\t<\/div>\n\t\t\t\t<\/div>\n\t\t\t\t<\/div>\n\t\t","protected":false},"excerpt":{"rendered":"<p>Conselho do Departamento de Oftalmologia, Otorrinolaringologia e Cirurgia de Cabe\u00e7a e Pesco\u00e7o &#8211; ROO &#8211; Faculdade de Medicina de Ribeir\u00e3o Preto PRESID\u00caNCIA In\u00edcio T\u00e9rmino Prof. Dr. Rodrigo Jorge \u2013 Presidente 13\/11\/2023 12\/11\/2025 Prof. Dr. Miguel Angelo Hyppolito \u2013 Vice-Presidente 13\/11\/2023 12\/11\/2025 Representantes dos Professores Titulares In\u00edcio T\u00e9rmino Prof. Dr. Antonio Augusto Velasco e Cruz 13\/11\/2023 [&hellip;]<\/p>\n","protected":false},"author":21994,"featured_media":0,"parent":0,"menu_order":0,"comment_status":"closed","ping_status":"closed","template":"elementor_theme","meta":{"ocean_post_layout":"","ocean_both_sidebars_style":"","ocean_both_sidebars_content_width":0,"ocean_both_sidebars_sidebars_width":0,"ocean_sidebar":"0","ocean_second_sidebar":"0","ocean_disable_margins":"enable","ocean_add_body_class":"","ocean_shortcode_before_top_bar":"","ocean_shortcode_after_top_bar":"","ocean_shortcode_before_header":"","ocean_shortcode_after_header":"","ocean_has_shortcode":"","ocean_shortcode_after_title":"","ocean_shortcode_before_footer_widgets":"","ocean_shortcode_after_footer_widgets":"","ocean_shortcode_before_footer_bottom":"","ocean_shortcode_after_footer_bottom":"","ocean_display_top_bar":"default","ocean_display_header":"default","ocean_header_style":"","ocean_center_header_left_menu":"0","ocean_custom_header_template":"0","ocean_custom_logo":0,"ocean_custom_retina_logo":0,"ocean_custom_logo_max_width":0,"ocean_custom_logo_tablet_max_width":0,"ocean_custom_logo_mobile_max_width":0,"ocean_custom_logo_max_height":0,"ocean_custom_logo_tablet_max_height":0,"ocean_custom_logo_mobile_max_height":0,"ocean_header_custom_menu":"0","ocean_menu_typo_font_family":"0","ocean_menu_typo_font_subset":"","ocean_menu_typo_font_size":0,"ocean_menu_typo_font_size_tablet":0,"ocean_menu_typo_font_size_mobile":0,"ocean_menu_typo_font_size_unit":"px","ocean_menu_typo_font_weight":"","ocean_menu_typo_font_weight_tablet":"","ocean_menu_typo_font_weight_mobile":"","ocean_menu_typo_transform":"","ocean_menu_typo_transform_tablet":"","ocean_menu_typo_transform_mobile":"","ocean_menu_typo_line_height":0,"ocean_menu_typo_line_height_tablet":0,"ocean_menu_typo_line_height_mobile":0,"ocean_menu_typo_line_height_unit":"","ocean_menu_typo_spacing":0,"ocean_menu_typo_spacing_tablet":0,"ocean_menu_typo_spacing_mobile":0,"ocean_menu_typo_spacing_unit":"","ocean_menu_link_color":"","ocean_menu_link_color_hover":"","ocean_menu_link_color_active":"","ocean_menu_link_background":"","ocean_menu_link_hover_background":"","ocean_menu_link_active_background":"","ocean_menu_social_links_bg":"","ocean_menu_social_hover_links_bg":"","ocean_menu_social_links_color":"","ocean_menu_social_hover_links_color":"","ocean_disable_title":"default","ocean_disable_heading":"on","ocean_post_title":"","ocean_post_subheading":"","ocean_post_title_style":"","ocean_post_title_background_color":"","ocean_post_title_background":0,"ocean_post_title_bg_image_position":"","ocean_post_title_bg_image_attachment":"","ocean_post_title_bg_image_repeat":"","ocean_post_title_bg_image_size":"","ocean_post_title_height":0,"ocean_post_title_bg_overlay":0.5,"ocean_post_title_bg_overlay_color":"","ocean_disable_breadcrumbs":"default","ocean_breadcrumbs_color":"","ocean_breadcrumbs_separator_color":"","ocean_breadcrumbs_links_color":"","ocean_breadcrumbs_links_hover_color":"","ocean_display_footer_widgets":"default","ocean_display_footer_bottom":"default","ocean_custom_footer_template":"0","footnotes":"","_links_to":"","_links_to_target":""},"class_list":["post-2069","page","type-page","status-publish","hentry","entry"],"_links":{"self":[{"href":"https:\/\/roo.fmrp.usp.br\/es\/wp-json\/wp\/v2\/pages\/2069","targetHints":{"allow":["GET"]}}],"collection":[{"href":"https:\/\/roo.fmrp.usp.br\/es\/wp-json\/wp\/v2\/pages"}],"about":[{"href":"https:\/\/roo.fmrp.usp.br\/es\/wp-json\/wp\/v2\/types\/page"}],"author":[{"embeddable":true,"href":"https:\/\/roo.fmrp.usp.br\/es\/wp-json\/wp\/v2\/users\/21994"}],"replies":[{"embeddable":true,"href":"https:\/\/roo.fmrp.usp.br\/es\/wp-json\/wp\/v2\/comments?post=2069"}],"version-history":[{"count":4,"href":"https:\/\/roo.fmrp.usp.br\/es\/wp-json\/wp\/v2\/pages\/2069\/revisions"}],"predecessor-version":[{"id":3537,"href":"https:\/\/roo.fmrp.usp.br\/es\/wp-json\/wp\/v2\/pages\/2069\/revisions\/3537"}],"wp:attachment":[{"href":"https:\/\/roo.fmrp.usp.br\/es\/wp-json\/wp\/v2\/media?parent=2069"}],"curies":[{"name":"wp","href":"https:\/\/api.w.org\/{rel}","templated":true}]}}