{"id":2782,"date":"2025-05-07T13:40:27","date_gmt":"2025-05-07T16:40:27","guid":{"rendered":"https:\/\/roo.fmrp.usp.br\/?page_id=2782"},"modified":"2025-10-30T09:01:31","modified_gmt":"2025-10-30T12:01:31","slug":"sobre-o-departamento","status":"publish","type":"page","link":"https:\/\/roo.fmrp.usp.br\/es\/sobre-o-departamento\/","title":{"rendered":"Sobre el Departamento"},"content":{"rendered":"\t\t<div data-elementor-type=\"wp-page\" data-elementor-id=\"2782\" class=\"elementor elementor-2782\" data-elementor-post-type=\"page\">\n\t\t\t\t<div class=\"elementor-element elementor-element-fd862fa e-flex e-con-boxed e-con e-parent\" data-id=\"fd862fa\" data-element_type=\"container\">\n\t\t\t\t\t<div class=\"e-con-inner\">\n\t\t\t\t<div class=\"elementor-element elementor-element-891dddb elementor-widget elementor-widget-heading\" data-id=\"891dddb\" data-element_type=\"widget\" data-widget_type=\"heading.default\">\n\t\t\t\t<div class=\"elementor-widget-container\">\n\t\t\t<h1 class=\"elementor-heading-title elementor-size-default\">Sobre el Departamento<\/h1>\t\t<\/div>\n\t\t\t\t<\/div>\n\t\t\t\t<div class=\"elementor-element elementor-element-7b8ae44 elementor-widget elementor-widget-text-editor\" data-id=\"7b8ae44\" data-element_type=\"widget\" data-widget_type=\"text-editor.default\">\n\t\t\t\t<div class=\"elementor-widget-container\">\n\t\t\t\t\t\t\t<p style=\"text-align: justify;\"><span style=\"font-family: arial, helvetica, sans-serif; font-size: 12pt; color: #000000;\"><\/span><\/p><p><span style=\"font-family: arial, helvetica, sans-serif; font-size: 12pt; color: #000000;\">Fundado por el Prof. Dr. Almiro Pinto Azeredo en 1959, el <b>Departamento de Oftalmolog\u00eda, Otorrinolaringolog\u00eda y Cirug\u00eda de Cabeza y Cuello (ROO)<\/b> de la Facultad de Medicina de Ribeir\u00e3o Preto (FMRP) de la Universidad de S\u00e3o Paulo se encuentra en el Hospital das Cl\u00ednicas de Ribeir\u00e3o Preto y acoge a profesionales de \u00e1reas interdisciplinares desde hace m\u00e1s de 60 a\u00f1os. El Dr. Almiro Azevedo fue designado para oficializar la disciplina de Oftalmolog\u00eda, que al inicio de las actividades de la FMRP se ense\u00f1aba de forma voluntaria en el improvisado Departamento de Oftalmolog\u00eda, que pudo ampliar sus instalaciones en 1961, con equipos e instrumentos quir\u00fargicos adquiridos por el HC y la FMRP con apoyo de la Fundaci\u00f3n Rockefeller.<\/span><\/p><p><span style=\"font-size: 12pt; color: #000000; font-family: arial, helvetica, sans-serif;\">A partir de 1957, se ofrecieron las primeras clases de Otorrinolaringolog\u00eda, inicialmente como curso optativo bajo la responsabilidad del servicio de Endoscopia Peroral y Cirug\u00eda de Tumores de Cara y Cuello, coordinado por el profesor Luiz de G\u00f3es Mascarenhas y apoyado por otros profesores paulistas y voluntarios. No fue hasta 1970 que el Departamento de Otorrinolaringolog\u00eda se desarroll\u00f3 formalmente y se vincul\u00f3 al Departamento de Oftalmolog\u00eda, que pas\u00f3 a denominarse Departamento de Oftalmolog\u00eda y Otorrinolaringolog\u00eda, y posteriormente se traslad\u00f3 a nuevas instalaciones en el nuevo edificio del HCRP en el campus de la USP en 1978, marcando una \u00e9poca de desarrollo y progreso para ambas especialidades. En 1985, con la llegada del Profesor Jos\u00e9 Ant\u00f4nio de Oliveira, la Otorrinolaringolog\u00eda inici\u00f3 una fuerte fase de desarrollo acad\u00e9mico, cient\u00edfico y asistencial.<\/span><\/p><p><span style=\"font-size: 12pt; color: #000000; font-family: arial, helvetica, sans-serif;\">El Profesor Luiz de G\u00f3es Mascarenhas tambi\u00e9n desempe\u00f1\u00f3 un papel importante en el desarrollo de la disciplina de Cirug\u00eda de Cabeza y Cuello, que comenz\u00f3 en 1957 y evolucion\u00f3 constantemente como resultado del conocimiento y las percepciones de la interfaz entre esta especialidad y las \u00e1reas de Otorrinolaringolog\u00eda y Oftalmolog\u00eda. En 2000 la disciplina fue transferida al Departamento de Oftalmolog\u00eda y Otorrinolaringolog\u00eda, convirti\u00e9ndose en el actual Departamento de Oftalmolog\u00eda, Otorrinolaringolog\u00eda y Cirug\u00eda de Cabeza y Cuello &#8211; ROO, incluyendo tambi\u00e9n el curso de Logopedia y Audici\u00f3n en 2003.<\/span><\/p><p><span style=\"font-size: 12pt; color: #000000; font-family: arial, helvetica, sans-serif;\">Actualmente, el Departamento ofrece servicios en todos los niveles asistenciales, formando parte del Sistema \u00danico de Salud (SUS) y actuando en las localidades coordinadas por el Complejo Asistencial HCFMRP\/FMRPUSP\/FAEPA, tales como:<\/span><\/p><ul><li><span style=\"color: #000000; font-family: arial, helvetica, sans-serif; font-size: 12pt;\">Hospital das Cl\u00ednicas da Faculdade de Medicina de Ribeir\u00e3o Preto (HCFMRP);<\/span><\/li><li><span style=\"color: #000000; font-family: arial, helvetica, sans-serif; font-size: 12pt;\">Unidad de Emergencia de la\u00a0HCFMRP;<\/span><\/li><li><span style=\"color: #000000; font-family: arial, helvetica, sans-serif; font-size: 12pt;\">Hospital Estadual de Am\u00e9rico Brasiliense \u2013 HEAB;<\/span><\/li><li><span style=\"color: #000000; font-family: arial, helvetica, sans-serif; font-size: 12pt;\">Hospital Estadual de Ribeir\u00e3o Preto &#8211; HERP;<\/span><\/li><li><span style=\"color: #000000; font-family: arial, helvetica, sans-serif; font-size: 12pt;\">Centro de Sa\u00fade Escola da FMR.<\/span><\/li><\/ul><p><span style=\"color: #000000; font-family: arial, helvetica, sans-serif; font-size: 12pt;\">Adem\u00e1s de la atenci\u00f3n y los servicios de salud, el departamento tambi\u00e9n cuenta con Programas de Residencia M\u00e9dica y Programas de Postgrado Stricto Sensu (Maestr\u00eda y Doctorado), adem\u00e1s de estar presente en programas socioeducativos en el \u00e1rea de la salud, lo que demuestra la importancia de destacarse en diferentes \u00e1reas y contribuir a la producci\u00f3n de conocimiento cient\u00edfico para su aplicaci\u00f3n en la salud.<\/span><\/p><p><span style=\"font-size: 12pt; color: #000000; font-family: arial, helvetica, sans-serif;\">Para saber m\u00e1s sobre la historia del Departamento de Oftalmolog\u00eda, Otorrinolaringolog\u00eda y Cirug\u00eda de Cabeza y Cuello, visite el libro conmemorativo de los 60 a\u00f1os de la ROO, organizado por las profesoras Wilma Terezinha Anselmo Lima y Maria de Lourdes Veronese Rodrigues, haciendo clic <a style=\"color: #000000;\" href=\"https:\/\/70anos.fmrp.usp.br\/wp-content\/uploads\/sites\/1076\/2023\/05\/Livro_Depto_Oftalmologia.pdf\">aqu\u00ed<\/a>.<\/span><\/p><p><span style=\"font-family: arial, helvetica, sans-serif; font-size: 12pt; color: #000000;\"><\/span><\/p>\t\t\t\t\t\t<\/div>\n\t\t\t\t<\/div>\n\t\t\t\t\t<\/div>\n\t\t\t\t<\/div>\n\t\t<div class=\"elementor-element elementor-element-bd2c1f3 e-flex e-con-boxed e-con e-parent\" data-id=\"bd2c1f3\" data-element_type=\"container\">\n\t\t\t\t\t<div class=\"e-con-inner\">\n\t\t\t\t<div class=\"elementor-element elementor-element-fdb100a elementor-widget-divider--view-line elementor-widget elementor-widget-divider\" data-id=\"fdb100a\" data-element_type=\"widget\" data-widget_type=\"divider.default\">\n\t\t\t\t<div class=\"elementor-widget-container\">\n\t\t\t\t\t<div class=\"elementor-divider\">\n\t\t\t<span class=\"elementor-divider-separator\">\n\t\t\t\t\t\t<\/span>\n\t\t<\/div>\n\t\t\t\t<\/div>\n\t\t\t\t<\/div>\n\t\t\t\t\t<\/div>\n\t\t\t\t<\/div>\n\t\t<div class=\"elementor-element elementor-element-e0b3949 e-flex e-con-boxed e-con e-parent\" data-id=\"e0b3949\" data-element_type=\"container\">\n\t\t\t\t\t<div class=\"e-con-inner\">\n\t\t\t\t<div class=\"elementor-element elementor-element-8c9b815 elementor-widget elementor-widget-heading\" data-id=\"8c9b815\" data-element_type=\"widget\" data-widget_type=\"heading.default\">\n\t\t\t\t<div class=\"elementor-widget-container\">\n\t\t\t<h1 class=\"elementor-heading-title elementor-size-default\">Conozca a los gestores del ROO<\/h1>\t\t<\/div>\n\t\t\t\t<\/div>\n\t\t\t\t\t<\/div>\n\t\t\t\t<\/div>\n\t\t<div class=\"elementor-element elementor-element-c74b10d e-flex e-con-boxed e-con e-parent\" data-id=\"c74b10d\" data-element_type=\"container\">\n\t\t\t\t\t<div class=\"e-con-inner\">\n\t\t\t\t<div class=\"elementor-element elementor-element-e4e6824 elementor--h-position-center elementor--v-position-middle elementor-arrows-position-inside elementor-widget elementor-widget-slides\" data-id=\"e4e6824\" data-element_type=\"widget\" data-settings=\"{&quot;navigation&quot;:&quot;arrows&quot;,&quot;autoplay_speed&quot;:8000,&quot;transition_speed&quot;:1500,&quot;autoplay&quot;:&quot;yes&quot;,&quot;pause_on_hover&quot;:&quot;yes&quot;,&quot;transition&quot;:&quot;slide&quot;}\" data-widget_type=\"slides.default\">\n\t\t\t\t<div class=\"elementor-widget-container\">\n\t\t\t\t\t<div class=\"elementor-swiper\">\n\t\t\t<div class=\"elementor-slides-wrapper elementor-main-swiper swiper\" dir=\"ltr\" data-animation=\"fadeInUp\">\n\t\t\t\t<div class=\"swiper-wrapper elementor-slides\">\n\t\t\t\t\t\t\t\t\t\t<div class=\"elementor-repeater-item-5bb520a swiper-slide\"><div class=\"swiper-slide-bg\" role=\"img\"><\/div><div class=\"swiper-slide-inner\" ><div class=\"swiper-slide-contents\"><\/div><\/div><\/div><div class=\"elementor-repeater-item-2952aa6 swiper-slide\"><div class=\"swiper-slide-bg\" role=\"img\"><\/div><div class=\"swiper-slide-inner\" ><div class=\"swiper-slide-contents\"><\/div><\/div><\/div><div class=\"elementor-repeater-item-4c65f8c swiper-slide\"><div class=\"swiper-slide-bg\" role=\"img\"><\/div><div class=\"swiper-slide-inner\" ><div class=\"swiper-slide-contents\"><\/div><\/div><\/div><div class=\"elementor-repeater-item-5cf26e3 swiper-slide\"><div class=\"swiper-slide-bg\" role=\"img\"><\/div><div class=\"swiper-slide-inner\" ><div class=\"swiper-slide-contents\"><\/div><\/div><\/div><div class=\"elementor-repeater-item-72e7173 swiper-slide\"><div class=\"swiper-slide-bg\" role=\"img\"><\/div><div class=\"swiper-slide-inner\" ><div class=\"swiper-slide-contents\"><\/div><\/div><\/div>\t\t\t\t<\/div>\n\t\t\t\t\t\t\t\t\t\t\t\t\t\t\t\t\t\t\t\t<div class=\"elementor-swiper-button elementor-swiper-button-prev\" role=\"button\" tabindex=\"0\">\n\t\t\t\t\t\t\t<svg aria-hidden=\"true\" class=\"e-font-icon-svg e-eicon-chevron-left\" viewBox=\"0 0 1000 1000\" xmlns=\"http:\/\/www.w3.org\/2000\/svg\"><path d=\"M646 125C629 125 613 133 604 142L308 442C296 454 292 471 292 487 292 504 296 521 308 533L604 854C617 867 629 875 646 875 663 875 679 871 692 858 704 846 713 829 713 812 713 796 708 779 692 767L438 487 692 225C700 217 708 204 708 187 708 171 704 154 692 142 675 129 663 125 646 125Z\"><\/path><\/svg>\t\t\t\t\t\t\t<span class=\"elementor-screen-only\">Previous slide<\/span>\n\t\t\t\t\t\t<\/div>\n\t\t\t\t\t\t<div class=\"elementor-swiper-button elementor-swiper-button-next\" role=\"button\" tabindex=\"0\">\n\t\t\t\t\t\t\t<svg aria-hidden=\"true\" class=\"e-font-icon-svg e-eicon-chevron-right\" viewBox=\"0 0 1000 1000\" xmlns=\"http:\/\/www.w3.org\/2000\/svg\"><path d=\"M696 533C708 521 713 504 713 487 713 471 708 454 696 446L400 146C388 133 375 125 354 125 338 125 325 129 313 142 300 154 292 171 292 187 292 204 296 221 308 233L563 492 304 771C292 783 288 800 288 817 288 833 296 850 308 863 321 871 338 875 354 875 371 875 388 867 400 854L696 533Z\"><\/path><\/svg>\t\t\t\t\t\t\t<span class=\"elementor-screen-only\">Next slide<\/span>\n\t\t\t\t\t\t<\/div>\n\t\t\t\t\t\t\t\t\t\t\t\t<\/div>\n\t\t<\/div>\n\t\t\t\t<\/div>\n\t\t\t\t<\/div>\n\t\t\t\t\t<\/div>\n\t\t\t\t<\/div>\n\t\t<div class=\"elementor-element elementor-element-cc488ba e-flex e-con-boxed e-con e-parent\" data-id=\"cc488ba\" data-element_type=\"container\">\n\t\t\t\t\t<div class=\"e-con-inner\">\n\t\t\t\t<div class=\"elementor-element elementor-element-6676879 elementor-widget-divider--view-line elementor-widget elementor-widget-divider\" data-id=\"6676879\" data-element_type=\"widget\" data-widget_type=\"divider.default\">\n\t\t\t\t<div class=\"elementor-widget-container\">\n\t\t\t\t\t<div class=\"elementor-divider\">\n\t\t\t<span class=\"elementor-divider-separator\">\n\t\t\t\t\t\t<\/span>\n\t\t<\/div>\n\t\t\t\t<\/div>\n\t\t\t\t<\/div>\n\t\t\t\t\t<\/div>\n\t\t\t\t<\/div>\n\t\t<div class=\"elementor-element elementor-element-58a2f6d e-flex e-con-boxed e-con e-parent\" data-id=\"58a2f6d\" data-element_type=\"container\">\n\t\t\t\t\t<div class=\"e-con-inner\">\n\t\t\t\t<div class=\"elementor-element elementor-element-d381a4a elementor-widget elementor-widget-heading\" data-id=\"d381a4a\" data-element_type=\"widget\" data-widget_type=\"heading.default\">\n\t\t\t\t<div class=\"elementor-widget-container\">\n\t\t\t<h1 class=\"elementor-heading-title elementor-size-default\">Confira o organograma do departamento!<\/h1>\t\t<\/div>\n\t\t\t\t<\/div>\n\t\t\t\t<div class=\"elementor-element elementor-element-bcf4776 elementor--h-position-center elementor--v-position-middle elementor-arrows-position-inside elementor-pagination-position-inside elementor-widget elementor-widget-slides\" data-id=\"bcf4776\" data-element_type=\"widget\" data-settings=\"{&quot;navigation&quot;:&quot;both&quot;,&quot;autoplay&quot;:&quot;yes&quot;,&quot;pause_on_hover&quot;:&quot;yes&quot;,&quot;pause_on_interaction&quot;:&quot;yes&quot;,&quot;autoplay_speed&quot;:5000,&quot;infinite&quot;:&quot;yes&quot;,&quot;transition&quot;:&quot;slide&quot;,&quot;transition_speed&quot;:500}\" data-widget_type=\"slides.default\">\n\t\t\t\t<div class=\"elementor-widget-container\">\n\t\t\t\t\t<div class=\"elementor-swiper\">\n\t\t\t<div class=\"elementor-slides-wrapper elementor-main-swiper swiper\" dir=\"ltr\" data-animation=\"fadeInUp\">\n\t\t\t\t<div class=\"swiper-wrapper elementor-slides\">\n\t\t\t\t\t\t\t\t\t\t<div class=\"elementor-repeater-item-e315c7d swiper-slide\"><div class=\"swiper-slide-bg\" role=\"img\"><\/div><div class=\"swiper-slide-inner\" ><div class=\"swiper-slide-contents\"><\/div><\/div><\/div>\t\t\t\t<\/div>\n\t\t\t\t\t\t\t<\/div>\n\t\t<\/div>\n\t\t\t\t<\/div>\n\t\t\t\t<\/div>\n\t\t\t\t<div class=\"elementor-element elementor-element-98a74f3 elementor-widget-divider--view-line elementor-widget elementor-widget-divider\" data-id=\"98a74f3\" data-element_type=\"widget\" data-widget_type=\"divider.default\">\n\t\t\t\t<div class=\"elementor-widget-container\">\n\t\t\t\t\t<div class=\"elementor-divider\">\n\t\t\t<span class=\"elementor-divider-separator\">\n\t\t\t\t\t\t<\/span>\n\t\t<\/div>\n\t\t\t\t<\/div>\n\t\t\t\t<\/div>\n\t\t\t\t\t<\/div>\n\t\t\t\t<\/div>\n\t\t<div class=\"elementor-element elementor-element-81ca49f e-flex e-con-boxed e-con e-parent\" data-id=\"81ca49f\" data-element_type=\"container\">\n\t\t\t\t\t<div class=\"e-con-inner\">\n\t\t\t\t<div class=\"elementor-element elementor-element-fee7475 elementor-widget elementor-widget-heading\" data-id=\"fee7475\" data-element_type=\"widget\" data-widget_type=\"heading.default\">\n\t\t\t\t<div class=\"elementor-widget-container\">\n\t\t\t<h1 class=\"elementor-heading-title elementor-size-default\">Localizaci\u00f3n y Contacto<\/h1>\t\t<\/div>\n\t\t\t\t<\/div>\n\t\t\t\t\t<\/div>\n\t\t\t\t<\/div>\n\t\t<div class=\"elementor-element elementor-element-d208793 e-grid e-con-boxed e-con e-parent\" data-id=\"d208793\" data-element_type=\"container\">\n\t\t\t\t\t<div class=\"e-con-inner\">\n\t\t\t\t<div class=\"elementor-element elementor-element-ad6b721 elementor-widget elementor-widget-google_maps\" data-id=\"ad6b721\" data-element_type=\"widget\" data-widget_type=\"google_maps.default\">\n\t\t\t\t<div class=\"elementor-widget-container\">\n\t\t\t\t\t<div class=\"elementor-custom-embed\">\n\t\t\t<iframe loading=\"lazy\"\n\t\t\t\t\tsrc=\"https:\/\/maps.google.com\/maps?q=hospital%20das%20cl%C3%ADnicas%20da%20faculdade%20de%20medicina%20de%20ribeir%C3%A3o%20preto&#038;t=m&#038;z=14&#038;output=embed&#038;iwloc=near\"\n\t\t\t\t\ttitle=\"hospital das cl\u00ednicas da faculdade de medicina de ribeir\u00e3o preto\"\n\t\t\t\t\taria-label=\"hospital das cl\u00ednicas da faculdade de medicina de ribeir\u00e3o preto\"\n\t\t\t><\/iframe>\n\t\t<\/div>\n\t\t\t\t<\/div>\n\t\t\t\t<\/div>\n\t\t\t\t<div class=\"elementor-element elementor-element-be2d458 elementor-widget elementor-widget-text-editor\" data-id=\"be2d458\" data-element_type=\"widget\" data-widget_type=\"text-editor.default\">\n\t\t\t\t<div class=\"elementor-widget-container\">\n\t\t\t\t\t\t\t<p><span style=\"font-size: 18pt;\"><strong><span style=\"font-family: arial, helvetica, sans-serif; color: #000000;\">Informaci\u00f3n de contacto<\/span><\/strong><\/span><\/p><p><span style=\"font-family: arial, helvetica, sans-serif; color: #000000; font-size: 12pt;\"><strong>Tel\u00e9fono:<\/strong>+55 (16) 3602-2523<\/span><\/p><p><span style=\"font-family: arial, helvetica, sans-serif; color: #000000; font-size: 12pt;\"><strong>E-mail:<\/strong> chefia.roo@fmrp.usp.br<\/span><\/p>\t\t\t\t\t\t<\/div>\n\t\t\t\t<\/div>\n\t\t\t\t\t<\/div>\n\t\t\t\t<\/div>\n\t\t\t\t<\/div>\n\t\t","protected":false},"excerpt":{"rendered":"<p>Sobre el Departamento Fundado por el Prof. Dr. Almiro Pinto Azeredo en 1959, el Departamento de Oftalmolog\u00eda, Otorrinolaringolog\u00eda y Cirug\u00eda de Cabeza y Cuello (ROO) de la Facultad de Medicina de Ribeir\u00e3o Preto (FMRP) de la Universidad de S\u00e3o Paulo se encuentra en el Hospital das Cl\u00ednicas de Ribeir\u00e3o Preto y acoge a profesionales de [&hellip;]<\/p>\n","protected":false},"author":24712,"featured_media":0,"parent":0,"menu_order":0,"comment_status":"closed","ping_status":"closed","template":"elementor_theme","meta":{"ocean_post_layout":"","ocean_both_sidebars_style":"","ocean_both_sidebars_content_width":0,"ocean_both_sidebars_sidebars_width":0,"ocean_sidebar":"0","ocean_second_sidebar":"0","ocean_disable_margins":"enable","ocean_add_body_class":"","ocean_shortcode_before_top_bar":"","ocean_shortcode_after_top_bar":"","ocean_shortcode_before_header":"","ocean_shortcode_after_header":"","ocean_has_shortcode":"","ocean_shortcode_after_title":"","ocean_shortcode_before_footer_widgets":"","ocean_shortcode_after_footer_widgets":"","ocean_shortcode_before_footer_bottom":"","ocean_shortcode_after_footer_bottom":"","ocean_display_top_bar":"default","ocean_display_header":"default","ocean_header_style":"","ocean_center_header_left_menu":"0","ocean_custom_header_template":"0","ocean_custom_logo":0,"ocean_custom_retina_logo":0,"ocean_custom_logo_max_width":0,"ocean_custom_logo_tablet_max_width":0,"ocean_custom_logo_mobile_max_width":0,"ocean_custom_logo_max_height":0,"ocean_custom_logo_tablet_max_height":0,"ocean_custom_logo_mobile_max_height":0,"ocean_header_custom_menu":"0","ocean_menu_typo_font_family":"0","ocean_menu_typo_font_subset":"","ocean_menu_typo_font_size":0,"ocean_menu_typo_font_size_tablet":0,"ocean_menu_typo_font_size_mobile":0,"ocean_menu_typo_font_size_unit":"px","ocean_menu_typo_font_weight":"","ocean_menu_typo_font_weight_tablet":"","ocean_menu_typo_font_weight_mobile":"","ocean_menu_typo_transform":"","ocean_menu_typo_transform_tablet":"","ocean_menu_typo_transform_mobile":"","ocean_menu_typo_line_height":0,"ocean_menu_typo_line_height_tablet":0,"ocean_menu_typo_line_height_mobile":0,"ocean_menu_typo_line_height_unit":"","ocean_menu_typo_spacing":0,"ocean_menu_typo_spacing_tablet":0,"ocean_menu_typo_spacing_mobile":0,"ocean_menu_typo_spacing_unit":"","ocean_menu_link_color":"","ocean_menu_link_color_hover":"","ocean_menu_link_color_active":"","ocean_menu_link_background":"","ocean_menu_link_hover_background":"","ocean_menu_link_active_background":"","ocean_menu_social_links_bg":"","ocean_menu_social_hover_links_bg":"","ocean_menu_social_links_color":"","ocean_menu_social_hover_links_color":"","ocean_disable_title":"default","ocean_disable_heading":"on","ocean_post_title":"","ocean_post_subheading":"","ocean_post_title_style":"","ocean_post_title_background_color":"","ocean_post_title_background":0,"ocean_post_title_bg_image_position":"","ocean_post_title_bg_image_attachment":"","ocean_post_title_bg_image_repeat":"","ocean_post_title_bg_image_size":"","ocean_post_title_height":0,"ocean_post_title_bg_overlay":0.5,"ocean_post_title_bg_overlay_color":"","ocean_disable_breadcrumbs":"default","ocean_breadcrumbs_color":"","ocean_breadcrumbs_separator_color":"","ocean_breadcrumbs_links_color":"","ocean_breadcrumbs_links_hover_color":"","ocean_display_footer_widgets":"default","ocean_display_footer_bottom":"default","ocean_custom_footer_template":"0","footnotes":"","_links_to":"","_links_to_target":""},"class_list":["post-2782","page","type-page","status-publish","hentry","entry"],"_links":{"self":[{"href":"https:\/\/roo.fmrp.usp.br\/es\/wp-json\/wp\/v2\/pages\/2782","targetHints":{"allow":["GET"]}}],"collection":[{"href":"https:\/\/roo.fmrp.usp.br\/es\/wp-json\/wp\/v2\/pages"}],"about":[{"href":"https:\/\/roo.fmrp.usp.br\/es\/wp-json\/wp\/v2\/types\/page"}],"author":[{"embeddable":true,"href":"https:\/\/roo.fmrp.usp.br\/es\/wp-json\/wp\/v2\/users\/24712"}],"replies":[{"embeddable":true,"href":"https:\/\/roo.fmrp.usp.br\/es\/wp-json\/wp\/v2\/comments?post=2782"}],"version-history":[{"count":4,"href":"https:\/\/roo.fmrp.usp.br\/es\/wp-json\/wp\/v2\/pages\/2782\/revisions"}],"predecessor-version":[{"id":3835,"href":"https:\/\/roo.fmrp.usp.br\/es\/wp-json\/wp\/v2\/pages\/2782\/revisions\/3835"}],"wp:attachment":[{"href":"https:\/\/roo.fmrp.usp.br\/es\/wp-json\/wp\/v2\/media?parent=2782"}],"curies":[{"name":"wp","href":"https:\/\/api.w.org\/{rel}","templated":true}]}}