{"id":3165,"date":"2025-05-26T08:46:21","date_gmt":"2025-05-26T11:46:21","guid":{"rendered":"https:\/\/roo.fmrp.usp.br\/?page_id=3165"},"modified":"2025-08-13T08:30:11","modified_gmt":"2025-08-13T11:30:11","slug":"sobre-o-programa","status":"publish","type":"page","link":"https:\/\/roo.fmrp.usp.br\/es\/sobre-o-programa\/","title":{"rendered":"(Portugu\u00eas) Sobre o Programa"},"content":{"rendered":"\t\t<div data-elementor-type=\"wp-page\" data-elementor-id=\"3165\" class=\"elementor elementor-3165\" data-elementor-post-type=\"page\">\n\t\t\t\t<div class=\"elementor-element elementor-element-3cc2606 e-flex e-con-boxed e-con e-parent\" data-id=\"3cc2606\" data-element_type=\"container\">\n\t\t\t\t\t<div class=\"e-con-inner\">\n\t\t\t\t<div class=\"elementor-element elementor-element-25bdeb5 elementor-widget elementor-widget-heading\" data-id=\"25bdeb5\" data-element_type=\"widget\" data-widget_type=\"heading.default\">\n\t\t\t\t<div class=\"elementor-widget-container\">\n\t\t\t<h1 class=\"elementor-heading-title elementor-size-default\">Sobre o Programa<\/h1>\t\t<\/div>\n\t\t\t\t<\/div>\n\t\t\t\t<div class=\"elementor-element elementor-element-90c3b6a elementor-widget elementor-widget-text-editor\" data-id=\"90c3b6a\" data-element_type=\"widget\" data-widget_type=\"text-editor.default\">\n\t\t\t\t<div class=\"elementor-widget-container\">\n\t\t\t\t\t\t\t<p><span style=\"font-family: arial, helvetica, sans-serif; font-size: 12pt; color: #000000;\">O <strong>Programa de P\u00f3s-Gradua\u00e7\u00e3o em Oftalmologia, Otorrinolaringologia e Cirurgia de Cabe\u00e7a e Pesco\u00e7o (PPG)<\/strong> da Faculdade de Medicina de Ribeir\u00e3o Preto atua desde 2003 na forma\u00e7\u00e3o de pesquisadores e docentes altamente qualificados por meio da integra\u00e7\u00e3o entre pesquisa cl\u00ednica e experimental, contando com uma avalia\u00e7\u00e3o de conceito 5 pela CAPES no quadrienal 2017-2020.<\/span><\/p><p><span style=\"font-family: arial, helvetica, sans-serif; font-size: 12pt; color: #000000;\">S\u00e3o oferecidos cursos de mestrado acad\u00eamico e doutorado <em>stricto sensu<\/em> entre duas \u00e1reas de concentra\u00e7\u00e3o das linhas de pesquisa: Mecanismos Fisopatol\u00f3gicos dos sistemas Visual e Audiovestibular e Morfofisiologia das Estruturas Faciais. A multidisciplinaridade \u00e9 marcada pelos docentes e discentes do PPG e pode ser observada nas linhas de pesquisa, como mecanismos fisiopatol\u00f3gicos dos sistemas visual e audio-vestibular, estudo anatomo-molecular nas neoplasias de cabe\u00e7a e pesco\u00e7o e estudo antropom\u00e9trico e morfofuncional do complexo c\u00e9rvico-craniofacial, al\u00e9m do corpo de docentes permanentes que \u00e9, majoritariamente, composto por m\u00e9dicos cirurgi\u00f5es oftalmol\u00f3gicos, otorrinolaringol\u00f3gicos e de cabe\u00e7a e pesco\u00e7o, al\u00e9m de gastroenterologista e fonoaudi\u00f3logos e professores internacionais, como a professora Justine Smith da <em>Flinders University<\/em> na Austr\u00e1lia.<\/span><\/p><p><span style=\"font-family: arial, helvetica, sans-serif; font-size: 12pt; color: #000000;\">Ficou interessado? Entre no portal do <a style=\"color: #000000;\" href=\"https:\/\/posroo.fmrp.usp.br\" target=\"_blank\" rel=\"noopener\"><span style=\"color: #3366ff;\">Programa de P\u00f3s Gradua\u00e7\u00e3o em Oftalmologia, Otorrinolaringologia e Cirurgia de Cabe\u00e7a e Pesco\u00e7o<\/span><\/a>\u00a0ou em contato com ppg.fmrpoocp@usp.br saiba mais.<\/span><\/p>\t\t\t\t\t\t<\/div>\n\t\t\t\t<\/div>\n\t\t<div class=\"elementor-element elementor-element-92631d7 e-grid e-con-full e-con e-child\" data-id=\"92631d7\" data-element_type=\"container\">\n\t\t\t\t<div class=\"elementor-element elementor-element-92a5ef4 elementor-headline--style-highlight elementor-widget elementor-widget-animated-headline\" data-id=\"92a5ef4\" data-element_type=\"widget\" data-settings=\"{&quot;highlighted_text&quot;:&quot;PPG&quot;,&quot;headline_style&quot;:&quot;highlight&quot;,&quot;marker&quot;:&quot;circle&quot;,&quot;loop&quot;:&quot;yes&quot;,&quot;highlight_animation_duration&quot;:1200,&quot;highlight_iteration_delay&quot;:8000}\" data-widget_type=\"animated-headline.default\">\n\t\t\t\t<div class=\"elementor-widget-container\">\n\t\t\t\t\t<h3 class=\"elementor-headline\">\n\t\t\t\t\t<span class=\"elementor-headline-plain-text elementor-headline-text-wrapper\">Not\u00edcias do<\/span>\n\t\t\t\t<span class=\"elementor-headline-dynamic-wrapper elementor-headline-text-wrapper\">\n\t\t\t\t\t<span class=\"elementor-headline-dynamic-text elementor-headline-text-active\">PPG<\/span>\n\t\t\t\t<\/span>\n\t\t\t\t\t<span class=\"elementor-headline-plain-text elementor-headline-text-wrapper\">!<\/span>\n\t\t\t\t\t<\/h3>\n\t\t\t\t<\/div>\n\t\t\t\t<\/div>\n\t\t\t\t<div class=\"elementor-element elementor-element-e5282b5 elementor-widget elementor-widget-text-editor\" data-id=\"e5282b5\" data-element_type=\"widget\" data-widget_type=\"text-editor.default\">\n\t\t\t\t<div class=\"elementor-widget-container\">\n\t\t\t\t\t\t\t<p><span style=\"font-family: arial, helvetica, sans-serif; font-size: 12pt;\"><img decoding=\"async\" src=\"https:\/\/jornal.usp.br\/wp-content\/uploads\/2023\/11\/subcanal_curioso-por-ciencia-1-1024x1024.jpg\" alt=\"Curioso por Ci\u00eancia\" \/><\/span><\/p><h2 class=\"single-post-title entry-title\"><a href=\"https:\/\/jornal.usp.br\/podcast\/curioso-por-ciencia-50-acompanhamento-frequente-melhora-diagnostico-precoce-do-glaucoma-revela-estudo\/\"><span style=\"font-family: arial, helvetica, sans-serif; font-size: 12pt;\">Curioso por Ci\u00eancia #50: Acompanhamento frequente melhora diagn\u00f3stico precoce do glaucoma, revela estudo<\/span><\/a><\/h2><blockquote><p><span style=\"font-family: arial, helvetica, sans-serif; font-size: 12pt;\">Os resultados mostraram que pacientes com risco alto e m\u00e9dio de progress\u00e3o devem realizar exames a cada seis meses, enquanto pacientes com menor risco podem faz\u00ea-los anualmente<\/span><\/p><\/blockquote><p><span style=\"font-family: arial, helvetica, sans-serif; font-size: 10pt;\">09 de dezembro de 2024<\/span><\/p>\t\t\t\t\t\t<\/div>\n\t\t\t\t<\/div>\n\t\t\t\t<div class=\"elementor-element elementor-element-26fad95 elementor-widget elementor-widget-text-editor\" data-id=\"26fad95\" data-element_type=\"widget\" data-widget_type=\"text-editor.default\">\n\t\t\t\t<div class=\"elementor-widget-container\">\n\t\t\t\t\t\t\t<p><span style=\"font-family: arial, helvetica, sans-serif; font-size: 12pt;\"><img decoding=\"async\" src=\"https:\/\/jornal.usp.br\/wp-content\/uploads\/2021\/03\/800x420-55.png\" alt=\"oftalmologia\" \/><\/span><\/p><h2 class=\"single-post-title entry-title\"><a href=\"https:\/\/jornal.usp.br\/campus-ribeirao-preto\/oftalmologia-do-hc-busca-mulheres-para-estudo-sobre-doenca-do-olho-seco\/\"><span style=\"font-family: arial, helvetica, sans-serif; font-size: 12pt;\">Oftalmologia do HC busca mulheres para estudo sobre doen\u00e7a do olho seco<\/span><\/a><\/h2><blockquote><p><span style=\"font-family: arial, helvetica, sans-serif; font-size: 12pt;\">Volunt\u00e1rias interessadas devem preencher um formul\u00e1rio at\u00e9 o dia 30 de junho; confira o link<\/span><\/p><\/blockquote><p><span style=\"font-family: arial, helvetica, sans-serif; font-size: 10pt;\">15 de mar\u00e7o de 2023<\/span><\/p>\t\t\t\t\t\t<\/div>\n\t\t\t\t<\/div>\n\t\t\t\t<\/div>\n\t\t\t\t\t<\/div>\n\t\t\t\t<\/div>\n\t\t\t\t<\/div>\n\t\t","protected":false},"excerpt":{"rendered":"<p>Sobre o Programa O Programa de P\u00f3s-Gradua\u00e7\u00e3o em Oftalmologia, Otorrinolaringologia e Cirurgia de Cabe\u00e7a e Pesco\u00e7o (PPG) da Faculdade de Medicina de Ribeir\u00e3o Preto atua desde 2003 na forma\u00e7\u00e3o de pesquisadores e docentes altamente qualificados por meio da integra\u00e7\u00e3o entre pesquisa cl\u00ednica e experimental, contando com uma avalia\u00e7\u00e3o de conceito 5 pela CAPES no quadrienal [&hellip;]<\/p>\n","protected":false},"author":24712,"featured_media":0,"parent":0,"menu_order":0,"comment_status":"closed","ping_status":"closed","template":"elementor_theme","meta":{"ocean_post_layout":"","ocean_both_sidebars_style":"","ocean_both_sidebars_content_width":0,"ocean_both_sidebars_sidebars_width":0,"ocean_sidebar":"0","ocean_second_sidebar":"0","ocean_disable_margins":"enable","ocean_add_body_class":"","ocean_shortcode_before_top_bar":"","ocean_shortcode_after_top_bar":"","ocean_shortcode_before_header":"","ocean_shortcode_after_header":"","ocean_has_shortcode":"","ocean_shortcode_after_title":"","ocean_shortcode_before_footer_widgets":"","ocean_shortcode_after_footer_widgets":"","ocean_shortcode_before_footer_bottom":"","ocean_shortcode_after_footer_bottom":"","ocean_display_top_bar":"default","ocean_display_header":"default","ocean_header_style":"","ocean_center_header_left_menu":"0","ocean_custom_header_template":"0","ocean_custom_logo":0,"ocean_custom_retina_logo":0,"ocean_custom_logo_max_width":0,"ocean_custom_logo_tablet_max_width":0,"ocean_custom_logo_mobile_max_width":0,"ocean_custom_logo_max_height":0,"ocean_custom_logo_tablet_max_height":0,"ocean_custom_logo_mobile_max_height":0,"ocean_header_custom_menu":"0","ocean_menu_typo_font_family":"0","ocean_menu_typo_font_subset":"","ocean_menu_typo_font_size":0,"ocean_menu_typo_font_size_tablet":0,"ocean_menu_typo_font_size_mobile":0,"ocean_menu_typo_font_size_unit":"px","ocean_menu_typo_font_weight":"","ocean_menu_typo_font_weight_tablet":"","ocean_menu_typo_font_weight_mobile":"","ocean_menu_typo_transform":"","ocean_menu_typo_transform_tablet":"","ocean_menu_typo_transform_mobile":"","ocean_menu_typo_line_height":0,"ocean_menu_typo_line_height_tablet":0,"ocean_menu_typo_line_height_mobile":0,"ocean_menu_typo_line_height_unit":"","ocean_menu_typo_spacing":0,"ocean_menu_typo_spacing_tablet":0,"ocean_menu_typo_spacing_mobile":0,"ocean_menu_typo_spacing_unit":"","ocean_menu_link_color":"","ocean_menu_link_color_hover":"","ocean_menu_link_color_active":"","ocean_menu_link_background":"","ocean_menu_link_hover_background":"","ocean_menu_link_active_background":"","ocean_menu_social_links_bg":"","ocean_menu_social_hover_links_bg":"","ocean_menu_social_links_color":"","ocean_menu_social_hover_links_color":"","ocean_disable_title":"default","ocean_disable_heading":"on","ocean_post_title":"","ocean_post_subheading":"","ocean_post_title_style":"","ocean_post_title_background_color":"","ocean_post_title_background":0,"ocean_post_title_bg_image_position":"","ocean_post_title_bg_image_attachment":"","ocean_post_title_bg_image_repeat":"","ocean_post_title_bg_image_size":"","ocean_post_title_height":0,"ocean_post_title_bg_overlay":0.5,"ocean_post_title_bg_overlay_color":"","ocean_disable_breadcrumbs":"default","ocean_breadcrumbs_color":"","ocean_breadcrumbs_separator_color":"","ocean_breadcrumbs_links_color":"","ocean_breadcrumbs_links_hover_color":"","ocean_display_footer_widgets":"default","ocean_display_footer_bottom":"default","ocean_custom_footer_template":"0","footnotes":"","_links_to":"","_links_to_target":""},"class_list":["post-3165","page","type-page","status-publish","hentry","entry"],"_links":{"self":[{"href":"https:\/\/roo.fmrp.usp.br\/es\/wp-json\/wp\/v2\/pages\/3165","targetHints":{"allow":["GET"]}}],"collection":[{"href":"https:\/\/roo.fmrp.usp.br\/es\/wp-json\/wp\/v2\/pages"}],"about":[{"href":"https:\/\/roo.fmrp.usp.br\/es\/wp-json\/wp\/v2\/types\/page"}],"author":[{"embeddable":true,"href":"https:\/\/roo.fmrp.usp.br\/es\/wp-json\/wp\/v2\/users\/24712"}],"replies":[{"embeddable":true,"href":"https:\/\/roo.fmrp.usp.br\/es\/wp-json\/wp\/v2\/comments?post=3165"}],"version-history":[{"count":4,"href":"https:\/\/roo.fmrp.usp.br\/es\/wp-json\/wp\/v2\/pages\/3165\/revisions"}],"predecessor-version":[{"id":3693,"href":"https:\/\/roo.fmrp.usp.br\/es\/wp-json\/wp\/v2\/pages\/3165\/revisions\/3693"}],"wp:attachment":[{"href":"https:\/\/roo.fmrp.usp.br\/es\/wp-json\/wp\/v2\/media?parent=3165"}],"curies":[{"name":"wp","href":"https:\/\/api.w.org\/{rel}","templated":true}]}}