{"id":3721,"date":"2025-08-29T09:03:04","date_gmt":"2025-08-29T12:03:04","guid":{"rendered":"https:\/\/roo.fmrp.usp.br\/?page_id=3721"},"modified":"2025-08-29T09:31:15","modified_gmt":"2025-08-29T12:31:15","slug":"ccp_ensino","status":"publish","type":"page","link":"https:\/\/roo.fmrp.usp.br\/es\/ccp_ensino\/","title":{"rendered":"(Portugu\u00eas) ccp_ensino"},"content":{"rendered":"\t\t<div data-elementor-type=\"wp-page\" data-elementor-id=\"3721\" class=\"elementor elementor-3721\" data-elementor-post-type=\"page\">\n\t\t\t\t<div class=\"elementor-element elementor-element-41c3932e e-flex e-con-boxed e-con e-parent\" data-id=\"41c3932e\" data-element_type=\"container\">\n\t\t\t\t\t<div class=\"e-con-inner\">\n\t\t\t\t<div class=\"elementor-element elementor-element-5a843d6d elementor-widget elementor-widget-heading\" data-id=\"5a843d6d\" data-element_type=\"widget\" data-widget_type=\"heading.default\">\n\t\t\t\t<div class=\"elementor-widget-container\">\n\t\t\t<h1 class=\"elementor-heading-title elementor-size-default\">Ensino, Pesquisa e P\u00f3s-gradua\u00e7\u00e3o<\/h1>\t\t<\/div>\n\t\t\t\t<\/div>\n\t\t\t\t<div class=\"elementor-element elementor-element-7090730c elementor-widget elementor-widget-heading\" data-id=\"7090730c\" data-element_type=\"widget\" data-widget_type=\"heading.default\">\n\t\t\t\t<div class=\"elementor-widget-container\">\n\t\t\t<h2 class=\"elementor-heading-title elementor-size-default\">Divis\u00e3o de Cirurgia de Cabe\u00e7a e Pesco\u00e7o - FMRP-USP<\/h2>\t\t<\/div>\n\t\t\t\t<\/div>\n\t\t\t\t<div class=\"elementor-element elementor-element-3920c852 elementor-widget elementor-widget-heading\" data-id=\"3920c852\" data-element_type=\"widget\" data-widget_type=\"heading.default\">\n\t\t\t\t<div class=\"elementor-widget-container\">\n\t\t\t<h2 class=\"elementor-heading-title elementor-size-default\">Departamento de Oftalmologia, Otorrinolaringologia e Cirurgia de Cabe\u00e7a e Pesco\u00e7o<\/h2>\t\t<\/div>\n\t\t\t\t<\/div>\n\t\t\t\t<div class=\"elementor-element elementor-element-79744739 elementor-widget-divider--view-line elementor-widget elementor-widget-divider\" data-id=\"79744739\" data-element_type=\"widget\" data-widget_type=\"divider.default\">\n\t\t\t\t<div class=\"elementor-widget-container\">\n\t\t\t\t\t<div class=\"elementor-divider\">\n\t\t\t<span class=\"elementor-divider-separator\">\n\t\t\t\t\t\t<\/span>\n\t\t<\/div>\n\t\t\t\t<\/div>\n\t\t\t\t<\/div>\n\t\t\t\t\t<\/div>\n\t\t\t\t<\/div>\n\t\t<div class=\"elementor-element elementor-element-d619b6c e-flex e-con-boxed e-con e-parent\" data-id=\"d619b6c\" data-element_type=\"container\">\n\t\t\t\t\t<div class=\"e-con-inner\">\n\t\t\t\t<div class=\"elementor-element elementor-element-4c5d32c elementor-widget elementor-widget-text-editor\" data-id=\"4c5d32c\" data-element_type=\"widget\" data-widget_type=\"text-editor.default\">\n\t\t\t\t<div class=\"elementor-widget-container\">\n\t\t\t\t\t\t\t<p><span style=\"font-family: arial, helvetica, sans-serif; font-size: 12pt; color: #000000;\">A Divis\u00e3o de Cirurgia de Cabe\u00e7a e Pesco\u00e7o do Hospital das Cl\u00ednicas da Faculdade de Medicina de Ribeir\u00e3o Preto da USP participa ativamente das atividades de <strong>ensino, pesquisa e p\u00f3s-gradua\u00e7\u00e3o<\/strong> do Departamento de Oftalmologia, Otorrinolaringologia e Cirurgia de Cabe\u00e7a e Pesco\u00e7o, contribuindo para a forma\u00e7\u00e3o de estudantes de gradua\u00e7\u00e3o, residentes, especializandos e p\u00f3s-graduandos.<\/span><\/p><p style=\"text-align: center;\"><span style=\"font-size: 18pt;\"><strong><span style=\"font-family: arial, helvetica, sans-serif; color: #000000;\">Gradua\u00e7\u00e3o<\/span><\/strong><\/span><\/p><p><span style=\"font-family: arial, helvetica, sans-serif; font-size: 12pt; color: #000000;\">A Divis\u00e3o integra o curr\u00edculo do curso de Medicina da FMRP-USP, oferecendo disciplinas te\u00f3ricas e pr\u00e1ticas que proporcionam aos alunos contato com a proped\u00eautica, diagn\u00f3stico e tratamento das principais doen\u00e7as da regi\u00e3o c\u00e9rvico-facial, incluindo oncologia, trauma e afec\u00e7\u00f5es benignas.<br \/><\/span><span style=\"font-family: arial, helvetica, sans-serif; font-size: 12pt; color: #000000;\"><span style=\"color: #0000ff;\"><a style=\"color: #0000ff;\" href=\"https:\/\/uspdigital.usp.br\/jupiterweb\/listarGradeCurricular?codcg=17&amp;codcur=17051&amp;codhab=0&amp;tipo=N\">Aqui<\/a> <\/span>voc\u00ea confere as disciplinas ofertadas na gradua\u00e7\u00e3o.<\/span><\/p><p style=\"text-align: center;\"><span style=\"font-size: 18pt;\"><strong><span style=\"font-family: arial, helvetica, sans-serif; color: #000000;\">Resid\u00eancia M\u00e9dica e Est\u00e1gios<\/span><\/strong><\/span><\/p><p><span style=\"font-family: arial, helvetica, sans-serif; font-size: 12pt; color: #000000;\">A Divis\u00e3o \u00e9 respons\u00e1vel pelo Programa de Resid\u00eancia M\u00e9dica em Cirurgia de Cabe\u00e7a e Pesco\u00e7o do HCFMRP-USP, reconhecido nacionalmente pela forma\u00e7\u00e3o de especialistas altamente qualificados. Al\u00e9m disso, oferece est\u00e1gios para residentes de outras institui\u00e7\u00f5es, em conformidade com as normas do Hospital, possibilitando viv\u00eancia pr\u00e1tica em um centro de refer\u00eancia em casos de m\u00e9dia e alta complexidade.<\/span><br \/><span style=\"font-family: arial, helvetica, sans-serif; font-size: 12pt; color: #000000;\">Mais informa\u00e7\u00f5es sobre est\u00e1gios <a href=\"https:\/\/site.hcrp.usp.br\/estagios\/\"><span style=\"color: #0000ff;\">aqui!<\/span><\/a><\/span><\/p><p style=\"text-align: center;\"><span style=\"font-size: 18pt;\"><strong><span style=\"font-family: arial, helvetica, sans-serif; color: #000000;\">P\u00f3s-Gradua\u00e7\u00e3o Stricto Sensu<\/span><\/strong><\/span><\/p><p><span style=\"font-family: arial, helvetica, sans-serif; font-size: 12pt; color: #000000;\">S\u00e3o oferecidos cursos de mestrado acad\u00eamico e doutorado no \u00e2mbito do Programa de P\u00f3s-Gradua\u00e7\u00e3o em Oftalmologia, Otorrinolaringologia e Cirurgia de Cabe\u00e7a e Pesco\u00e7o, com duas principais linhas de pesquisa em: estudo anatomo-molecular nas neoplasias de cabe\u00e7a e pesco\u00e7o; estudo antropom\u00e9trico e morfofuncional do complexo c\u00e9rvico-craniofacial.<br \/><\/span><span style=\"font-family: arial, helvetica, sans-serif; font-size: 12pt; color: #000000;\"><a href=\"https:\/\/posroo.fmrp.usp.br\/disciplinas\"><span style=\"color: #0000ff;\">Aqui<\/span> <\/a>voc\u00ea confere as disciplinas ofertadas na p\u00f3s-gradua\u00e7\u00e3o pela nossa divis\u00e3o.<br \/><\/span><\/p><p><span style=\"font-family: arial, helvetica, sans-serif; font-size: 12pt; color: #000000;\">Mais informa\u00e7\u00f5es podem ser obtidas no <span style=\"color: #0000ff;\"><a style=\"color: #0000ff;\" href=\"https:\/\/posroo.fmrp.usp.br\/\">Portal do Programa de P\u00f3s-Gradua\u00e7\u00e3o<\/a> <\/span>ou pelo e-mail ppg.fmrpoocp@usp.br.<\/span><\/p><p>\u00a0<\/p><p style=\"text-align: left;\"><span style=\"font-family: arial, helvetica, sans-serif; font-size: 12pt; color: #000000;\"><b>Navegue pelo menu abaixo para conhecer mais sobre nossa divis\u00e3o:<\/b><\/span><\/p><ul><li style=\"font-weight: 400;\" aria-level=\"1\"><span style=\"font-family: arial, helvetica, sans-serif; font-size: 12pt; color: #000000;\"><a href=\"https:\/\/roo.fmrp.usp.br\/historia_ccp\/\"><span style=\"font-weight: 400;\">Nossa Hist\u00f3ria<\/span><\/a><\/span><\/li><li style=\"font-weight: 400;\" aria-level=\"1\"><span style=\"font-family: arial, helvetica, sans-serif; font-size: 12pt; color: #000000;\"><a href=\"https:\/\/roo.fmrp.usp.br\/equipe_ccp\/ \u200e\" data-wplink-url-error=\"true\"><span style=\"font-weight: 400;\">Corpo Docente e Equipe Assistencial<\/span><\/a><\/span><\/li><li style=\"font-weight: 400;\" aria-level=\"1\"><span style=\"font-family: arial, helvetica, sans-serif; font-size: 12pt; color: #000000;\"><a href=\"https:\/\/roo.fmrp.usp.br\/resmed_egressos\/\"><span style=\"font-weight: 400;\">Resid\u00eancia M\u00e9dica e Egressos<\/span><\/a><span style=\"font-weight: 400;\"><br \/><\/span><\/span><\/li><li style=\"font-weight: 400;\" aria-level=\"1\"><span style=\"font-family: arial, helvetica, sans-serif; font-size: 12pt; color: #000000;\"><a href=\"https:\/\/roo.fmrp.usp.br\/atividades_ccp\/\"><span style=\"font-weight: 400;\">Atividades Assistenciais e Infraestrutura<\/span><\/a><\/span><\/li><\/ul>\t\t\t\t\t\t<\/div>\n\t\t\t\t<\/div>\n\t\t\t\t\t<\/div>\n\t\t\t\t<\/div>\n\t\t\t\t<\/div>\n\t\t","protected":false},"excerpt":{"rendered":"<p>Ensino, Pesquisa e P\u00f3s-gradua\u00e7\u00e3o Divis\u00e3o de Cirurgia de Cabe\u00e7a e Pesco\u00e7o &#8211; FMRP-USP Departamento de Oftalmologia, Otorrinolaringologia e Cirurgia de Cabe\u00e7a e Pesco\u00e7o A Divis\u00e3o de Cirurgia de Cabe\u00e7a e Pesco\u00e7o do Hospital das Cl\u00ednicas da Faculdade de Medicina de Ribeir\u00e3o Preto da USP participa ativamente das atividades de ensino, pesquisa e p\u00f3s-gradua\u00e7\u00e3o do Departamento [&hellip;]<\/p>\n","protected":false},"author":24712,"featured_media":0,"parent":0,"menu_order":0,"comment_status":"closed","ping_status":"closed","template":"elementor_theme","meta":{"ocean_post_layout":"","ocean_both_sidebars_style":"","ocean_both_sidebars_content_width":0,"ocean_both_sidebars_sidebars_width":0,"ocean_sidebar":"0","ocean_second_sidebar":"0","ocean_disable_margins":"enable","ocean_add_body_class":"","ocean_shortcode_before_top_bar":"","ocean_shortcode_after_top_bar":"","ocean_shortcode_before_header":"","ocean_shortcode_after_header":"","ocean_has_shortcode":"","ocean_shortcode_after_title":"","ocean_shortcode_before_footer_widgets":"","ocean_shortcode_after_footer_widgets":"","ocean_shortcode_before_footer_bottom":"","ocean_shortcode_after_footer_bottom":"","ocean_display_top_bar":"default","ocean_display_header":"default","ocean_header_style":"","ocean_center_header_left_menu":"0","ocean_custom_header_template":"0","ocean_custom_logo":0,"ocean_custom_retina_logo":0,"ocean_custom_logo_max_width":0,"ocean_custom_logo_tablet_max_width":0,"ocean_custom_logo_mobile_max_width":0,"ocean_custom_logo_max_height":0,"ocean_custom_logo_tablet_max_height":0,"ocean_custom_logo_mobile_max_height":0,"ocean_header_custom_menu":"0","ocean_menu_typo_font_family":"0","ocean_menu_typo_font_subset":"","ocean_menu_typo_font_size":0,"ocean_menu_typo_font_size_tablet":0,"ocean_menu_typo_font_size_mobile":0,"ocean_menu_typo_font_size_unit":"px","ocean_menu_typo_font_weight":"","ocean_menu_typo_font_weight_tablet":"","ocean_menu_typo_font_weight_mobile":"","ocean_menu_typo_transform":"","ocean_menu_typo_transform_tablet":"","ocean_menu_typo_transform_mobile":"","ocean_menu_typo_line_height":0,"ocean_menu_typo_line_height_tablet":0,"ocean_menu_typo_line_height_mobile":0,"ocean_menu_typo_line_height_unit":"","ocean_menu_typo_spacing":0,"ocean_menu_typo_spacing_tablet":0,"ocean_menu_typo_spacing_mobile":0,"ocean_menu_typo_spacing_unit":"","ocean_menu_link_color":"","ocean_menu_link_color_hover":"","ocean_menu_link_color_active":"","ocean_menu_link_background":"","ocean_menu_link_hover_background":"","ocean_menu_link_active_background":"","ocean_menu_social_links_bg":"","ocean_menu_social_hover_links_bg":"","ocean_menu_social_links_color":"","ocean_menu_social_hover_links_color":"","ocean_disable_title":"default","ocean_disable_heading":"on","ocean_post_title":"","ocean_post_subheading":"","ocean_post_title_style":"","ocean_post_title_background_color":"","ocean_post_title_background":0,"ocean_post_title_bg_image_position":"","ocean_post_title_bg_image_attachment":"","ocean_post_title_bg_image_repeat":"","ocean_post_title_bg_image_size":"","ocean_post_title_height":0,"ocean_post_title_bg_overlay":0.5,"ocean_post_title_bg_overlay_color":"","ocean_disable_breadcrumbs":"default","ocean_breadcrumbs_color":"","ocean_breadcrumbs_separator_color":"","ocean_breadcrumbs_links_color":"","ocean_breadcrumbs_links_hover_color":"","ocean_display_footer_widgets":"default","ocean_display_footer_bottom":"default","ocean_custom_footer_template":"0","footnotes":"","_links_to":"","_links_to_target":""},"class_list":["post-3721","page","type-page","status-publish","hentry","entry"],"_links":{"self":[{"href":"https:\/\/roo.fmrp.usp.br\/es\/wp-json\/wp\/v2\/pages\/3721","targetHints":{"allow":["GET"]}}],"collection":[{"href":"https:\/\/roo.fmrp.usp.br\/es\/wp-json\/wp\/v2\/pages"}],"about":[{"href":"https:\/\/roo.fmrp.usp.br\/es\/wp-json\/wp\/v2\/types\/page"}],"author":[{"embeddable":true,"href":"https:\/\/roo.fmrp.usp.br\/es\/wp-json\/wp\/v2\/users\/24712"}],"replies":[{"embeddable":true,"href":"https:\/\/roo.fmrp.usp.br\/es\/wp-json\/wp\/v2\/comments?post=3721"}],"version-history":[{"count":4,"href":"https:\/\/roo.fmrp.usp.br\/es\/wp-json\/wp\/v2\/pages\/3721\/revisions"}],"predecessor-version":[{"id":3746,"href":"https:\/\/roo.fmrp.usp.br\/es\/wp-json\/wp\/v2\/pages\/3721\/revisions\/3746"}],"wp:attachment":[{"href":"https:\/\/roo.fmrp.usp.br\/es\/wp-json\/wp\/v2\/media?parent=3721"}],"curies":[{"name":"wp","href":"https:\/\/api.w.org\/{rel}","templated":true}]}}