{"id":506,"date":"2018-06-26T11:08:12","date_gmt":"2018-06-26T14:08:12","guid":{"rendered":"http:\/\/roo.fmrp.usp.br\/?page_id=506"},"modified":"2018-06-26T11:08:12","modified_gmt":"2018-06-26T14:08:12","slug":"egressos","status":"publish","type":"page","link":"https:\/\/roo.fmrp.usp.br\/es\/egressos\/","title":{"rendered":"Graduados"},"content":{"rendered":"<p>ABENOR MOREIRA MINAR\u00c9 FILHO<br \/>\nLocal: Universidade Estadual do Oeste do Paran\u00e1 -Unioeste<\/p>\n<p>ADALBERTO NOVAES SILVA<br \/>\nLocal: Faculdade de Odontologia de Cuiab\u00e1-MT<\/p>\n<p>ADRIANA DE ANDRADE BATISTA MURASHIMA<br \/>\nLocal: FMRP-USP<\/p>\n<p>ADRIANA PEREIRA DEFINA<br \/>\nLocal: HCFMRP-USP<\/p>\n<p>ADRIANO BRAGA<br \/>\nLocal: HCFMRP-USP<\/p>\n<p>ALESSANDRA KERLI S. MANFREDI<br \/>\nLocal: HCFMRP-USP<\/p>\n<p>ALEXANDRE DE FARIA RODRIGUES<br \/>\nLocal: Assistente de ensino volunt\u00e1rio Faculdade de Medicina de Mar\u00edlia -FAMEMA<\/p>\n<p>ALEXANDRE LAGUNA TERRERI<br \/>\nLocal: Especialista Externo &#8211; Departamento de Cirurgia e Traumatologia Buco-Maxilo-Facial e Periodontia da FORP-USP<\/p>\n<p>ALINA SANCHES GON\u00c7ALES<br \/>\nLocal: HCFMRP-USP<\/p>\n<p>ALINE CABRAL DE OLIVEIRA<br \/>\nLocal: Universidade Federal de Sergipe<\/p>\n<p>ALINE PIRES BARBOSA<br \/>\nLocal: HCFMRP-USP<\/p>\n<p>ANA CAROLINA CHICARONI FAGUNDES LIMA<br \/>\nLocal: Prefeitura Municipal de Pirassununga<\/p>\n<p>ANA C\u00c9LIA FARIA &#8211; UNICAMP<br \/>\nLocal: UNICAMP<\/p>\n<p>ANA HELENA BANNWART DELL&#8217;ARINGA<br \/>\nLocal: Faculdade de Medicina de Mar\u00edlia -FAMEMA<\/p>\n<p>ANA PAULA MAGALH\u00c3ES MEDEIROS<br \/>\nLocal: Universidade de Bras\u00edlia<\/p>\n<p>ANDR\u00c9 MARCIO VIEIRA MESSIAS<br \/>\nLocal: FMRP-USP<\/p>\n<p>ANDREIA ARDEVINO E OLIVEIRA<br \/>\nLocal: HCFMRP-USP<\/p>\n<p>ARIANE DAMASCENO PELLICANI<br \/>\nLocal: Professora Efetiva na Universidade Federal de Sergipe<\/p>\n<p>AT\u00cdLIO MAXIMINO FERNANDES<br \/>\nLocal: FAMERP- S\u00e3o Jos\u00e9 do Rio Preto<\/p>\n<p>CARINA GIOVANA PISSINATTI BORGES<br \/>\nLocal: HCFMRP-USP<\/p>\n<p>CAROLINA BROTTO DE AZEVEDO<br \/>\nLocal: Hospital Estadual de Ribeir\u00e3o Preto &#8211; HERP<\/p>\n<p>CAROLINA MARIA M\u00d3DULO<br \/>\nLocal: P\u00f3s-Doutorado FMRP-USP<\/p>\n<p>CL\u00c1UDIA L\u00daCIA PIMENTA FERREIRA<br \/>\nLocal: P\u00f3s-doutorado na Universidade de Mil\u00e3o &#8211; It\u00e1lia<\/p>\n<p>CRISTIANE F. D. GARCIA<br \/>\nLocal: Universidade Federal do Rio de Janeiro<\/p>\n<p>DANIEL HARDY MELO<br \/>\nLocal: Universidade Federal do Cear\u00e1<\/p>\n<p>DANIEL SALGADO K\u00dcPPER<br \/>\nLocal: HCFMRP-USP<\/p>\n<p>DANIELA CAVALCANTI FERRARA DE ALMEIDA CUNHA<br \/>\nLocal: Digital Angiography Reading Center \/ New York, NY, DARC, Estados Unidos.<\/p>\n<p>DANIELA PEREIRA FELIPE CROSTA<br \/>\nLocal: HCFMRP-USP<\/p>\n<p>DAVID LIVINGSTONE A. FIGUEIREDO<br \/>\nLocal: Universidade Estadual do Centro Oeste<\/p>\n<p>DENISE MIYASHITA<br \/>\nLocal: UNOESTE &#8211; Presidente Prudente<\/p>\n<p>DENNY MARCOS GARCIA<br \/>\nLocal: FMRP-USP<\/p>\n<p>EDUARDO RASKIN<br \/>\nLocal: UNICAMP<\/p>\n<p>EDUARDO SOARES MAIA VIEIRA DE SOUZA<br \/>\nLocal: Universidade Federal de Santa Catarina<\/p>\n<p>EDUARDO TANAKA MASSUDA<br \/>\nLocal: FMRP-USP<\/p>\n<p>EDWIN TAMASHIRO<br \/>\nLocal: FMRP-USP<\/p>\n<p>FABIANA CARDOSO PEREIRA VALERA<br \/>\nLocal: FMRP-USP<\/p>\n<p>F\u00c1BIO AUGUSTO WINCKLER RABELO<br \/>\nLocal: Santa Casa de Santos-SP<\/p>\n<p>FELIPE PIACENTINI PAES DE ALMEIDA<br \/>\nLocal: HCFMRP-USP<\/p>\n<p>FERNANDA MARIA DE OLIVEIRA<br \/>\nLocal: Prefeitura Municipal de S\u00e3o Sebasti\u00e3o<\/p>\n<p>FERNANDO PROCIANOY<br \/>\nLocal: Universidade Federal do Rio Grade do Sul<\/p>\n<p>FL\u00c1VIA AUGUSTA ATTI\u00c9 DE CASTRO<br \/>\nLocal: HCFMRP-USP<\/p>\n<p>FL\u00c1VIA LE\u00c3O BARBOSA<br \/>\nLocal: PhD Associate na Baylor College of Medicine<\/p>\n<p>FUAD MORAES IBRAHIM<br \/>\nLocal: Centro Universit\u00e1rio UNIRG<\/p>\n<p>GUILHERME PIETRUCCI BUZATO<br \/>\nLocal: HCFMRP-USP<\/p>\n<p>GUSTAVO C.D. EICHERNBERGER<br \/>\nLocal: HCFMRP-USP<\/p>\n<p>GUSTAVO VIANI ARRUDA<br \/>\nLocal: Faculdade de Medicina de Mar\u00edlia -FAMEMA<\/p>\n<p>HILTON MARCOS ALVES RICZ<br \/>\nLocal: FMRP-USP<\/p>\n<p>IVAN DE PICOLI DANTAS<br \/>\nLocal: Santa Casa de Campinas-SP<\/p>\n<p>JANAINA BUENO DA SILVA<br \/>\nLocal: HEAB-Americo Brasiliense<\/p>\n<p>JEFFERSON A. SANTANA RIBEIRO<br \/>\nLocal: Universidade Estadual do Amazonas<\/p>\n<p>JESS\u00c9 TEIXEIRA DE LIMA J\u00daNIOR<br \/>\nLocal: Funda\u00e7\u00e3o Hospitalar do Distrito Federal<\/p>\n<p>JO\u00c3O MARCELLO FORTES FURTADO<br \/>\nLocal: FMRP-USP<\/p>\n<p>JO\u00c3O PAULO DE MEDEIROS VANDERLEI<br \/>\nLocal: Faculdade de Ci\u00eancias M\u00e9dicas da Para\u00edba<\/p>\n<p>JOS\u00c9 AFONSO RIBEIRO RAMOS FILHO<br \/>\nLocal: HCFMRP-USP<\/p>\n<p>JOS\u00c9 RAPHAEL M. CAMPOS MONTORO<br \/>\nLocal: Faculdade de Medicina de Mar\u00edlia -FAMEMA<\/p>\n<p>JULIANA MARIA SOARES CAVALCANTE<br \/>\nLocal: HCFMRP-USP<\/p>\n<p>LEONARDO BRUNO DE OLIVEIRA<br \/>\nLocal: UFU &#8211; Uberl\u00e2ndia-MG<\/p>\n<p>LICIANE PINELLI VALARELLI<br \/>\nLocal: HCFMRP-USP<\/p>\n<p>LILIAN MIDORI TOMIYOSHI<br \/>\nLocal: FMRP-USP<\/p>\n<p>LIVIA MARANGONI ALFAYA<br \/>\nLocal: FCFRP-USP<\/p>\n<p>LUCIA DANTAS GIGLIO<br \/>\nLocal: FMRP-USP<\/p>\n<p>LUCIANA \u00c1VILA DOS SANTOS<br \/>\nLocal: Corrdenadora do Servi\u00e7o de Fonoaudiologia do Hospital Universit\u00e1rio M\u00e1rio Palm\u00e9rio da Universidade de Uberaba-MG (UNIUBE).<\/p>\n<p>LUCIANA DE MORAIS VICENTE<br \/>\nLocal: HCFMRP-USP<\/p>\n<p>LUIZ ANTONIO GORLA MARCOMINI<br \/>\nLocal: UNESP &#8211; Araraquara<\/p>\n<p>LUIZ CARLOS CONTI DE FREITAS<br \/>\nLocal: FMRP-USP<\/p>\n<p>MARCELA RALIN DE CARVALHO DEDA<br \/>\nLocal: Universidade Federal do Sergipe<\/p>\n<p>MARCELO JORD\u00c3O LOPES DA SILVA<br \/>\nLocal: HCFMRP-USP<\/p>\n<p>MARCO ANTONIO BONINI FILHO<br \/>\nLocal: Universidade Federal do Mato Grosso do Sul<\/p>\n<p>MARIA CAROLINA BRAGA NORTE ESTEVES<br \/>\nLocal: Faculdade de Medicina de Mar\u00edlia -FAMEMA<\/p>\n<p>MARIA LET\u00cdCIA PACCOLA<br \/>\nLocal: HCFMRP-USP<\/p>\n<p>MARIA LUCIA HABIB SIM\u00c3O<br \/>\nLocal: HCMRP-USP<\/p>\n<p>MELISSA NARA C. PICCINATO PIROLA<br \/>\nLocal: Universidade de Bras\u00edlia<\/p>\n<p>MELISSA O. MELCHIOR<br \/>\nLocal: FORP-USP<\/p>\n<p>NEIF HASSAN SALOUM DEGHAIDE<br \/>\nLocal: HCFMRP-USP<\/p>\n<p>PEDRO PAULO VIVACQUA CUNHA CINTRA<br \/>\nLocal: N\u00facleo de Otorrinolaringologia- S\u00e3o Paulo-SP<\/p>\n<p>PRISCILA CRUVINEL VILLA<br \/>\nLocal: Prefeitura Municipal de Serrana<\/p>\n<p>RENATO MARQUES REZENDE<br \/>\nLocal: Prefeitura Municipal de Palmas &#8211; TO<\/p>\n<p>RICARDO CASSIANO DEMARCO<br \/>\nLocal: HCFMRP-USP<\/p>\n<p>RICARDO MIRANDA LESSA<br \/>\nLocal: Centro Universit\u00e1rio Bar\u00e3o de Mau\u00e1 e HCFMRP-USP<\/p>\n<p>RITA CRISTINA SADAKO KUROISHI<br \/>\nLocal: FMRP-USP<\/p>\n<p>ROBERTA MARTINS SILVA COSTA<br \/>\nLocal: FMRP-USP<\/p>\n<p>ROMERO HENRIQUE CARVALHO BERTRAND<br \/>\nLocal: Universidade Federal do Maranh\u00e3o<\/p>\n<p>ROSIMAR COSTA PENIDO<br \/>\nLocal: Universidade Federal do Maranh\u00e3o &#8211; UFMA<\/p>\n<p>SARAH PERILLO DE FARIAS WAMBIER<br \/>\nLocal: Universidade Estadual de Ponta Grossa<\/p>\n<p>SHEILA DE PAULA CECCHETTI<br \/>\nLocal: HCFMRP-USP<\/p>\n<p>SNIZHANA DRAHAN<br \/>\nLocal: Professora de Canto e Regente do Coro da Orquestra Sinf\u00f4nica de Ribeir\u00e3o Preto, OSRP<\/p>\n<p>SUELY MAYUMI MOTONAGA ONOFRI<br \/>\nLocal: Faculdade de Medicina de Mar\u00edlia -FAMEMA<\/p>\n<p>TAIS HELENA GRECHI<br \/>\nLocal: UNAERP-Ribeir\u00e3o Preto e HFCMRP-USP<\/p>\n<p>TARCISO SHIRMBECK<br \/>\nLocal: Escola Superior de Ci\u00eancias da Sa\u00fade (ESCS\/FEPECS) &#8211; Bras\u00edlia- DF<\/p>\n<p>TATIANA DOS SANTOS CICCONE DE FARIA<br \/>\nLocal: Docente de Especializa\u00e7\u00e3o na Escola de Cursos Orion &#8211; Goi\u00e2nia<\/p>\n<p>TATIANA VANNUCCI GARCIA<br \/>\nLocal: Hospital de Base de S\u00e3o Jose do Rio Preto<\/p>\n<p>TELMA KIOKO TAKESHITA MONARETTI<br \/>\nLocal: HCFMRP-USP<\/p>\n<p>THOMAZ JOS\u00c9 MARRA DE AQUINO<br \/>\nLocal: UNICERP &#8211; Centro Universit\u00e1rio do Cerrado Patroc\u00ednio<\/p>\n<p>VANESSA R. COIMBRA RIBEIRO DE MOURA<br \/>\nLocal: UNAERP<\/p>\n<p>WILIAN SILVA QUEIROZ<br \/>\nLocal: HCFMRP-USP<\/p>\n","protected":false},"excerpt":{"rendered":"<p>ABENOR MOREIRA MINAR\u00c9 FILHO Local: Universidade Estadual do Oeste do Paran\u00e1 -Unioeste ADALBERTO NOVAES SILVA Local: Faculdade de Odontologia de Cuiab\u00e1-MT ADRIANA DE ANDRADE BATISTA MURASHIMA Local: FMRP-USP ADRIANA PEREIRA DEFINA Local: HCFMRP-USP ADRIANO BRAGA Local: HCFMRP-USP ALESSANDRA KERLI S. MANFREDI Local: HCFMRP-USP ALEXANDRE DE FARIA RODRIGUES Local: Assistente de ensino volunt\u00e1rio Faculdade de Medicina [&hellip;]<\/p>\n","protected":false},"author":166,"featured_media":0,"parent":0,"menu_order":0,"comment_status":"closed","ping_status":"closed","template":"","meta":{"ocean_post_layout":"","ocean_both_sidebars_style":"","ocean_both_sidebars_content_width":0,"ocean_both_sidebars_sidebars_width":0,"ocean_sidebar":"","ocean_second_sidebar":"","ocean_disable_margins":"enable","ocean_add_body_class":"","ocean_shortcode_before_top_bar":"","ocean_shortcode_after_top_bar":"","ocean_shortcode_before_header":"","ocean_shortcode_after_header":"","ocean_has_shortcode":"","ocean_shortcode_after_title":"","ocean_shortcode_before_footer_widgets":"","ocean_shortcode_after_footer_widgets":"","ocean_shortcode_before_footer_bottom":"","ocean_shortcode_after_footer_bottom":"","ocean_display_top_bar":"default","ocean_display_header":"default","ocean_header_style":"","ocean_center_header_left_menu":"","ocean_custom_header_template":"","ocean_custom_logo":0,"ocean_custom_retina_logo":0,"ocean_custom_logo_max_width":0,"ocean_custom_logo_tablet_max_width":0,"ocean_custom_logo_mobile_max_width":0,"ocean_custom_logo_max_height":0,"ocean_custom_logo_tablet_max_height":0,"ocean_custom_logo_mobile_max_height":0,"ocean_header_custom_menu":"","ocean_menu_typo_font_family":"","ocean_menu_typo_font_subset":"","ocean_menu_typo_font_size":0,"ocean_menu_typo_font_size_tablet":0,"ocean_menu_typo_font_size_mobile":0,"ocean_menu_typo_font_size_unit":"px","ocean_menu_typo_font_weight":"","ocean_menu_typo_font_weight_tablet":"","ocean_menu_typo_font_weight_mobile":"","ocean_menu_typo_transform":"","ocean_menu_typo_transform_tablet":"","ocean_menu_typo_transform_mobile":"","ocean_menu_typo_line_height":0,"ocean_menu_typo_line_height_tablet":0,"ocean_menu_typo_line_height_mobile":0,"ocean_menu_typo_line_height_unit":"","ocean_menu_typo_spacing":0,"ocean_menu_typo_spacing_tablet":0,"ocean_menu_typo_spacing_mobile":0,"ocean_menu_typo_spacing_unit":"","ocean_menu_link_color":"","ocean_menu_link_color_hover":"","ocean_menu_link_color_active":"","ocean_menu_link_background":"","ocean_menu_link_hover_background":"","ocean_menu_link_active_background":"","ocean_menu_social_links_bg":"","ocean_menu_social_hover_links_bg":"","ocean_menu_social_links_color":"","ocean_menu_social_hover_links_color":"","ocean_disable_title":"default","ocean_disable_heading":"default","ocean_post_title":"","ocean_post_subheading":"","ocean_post_title_style":"","ocean_post_title_background_color":"","ocean_post_title_background":0,"ocean_post_title_bg_image_position":"","ocean_post_title_bg_image_attachment":"","ocean_post_title_bg_image_repeat":"","ocean_post_title_bg_image_size":"","ocean_post_title_height":0,"ocean_post_title_bg_overlay":0.5,"ocean_post_title_bg_overlay_color":"","ocean_disable_breadcrumbs":"default","ocean_breadcrumbs_color":"","ocean_breadcrumbs_separator_color":"","ocean_breadcrumbs_links_color":"","ocean_breadcrumbs_links_hover_color":"","ocean_display_footer_widgets":"default","ocean_display_footer_bottom":"default","ocean_custom_footer_template":"","footnotes":"","_links_to":"","_links_to_target":""},"class_list":["post-506","page","type-page","status-publish","hentry","entry"],"_links":{"self":[{"href":"https:\/\/roo.fmrp.usp.br\/es\/wp-json\/wp\/v2\/pages\/506","targetHints":{"allow":["GET"]}}],"collection":[{"href":"https:\/\/roo.fmrp.usp.br\/es\/wp-json\/wp\/v2\/pages"}],"about":[{"href":"https:\/\/roo.fmrp.usp.br\/es\/wp-json\/wp\/v2\/types\/page"}],"author":[{"embeddable":true,"href":"https:\/\/roo.fmrp.usp.br\/es\/wp-json\/wp\/v2\/users\/166"}],"replies":[{"embeddable":true,"href":"https:\/\/roo.fmrp.usp.br\/es\/wp-json\/wp\/v2\/comments?post=506"}],"version-history":[{"count":1,"href":"https:\/\/roo.fmrp.usp.br\/es\/wp-json\/wp\/v2\/pages\/506\/revisions"}],"predecessor-version":[{"id":507,"href":"https:\/\/roo.fmrp.usp.br\/es\/wp-json\/wp\/v2\/pages\/506\/revisions\/507"}],"wp:attachment":[{"href":"https:\/\/roo.fmrp.usp.br\/es\/wp-json\/wp\/v2\/media?parent=506"}],"curies":[{"name":"wp","href":"https:\/\/api.w.org\/{rel}","templated":true}]}}