{"id":508,"date":"2018-06-26T11:10:08","date_gmt":"2018-06-26T14:10:08","guid":{"rendered":"http:\/\/roo.fmrp.usp.br\/?page_id=508"},"modified":"2018-06-26T11:10:35","modified_gmt":"2018-06-26T14:10:35","slug":"patentes","status":"publish","type":"page","link":"https:\/\/roo.fmrp.usp.br\/es\/patentes\/","title":{"rendered":"Patentes"},"content":{"rendered":"<h2>LISTA DE PATENTES DEPOSITADAS E PUBLICADAS NA REVISTA DE PRODU\u00c7\u00c3O INDUSTRIAL<\/h2>\n<h3>1. PROJETO: DISPOSITIVO ADAPT\u00c1VEL AOS ARTICULADORES DENTAIS DOS TIPOS ARCON E N\u00c3O ARCON A FIM DE PERMITIR A MOVIMENTA\u00c7\u00c3O DOS MODELOS NOS SENTIDOS ANTERO-POSTERIOR, LATERO-MEDIAL, VERTICAL E ROTA\u00c7\u00c3O.<\/h3>\n<p><strong>Inventores<\/strong>: Alexandre Laguna Terreri, Francisco Verissimo de Mello Filho<br \/>\n<strong>Processo RUSP<\/strong>\u00a0&#8211; OF. AG. USP Inova\u00e7\u00e3o &#8211; Dep\u00f3sito em 14\/08\/2008<br \/>\nPublicado no Instituto Nacional da Propriedade Industrial-INPI em 18\/05\/2010 n\u00ba PI 0802599-1 A2 &#8211; RPI 2054<br \/>\nPatente Licenciada e sendo produzida pela empresa Abi-Art<\/p>\n<h3>2. PROJETO: DISPOSITIVO COM N\u00cdVEL DE BOLHA PARA POSICIONAMENTO DO MODELO DA ARCADA SUPERIOR NO ARTICULADOR DENT\u00c1RIO E M\u00c9TODO PARA A REALIZA\u00c7\u00c3O DO POSICIONAMENTO DO MODELO DA ARCADA SUPERIOR<\/h3>\n<p><strong>Inventores<\/strong>: Alexandre Laguna Terreri, Francisco Verissimo de Mello Filho<br \/>\n<strong>Processo RUSP<\/strong>\u00a0OF. AG. USP Inova\u00e7\u00e3o \/ 0147 \/ 2011<br \/>\n<strong>Status do Registro e\/ou da Publica\u00e7\u00e3o<\/strong>: publicado no Instituto Nacional da Propriedade Industrial-INPI em 21\/06\/2013 com o n\u00ba 018130021157<\/p>\n<h3>3. PROJETO: ARTICULADORES N\u00c3O ARCON E ARCON COMPREENDENDO MELHORIAS EM SUAS HASTES E PINO INCISAL.<\/h3>\n<p><strong>Inventores<\/strong>: Alexandre Laguna Terreri, Francisco Ver\u00edssimo de Mello Filho<br \/>\n<strong>Processo RUSP<\/strong>\u00a0OF. AG. USP Inova\u00e7\u00e3o\/ 0730 \/ 2011<br \/>\n<strong>N\u00ba do Pedido<\/strong>: MU 9101950-8 U2<br \/>\n<strong>Status do Registro e\/ou da Publica\u00e7\u00e3o<\/strong>: publicado em 13\/08\/2013 na Revista da Propriedade Industrial-RPI n\u00ba 2223<br \/>\nPatente n\u00e3o licenciada, mas sendo produzida pela empresa Abi-Art<\/p>\n<h3>4. PROJETO: SISTEMA INFRA-ORAL COM PLANO INCLINADO PARA PREVEN\u00c7\u00c3O DO RONCO E APNEIA OBSTRUTIVA DO SONO<\/h3>\n<p><strong>Inventores<\/strong>: Alexandre Laguna Terreri e Francisco Ver\u00edssimo de Mello-Filho<br \/>\n<strong>n\u00ba do Pedido:<\/strong>\u00a0BR 20 2013 000979-8 U2 &#8211; 15\/01\/2013<br \/>\nPublicado na Revista da Propriedade Industrial-RPI n\u00ba2284 em 14\/10\/2014<\/p>\n<h3>5. PROJETO: MODELO DE IMPLANTE ORBIT\u00c1RIO INTEGR\u00c1VEL DE POLIMETILMETACRILATO PERFURADO<\/h3>\n<p><strong>Inventores:<\/strong>\u00a0Denise Myiashita e Antonio Augusto Velasco e Cruz<br \/>\nProcesso OF. AG. USP Inova\u00e7\u00e3o \/ 0120 \/ 2012<br \/>\n<strong>N\u00ba do Pedido da Patente:<\/strong>\u00a0BR 10 2012 001751 2<br \/>\n<strong>Status do Registro e\/ou da Publica\u00e7\u00e3o:<\/strong>\u00a0publicado no Instituto Nacional da Propriedade Industrial-INPI em 24\/09\/\/2013 RPI 2229<\/p>\n<h3>6. PROJETO: DISPOSITIVO DE LIBERA\u00c7\u00c3O PROLONGADA DE TALIDOMIDA E USO EM DOEN\u00c7AS OCULARES CAUSADORAS DE NEOVASCULARIZA\u00c7\u00c3O.<\/h3>\n<p><strong>Inventores:\u00a0<\/strong>S\u00edlvia Lig\u00f3rio Fialho, Pedro Alc\u00e2ntara Fonseca de Souza (FUNED), Rodrigo Jorge &#8211; FMRP-USP, Gustavo de Oliveira Fulg\u00eancio, Marcela Cristina Morais de Souza e Armando da Silva Cunha Junior &#8211; FAFAR &#8211; UFMG.<br \/>\n<strong>N\u00ba do Pedido:<\/strong>\u00a0BR 10 2012 009316 2 A2<br \/>\nPrivil\u00e9gio de Inova\u00e7\u00e3o. N\u00famero do registro: PI00931, data de dep\u00f3sito: 20\/04\/2012<br \/>\n<strong>Status do Registro e\/ou da Publica\u00e7\u00e3o:<\/strong>\u00a0publicado no Instituto Nacional da Propriedade Industrial-INPI em 26\/11\/2013 RPI 2238<\/p>\n<h3>7. PROJETO: SISTEMAS BIODEGRAD\u00c1VEIS DE LIBERA\u00c7\u00c3O DE F\u00c1RMACOS PARA APLICA\u00c7\u00c3O NASAL<\/h3>\n<p><strong>Inventores<\/strong>: Armando da Silva Cunha J\u00fanior, Silvia Ligorio Fialho, Andre Coura Perez e Wilma T. Anselmo-Lima<br \/>\n<strong>N\u00ba do Pedido:<\/strong>\u00a0BR 10 2012 020348 0 A2 Depositada em 20\/04\/2012<br \/>\n<strong>Status do Registro e\/ou da Publica\u00e7\u00e3o:\u00a0<\/strong>publicado no Instituto Nacional da Propriedade Industrial-INPI em 16\/12\/2014 RPI 2293<\/p>\n<h3>8. PROJETO: METHOD FOR TREATING AN EYE<\/h3>\n<p><strong>Inventores:<\/strong>\u00a0Florian Gekeler; (Univ. de Tuebingen, Alemanha); Walter G Wrobel (Univ. de Reutlingen, Alemanha); Andre Messias (USP\/RP) US PATENT &amp; TRADEMARK OFFICE<br \/>\n<strong>N\u00famero da publica\u00e7\u00e3o<\/strong>\u00a0US20130066396 A1<br \/>\n<strong>Tipo de publica\u00e7\u00e3o<\/strong>\u00a0&#8211; Requerimento<br \/>\n<strong>N\u00famero do pedido:<\/strong>13\/199.904<br \/>\n<strong>Data de dep\u00f3sito:<\/strong>\u00a012\/09\/2011<br \/>\n<strong>N\u00ba de S\u00e9rie:<\/strong>\u00a0199904<br \/>\n<strong>Data de publica\u00e7\u00e3o:\u00a0<\/strong>14 mar. 2013<\/p>\n","protected":false},"excerpt":{"rendered":"<p>LISTA DE PATENTES DEPOSITADAS E PUBLICADAS NA REVISTA DE PRODU\u00c7\u00c3O INDUSTRIAL 1. PROJETO: DISPOSITIVO ADAPT\u00c1VEL AOS ARTICULADORES DENTAIS DOS TIPOS ARCON E N\u00c3O ARCON A FIM DE PERMITIR A MOVIMENTA\u00c7\u00c3O DOS MODELOS NOS SENTIDOS ANTERO-POSTERIOR, LATERO-MEDIAL, VERTICAL E ROTA\u00c7\u00c3O. Inventores: Alexandre Laguna Terreri, Francisco Verissimo de Mello Filho Processo RUSP\u00a0&#8211; OF. AG. USP Inova\u00e7\u00e3o &#8211; [&hellip;]<\/p>\n","protected":false},"author":166,"featured_media":0,"parent":0,"menu_order":0,"comment_status":"closed","ping_status":"closed","template":"","meta":{"ocean_post_layout":"","ocean_both_sidebars_style":"","ocean_both_sidebars_content_width":0,"ocean_both_sidebars_sidebars_width":0,"ocean_sidebar":"","ocean_second_sidebar":"","ocean_disable_margins":"enable","ocean_add_body_class":"","ocean_shortcode_before_top_bar":"","ocean_shortcode_after_top_bar":"","ocean_shortcode_before_header":"","ocean_shortcode_after_header":"","ocean_has_shortcode":"","ocean_shortcode_after_title":"","ocean_shortcode_before_footer_widgets":"","ocean_shortcode_after_footer_widgets":"","ocean_shortcode_before_footer_bottom":"","ocean_shortcode_after_footer_bottom":"","ocean_display_top_bar":"default","ocean_display_header":"default","ocean_header_style":"","ocean_center_header_left_menu":"","ocean_custom_header_template":"","ocean_custom_logo":0,"ocean_custom_retina_logo":0,"ocean_custom_logo_max_width":0,"ocean_custom_logo_tablet_max_width":0,"ocean_custom_logo_mobile_max_width":0,"ocean_custom_logo_max_height":0,"ocean_custom_logo_tablet_max_height":0,"ocean_custom_logo_mobile_max_height":0,"ocean_header_custom_menu":"","ocean_menu_typo_font_family":"","ocean_menu_typo_font_subset":"","ocean_menu_typo_font_size":0,"ocean_menu_typo_font_size_tablet":0,"ocean_menu_typo_font_size_mobile":0,"ocean_menu_typo_font_size_unit":"px","ocean_menu_typo_font_weight":"","ocean_menu_typo_font_weight_tablet":"","ocean_menu_typo_font_weight_mobile":"","ocean_menu_typo_transform":"","ocean_menu_typo_transform_tablet":"","ocean_menu_typo_transform_mobile":"","ocean_menu_typo_line_height":0,"ocean_menu_typo_line_height_tablet":0,"ocean_menu_typo_line_height_mobile":0,"ocean_menu_typo_line_height_unit":"","ocean_menu_typo_spacing":0,"ocean_menu_typo_spacing_tablet":0,"ocean_menu_typo_spacing_mobile":0,"ocean_menu_typo_spacing_unit":"","ocean_menu_link_color":"","ocean_menu_link_color_hover":"","ocean_menu_link_color_active":"","ocean_menu_link_background":"","ocean_menu_link_hover_background":"","ocean_menu_link_active_background":"","ocean_menu_social_links_bg":"","ocean_menu_social_hover_links_bg":"","ocean_menu_social_links_color":"","ocean_menu_social_hover_links_color":"","ocean_disable_title":"default","ocean_disable_heading":"default","ocean_post_title":"","ocean_post_subheading":"","ocean_post_title_style":"","ocean_post_title_background_color":"","ocean_post_title_background":0,"ocean_post_title_bg_image_position":"","ocean_post_title_bg_image_attachment":"","ocean_post_title_bg_image_repeat":"","ocean_post_title_bg_image_size":"","ocean_post_title_height":0,"ocean_post_title_bg_overlay":0.5,"ocean_post_title_bg_overlay_color":"","ocean_disable_breadcrumbs":"default","ocean_breadcrumbs_color":"","ocean_breadcrumbs_separator_color":"","ocean_breadcrumbs_links_color":"","ocean_breadcrumbs_links_hover_color":"","ocean_display_footer_widgets":"default","ocean_display_footer_bottom":"default","ocean_custom_footer_template":"","footnotes":"","_links_to":"","_links_to_target":""},"class_list":["post-508","page","type-page","status-publish","hentry","entry"],"_links":{"self":[{"href":"https:\/\/roo.fmrp.usp.br\/es\/wp-json\/wp\/v2\/pages\/508","targetHints":{"allow":["GET"]}}],"collection":[{"href":"https:\/\/roo.fmrp.usp.br\/es\/wp-json\/wp\/v2\/pages"}],"about":[{"href":"https:\/\/roo.fmrp.usp.br\/es\/wp-json\/wp\/v2\/types\/page"}],"author":[{"embeddable":true,"href":"https:\/\/roo.fmrp.usp.br\/es\/wp-json\/wp\/v2\/users\/166"}],"replies":[{"embeddable":true,"href":"https:\/\/roo.fmrp.usp.br\/es\/wp-json\/wp\/v2\/comments?post=508"}],"version-history":[{"count":2,"href":"https:\/\/roo.fmrp.usp.br\/es\/wp-json\/wp\/v2\/pages\/508\/revisions"}],"predecessor-version":[{"id":510,"href":"https:\/\/roo.fmrp.usp.br\/es\/wp-json\/wp\/v2\/pages\/508\/revisions\/510"}],"wp:attachment":[{"href":"https:\/\/roo.fmrp.usp.br\/es\/wp-json\/wp\/v2\/media?parent=508"}],"curies":[{"name":"wp","href":"https:\/\/api.w.org\/{rel}","templated":true}]}}